{"id":2504,"date":"2024-04-14T12:10:41","date_gmt":"2024-04-14T10:10:41","guid":{"rendered":"https:\/\/www.hetmanjewelry.com\/?post_type=product&#038;p=2504"},"modified":"2026-02-05T00:33:09","modified_gmt":"2026-02-04T23:33:09","slug":"beza-naszyjnik-z-lancuszkiem-srebro-pozlacane","status":"publish","type":"product","link":"https:\/\/www.hetmanjewelry.com\/pl\/produkt\/beza-naszyjnik-z-lancuszkiem-srebro-pozlacane\/","title":{"rendered":"Beza naszyjnik z \u0142a\u0144cuszkiem srebro poz\u0142acane"},"content":{"rendered":"","protected":false},"excerpt":{"rendered":"<p><strong>Beza Naszyjnik<\/strong><\/p>\n<p>Srebro 925 poz\u0142acane 24-karatowym z\u0142otem<\/p>\n<p>Wymiary zawieszki 1,2 cm x 1 cm<\/p>\n<p>\u0141a\u0144cuszek regulowany 40-45 cm<\/p>\n<p><strong>Zapakowa\u0107 na prezent? Dodaj informacj\u0119 przy sk\u0142adaniu zam\u00f3wienia.<\/strong><\/p>\n<p>Je\u017celi chcesz wys\u0142a\u0107 prezent bezpo\u015brednio pod wskazany adres mo\u017cemy do\u0142\u0105czy\u0107 do prezentu Twoj\u0105 dedykacj\u0119.<\/p>\n","protected":false},"featured_media":2537,"template":"","meta":[],"product_brand":[],"product_cat":[38,45,137,31],"product_tag":[66,46,67,68,69,47],"class_list":{"0":"post-2504","1":"product","2":"type-product","3":"status-publish","4":"has-post-thumbnail","6":"product_cat-polishfood","7":"product_cat-naszyjniki","8":"product_cat-nowosci","9":"product_cat-pozlacane","10":"product_tag-kuchnia-polska","11":"product_tag-naszyjnik","12":"product_tag-pierog","13":"product_tag-pierogi","14":"product_tag-polskie-jedzenie","15":"product_tag-zawieszka","17":"first","18":"instock","19":"featured","20":"taxable","21":"shipping-taxable","22":"purchasable","23":"product-type-simple"},"jetpack_sharing_enabled":true,"_links":{"self":[{"href":"https:\/\/www.hetmanjewelry.com\/pl\/wp-json\/wp\/v2\/product\/2504","targetHints":{"allow":["GET"]}}],"collection":[{"href":"https:\/\/www.hetmanjewelry.com\/pl\/wp-json\/wp\/v2\/product"}],"about":[{"href":"https:\/\/www.hetmanjewelry.com\/pl\/wp-json\/wp\/v2\/types\/product"}],"wp:featuredmedia":[{"embeddable":true,"href":"https:\/\/www.hetmanjewelry.com\/pl\/wp-json\/wp\/v2\/media\/2537"}],"wp:attachment":[{"href":"https:\/\/www.hetmanjewelry.com\/pl\/wp-json\/wp\/v2\/media?parent=2504"}],"wp:term":[{"taxonomy":"product_brand","embeddable":true,"href":"https:\/\/www.hetmanjewelry.com\/pl\/wp-json\/wp\/v2\/product_brand?post=2504"},{"taxonomy":"product_cat","embeddable":true,"href":"https:\/\/www.hetmanjewelry.com\/pl\/wp-json\/wp\/v2\/product_cat?post=2504"},{"taxonomy":"product_tag","embeddable":true,"href":"https:\/\/www.hetmanjewelry.com\/pl\/wp-json\/wp\/v2\/product_tag?post=2504"}],"curies":[{"name":"wp","href":"https:\/\/api.w.org\/{rel}","templated":true}]}}