{"id":2498,"date":"2024-04-14T12:10:11","date_gmt":"2024-04-14T10:10:11","guid":{"rendered":"https:\/\/www.hetmanjewelry.com\/?post_type=product&#038;p=2498"},"modified":"2025-12-16T23:25:55","modified_gmt":"2025-12-16T22:25:55","slug":"oscypki-kolczyki-wiszace-duze-ii","status":"publish","type":"product","link":"https:\/\/www.hetmanjewelry.com\/pl\/produkt\/oscypki-kolczyki-wiszace-duze-ii\/","title":{"rendered":"Oscypki kolczyki wisz\u0105ce du\u017ce II"},"content":{"rendered":"","protected":false},"excerpt":{"rendered":"<p><strong>Oscypki Kolczyki Wisz\u0105ce du\u017ce<\/strong><\/p>\n<p>Srebro 925 lub srebro poz\u0142acane 24-karatowym z\u0142otem<\/p>\n<p>Wersja do wyboru<\/p>\n<p>&nbsp;<\/p>\n<p><strong>Zapakowa\u0107 na prezent? Dodaj informacj\u0119 przy sk\u0142adaniu zam\u00f3wienia.<\/strong><\/p>\n<p>Je\u017celi chcesz wys\u0142a\u0107 prezent bezpo\u015brednio pod wskazany adres mo\u017cemy do\u0142\u0105czy\u0107 do prezentu Twoj\u0105 dedykacj\u0119.<\/p>\n","protected":false},"featured_media":2536,"template":"","meta":[],"product_brand":[],"product_cat":[38,30,137,88,31],"product_tag":[66,46,67,68,69,47],"class_list":{"0":"post-2498","1":"product","2":"type-product","3":"status-publish","4":"has-post-thumbnail","6":"product_cat-polishfood","7":"product_cat-kolczyki","8":"product_cat-nowosci","9":"product_cat-oscypki","10":"product_cat-pozlacane","11":"product_tag-kuchnia-polska","12":"product_tag-naszyjnik","13":"product_tag-pierog","14":"product_tag-pierogi","15":"product_tag-polskie-jedzenie","16":"product_tag-zawieszka","18":"first","19":"instock","20":"featured","21":"taxable","22":"shipping-taxable","23":"purchasable","24":"product-type-variable","25":"has-default-attributes"},"jetpack_sharing_enabled":true,"_links":{"self":[{"href":"https:\/\/www.hetmanjewelry.com\/pl\/wp-json\/wp\/v2\/product\/2498","targetHints":{"allow":["GET"]}}],"collection":[{"href":"https:\/\/www.hetmanjewelry.com\/pl\/wp-json\/wp\/v2\/product"}],"about":[{"href":"https:\/\/www.hetmanjewelry.com\/pl\/wp-json\/wp\/v2\/types\/product"}],"wp:featuredmedia":[{"embeddable":true,"href":"https:\/\/www.hetmanjewelry.com\/pl\/wp-json\/wp\/v2\/media\/2536"}],"wp:attachment":[{"href":"https:\/\/www.hetmanjewelry.com\/pl\/wp-json\/wp\/v2\/media?parent=2498"}],"wp:term":[{"taxonomy":"product_brand","embeddable":true,"href":"https:\/\/www.hetmanjewelry.com\/pl\/wp-json\/wp\/v2\/product_brand?post=2498"},{"taxonomy":"product_cat","embeddable":true,"href":"https:\/\/www.hetmanjewelry.com\/pl\/wp-json\/wp\/v2\/product_cat?post=2498"},{"taxonomy":"product_tag","embeddable":true,"href":"https:\/\/www.hetmanjewelry.com\/pl\/wp-json\/wp\/v2\/product_tag?post=2498"}],"curies":[{"name":"wp","href":"https:\/\/api.w.org\/{rel}","templated":true}]}}