{"id":2418,"date":"2024-04-14T11:41:40","date_gmt":"2024-04-14T09:41:40","guid":{"rendered":"https:\/\/www.hetmanjewelry.com\/?post_type=product&#038;p=2418"},"modified":"2026-02-25T21:25:45","modified_gmt":"2026-02-25T20:25:45","slug":"rogalik-sw-marcina-naszyjnik-na-rzemieniu","status":"publish","type":"product","link":"https:\/\/www.hetmanjewelry.com\/pl\/produkt\/rogalik-sw-marcina-naszyjnik-na-rzemieniu\/","title":{"rendered":"Rogalik \u015aw. Marcina naszyjnik na rzemieniu"},"content":{"rendered":"","protected":false},"excerpt":{"rendered":"<p>Wymiary zawieszki 1,5 cm<\/p>\n<p>Rzemie\u0144 z zapi\u0119ciem ze srebra.<\/p>\n<p>D\u0142ugo\u015b\u0107 do wyboru: 50 cm, 55 cm, 60 cm lub inna.<\/p>\n<p>Najcz\u0119\u015bciej wybierany rozmiar to 55 cm i 60 cm.<\/p>\n<p>Prosimy o wpisanie wybranego rozmiaru w szczeg\u00f3\u0142ach zam\u00f3wienia w koszyku.<\/p>\n<p class=\"p1\"><strong><span class=\"s1\">G\u0142odni dizajnu, ludzie humoru i dystansu, gotuj\u0105cy i jedz\u0105cy, cz\u0119stujcie i (ob)no\u015bcie si\u0119 tym co najlepsze!\u00a0<\/span><\/strong><\/p>\n<p><strong>Zapakowa\u0107 na prezent? Dodaj informacj\u0119 przy sk\u0142adaniu zam\u00f3wienia.<\/strong><\/p>\n<p>Je\u017celi chcesz wys\u0142a\u0107 prezent bezpo\u015brednio pod wskazany adres mo\u017cemy do\u0142\u0105czy\u0107 do prezentu Twoj\u0105 dedykacj\u0119.<\/p>\n","protected":false},"featured_media":2476,"template":"","meta":[],"product_brand":[],"product_cat":[84],"product_tag":[66,46,67,68,69,47],"class_list":{"0":"post-2418","1":"product","2":"type-product","3":"status-publish","4":"has-post-thumbnail","6":"product_cat-dla-niego","7":"product_tag-kuchnia-polska","8":"product_tag-naszyjnik","9":"product_tag-pierog","10":"product_tag-pierogi","11":"product_tag-polskie-jedzenie","12":"product_tag-zawieszka","14":"first","15":"instock","16":"featured","17":"taxable","18":"shipping-taxable","19":"purchasable","20":"product-type-simple"},"jetpack_sharing_enabled":true,"_links":{"self":[{"href":"https:\/\/www.hetmanjewelry.com\/pl\/wp-json\/wp\/v2\/product\/2418","targetHints":{"allow":["GET"]}}],"collection":[{"href":"https:\/\/www.hetmanjewelry.com\/pl\/wp-json\/wp\/v2\/product"}],"about":[{"href":"https:\/\/www.hetmanjewelry.com\/pl\/wp-json\/wp\/v2\/types\/product"}],"wp:featuredmedia":[{"embeddable":true,"href":"https:\/\/www.hetmanjewelry.com\/pl\/wp-json\/wp\/v2\/media\/2476"}],"wp:attachment":[{"href":"https:\/\/www.hetmanjewelry.com\/pl\/wp-json\/wp\/v2\/media?parent=2418"}],"wp:term":[{"taxonomy":"product_brand","embeddable":true,"href":"https:\/\/www.hetmanjewelry.com\/pl\/wp-json\/wp\/v2\/product_brand?post=2418"},{"taxonomy":"product_cat","embeddable":true,"href":"https:\/\/www.hetmanjewelry.com\/pl\/wp-json\/wp\/v2\/product_cat?post=2418"},{"taxonomy":"product_tag","embeddable":true,"href":"https:\/\/www.hetmanjewelry.com\/pl\/wp-json\/wp\/v2\/product_tag?post=2418"}],"curies":[{"name":"wp","href":"https:\/\/api.w.org\/{rel}","templated":true}]}}