{"id":2398,"date":"2024-04-14T11:40:28","date_gmt":"2024-04-14T09:40:28","guid":{"rendered":"https:\/\/www.hetmanjewelry.com\/?post_type=product&#038;p=2398"},"modified":"2025-11-07T22:33:40","modified_gmt":"2025-11-07T21:33:40","slug":"obwarzanek-bransoletka-na-sznureczku","status":"publish","type":"product","link":"https:\/\/www.hetmanjewelry.com\/pl\/produkt\/obwarzanek-bransoletka-na-sznureczku\/","title":{"rendered":"Obwarzanek bransoletka na sznureczku"},"content":{"rendered":"","protected":false},"excerpt":{"rendered":"<p><strong>Obwarzanek bransoletka na sznureczku<\/strong><\/p>\n<p>Srebrne zapi\u0119cie z regulowan\u0105 srebrn\u0105 przed\u0142u\u017ck\u0105 rozmiar od 14- 17 cm (mo\u017cemy wykona\u0107 d\u0142u\u017csz\u0105 przed\u0142u\u017ck\u0119)<\/p>\n<p>Srebro 925<\/p>\n<p><strong>Kolory sznureczk\u00f3w do wyboru:<\/strong><\/p>\n<p><strong>Czarny, czerwony, niebieski, mi\u0119towy, r\u00f3\u017cowy, oliwkowy <\/strong>&#8211; kolory do wyboru s\u0105 dost\u0119pne na drugim zdj\u0119ciu<\/p>\n<p>Prosimy o podanie koloru bransoletki w szczeg\u00f3\u0142ach zam\u00f3wienia.<\/p>\n<p>&nbsp;<\/p>\n<p><strong>Zapakowa\u0107 na prezent? Dodaj informacj\u0119 przy sk\u0142adaniu zam\u00f3wienia.<\/strong><\/p>\n<p>Je\u017celi chcesz wys\u0142a\u0107 prezent bezpo\u015brednio pod wskazany adres mo\u017cemy do\u0142\u0105czy\u0107 do prezentu Twoj\u0105 dedykacj\u0119.<\/p>\n","protected":false},"featured_media":2437,"template":"","meta":[],"product_brand":[],"product_cat":[38,136,90],"product_tag":[],"class_list":{"0":"post-2398","1":"product","2":"type-product","3":"status-publish","4":"has-post-thumbnail","6":"product_cat-polishfood","7":"product_cat-bransoletki","8":"product_cat-obwarzanki","10":"first","11":"instock","12":"taxable","13":"shipping-taxable","14":"purchasable","15":"product-type-simple"},"jetpack_sharing_enabled":true,"_links":{"self":[{"href":"https:\/\/www.hetmanjewelry.com\/pl\/wp-json\/wp\/v2\/product\/2398","targetHints":{"allow":["GET"]}}],"collection":[{"href":"https:\/\/www.hetmanjewelry.com\/pl\/wp-json\/wp\/v2\/product"}],"about":[{"href":"https:\/\/www.hetmanjewelry.com\/pl\/wp-json\/wp\/v2\/types\/product"}],"wp:featuredmedia":[{"embeddable":true,"href":"https:\/\/www.hetmanjewelry.com\/pl\/wp-json\/wp\/v2\/media\/2437"}],"wp:attachment":[{"href":"https:\/\/www.hetmanjewelry.com\/pl\/wp-json\/wp\/v2\/media?parent=2398"}],"wp:term":[{"taxonomy":"product_brand","embeddable":true,"href":"https:\/\/www.hetmanjewelry.com\/pl\/wp-json\/wp\/v2\/product_brand?post=2398"},{"taxonomy":"product_cat","embeddable":true,"href":"https:\/\/www.hetmanjewelry.com\/pl\/wp-json\/wp\/v2\/product_cat?post=2398"},{"taxonomy":"product_tag","embeddable":true,"href":"https:\/\/www.hetmanjewelry.com\/pl\/wp-json\/wp\/v2\/product_tag?post=2398"}],"curies":[{"name":"wp","href":"https:\/\/api.w.org\/{rel}","templated":true}]}}