{"id":2377,"date":"2024-04-14T11:40:19","date_gmt":"2024-04-14T09:40:19","guid":{"rendered":"https:\/\/www.hetmanjewelry.com\/?post_type=product&#038;p=2377"},"modified":"2026-03-31T19:16:42","modified_gmt":"2026-03-31T17:16:42","slug":"kluska-slaska-pierscionek-duzy-mosiadz-pozlacany","status":"publish","type":"product","link":"https:\/\/www.hetmanjewelry.com\/pl\/produkt\/kluska-slaska-pierscionek-duzy-mosiadz-pozlacany\/","title":{"rendered":"Kluska \u015al\u0105ska pier\u015bcionek du\u017cy mosi\u0105dz poz\u0142acany"},"content":{"rendered":"","protected":false},"excerpt":{"rendered":"<p><strong>Kluska \u015al\u0105ska pier\u015bcionek du\u017cy<\/strong><\/p>\n<p>Mosi\u0105dz poz\u0142acany 24-karatowym z\u0142otem<\/p>\n<p>W niedziel\u0119 obowi\u0105zuj\u0105 tylko te zasady: <strong>gniu\u015b, kula\u0107, warzi\u0107<\/strong> !<\/p>\n<p><strong>Kluska \u015al\u0105ska<\/strong> to ho\u0142d dla niedzielnego obiadu. Bi\u017cuteria dla tych co kochaj\u0105 gotowa\u0107 oraz dla tych co w kuchni niekoniecznie czuj\u0105 si\u0119 jak kluska w wodzie, ale na pewno <strong>kochaj\u0105 je\u015b\u0107<\/strong>! Kluska \u015al\u0105ska to zdecydowanie najsmakowitszy dodatek w ka\u017cdej stylizacji!<\/p>\n<p>Pier\u015bcionek dost\u0119pny w dw\u00f3ch rozmiarach w wersji fit i na t\u0142usto.<\/p>\n<p>R\u0119cznie kulane.<\/p>\n<p>Bezt\u0142uszczowe.<\/p>\n<p>100% wega\u0144skie.<\/p>\n<p><strong>Zapakowa\u0107 na prezent? Dodaj informacj\u0119 przy sk\u0142adaniu zam\u00f3wienia.<\/strong><\/p>\n<p>Je\u017celi chcesz wys\u0142a\u0107 prezent bezpo\u015brednio pod wskazany adres mo\u017cemy do\u0142\u0105czy\u0107 do prezentu Twoj\u0105 dedykacj\u0119.<\/p>\n<p>&nbsp;<\/p>\n<p><strong>Produkt wykonywany na zam\u00f3wienie<\/strong><\/p>\n<p><strong>Termin realizacji do 14 dni roboczych.\u00a0<\/strong><\/p>\n<p><strong>Rozmiar pier\u015bcionka dodaj w polu &#8222;uwagi do zam\u00f3wienia&#8221; przy sk\u0142adaniu zam\u00f3wienia.<\/strong><\/p>\n<p><strong>Tutaj mo\u017cesz sprawdzi\u0107 tabel\u0119 rozmiar\u00f3w pier\u015bcionk\u00f3w\u00a0<a href=\"https:\/\/www.hetmanjewelry.com\/tabela-rozmiarow\/\">TABELA ROZMIAR\u00d3W<\/a><\/strong><\/p>\n","protected":false},"featured_media":1835,"template":"","meta":[],"product_brand":[],"product_cat":[38,40,61,31,33],"product_tag":[41,42,66,67,68,62,69,35,36],"class_list":{"0":"post-2377","1":"product","2":"type-product","3":"status-publish","4":"has-post-thumbnail","6":"product_cat-polishfood","7":"product_cat-kluski-slaskie","8":"product_cat-pierscionki","9":"product_cat-pozlacane","10":"product_cat-slaskie","11":"product_tag-kluska-slaska","12":"product_tag-kluski-slaskie","13":"product_tag-kuchnia-polska","14":"product_tag-pierog","15":"product_tag-pierogi","16":"product_tag-pierscionek","17":"product_tag-polskie-jedzenie","18":"product_tag-slask","19":"product_tag-slaska","21":"first","22":"instock","23":"taxable","24":"shipping-taxable","25":"purchasable","26":"product-type-variable"},"jetpack_sharing_enabled":true,"_links":{"self":[{"href":"https:\/\/www.hetmanjewelry.com\/pl\/wp-json\/wp\/v2\/product\/2377","targetHints":{"allow":["GET"]}}],"collection":[{"href":"https:\/\/www.hetmanjewelry.com\/pl\/wp-json\/wp\/v2\/product"}],"about":[{"href":"https:\/\/www.hetmanjewelry.com\/pl\/wp-json\/wp\/v2\/types\/product"}],"wp:featuredmedia":[{"embeddable":true,"href":"https:\/\/www.hetmanjewelry.com\/pl\/wp-json\/wp\/v2\/media\/1835"}],"wp:attachment":[{"href":"https:\/\/www.hetmanjewelry.com\/pl\/wp-json\/wp\/v2\/media?parent=2377"}],"wp:term":[{"taxonomy":"product_brand","embeddable":true,"href":"https:\/\/www.hetmanjewelry.com\/pl\/wp-json\/wp\/v2\/product_brand?post=2377"},{"taxonomy":"product_cat","embeddable":true,"href":"https:\/\/www.hetmanjewelry.com\/pl\/wp-json\/wp\/v2\/product_cat?post=2377"},{"taxonomy":"product_tag","embeddable":true,"href":"https:\/\/www.hetmanjewelry.com\/pl\/wp-json\/wp\/v2\/product_tag?post=2377"}],"curies":[{"name":"wp","href":"https:\/\/api.w.org\/{rel}","templated":true}]}}