{"id":2342,"date":"2024-04-14T11:38:46","date_gmt":"2024-04-14T09:38:46","guid":{"rendered":"https:\/\/www.hetmanjewelry.com\/?post_type=product&#038;p=2342"},"modified":"2025-12-17T13:29:04","modified_gmt":"2025-12-17T12:29:04","slug":"pierog-pierscionek-duzy-srebro","status":"publish","type":"product","link":"https:\/\/www.hetmanjewelry.com\/pl\/produkt\/pierog-pierscionek-duzy-srebro\/","title":{"rendered":"Pier\u00f3g pier\u015bcionek du\u017cy srebro"},"content":{"rendered":"","protected":false},"excerpt":{"rendered":"<p><strong>Pier\u015bcionek Pier\u00f3g Du\u017cy<\/strong><\/p>\n<p>Srebro 925<\/p>\n<p class=\"p1\"><span class=\"s1\">Gotowane, pieczone, sma\u017cone, grillowane. O kszta\u0142tach sto\u017cka, sakiewki, tr\u00f3jk\u0105ta i p\u00f3\u0142kr\u0105\u017cka. <\/span><span class=\"s1\">Od male\u0144kich uszek, a\u017c po olbrzymie pojedyncze. Nadziewane na s\u0142odko lub na s\u0142ono. Wyst\u0119puj\u0105ce pod r\u00f3\u017cn\u0105 postaci\u0105 o licznych odmianach regionalnych. Uznawane za tradycyjn\u0105 potraw\u0119 staropolsk\u0105. Podstawa zdania \u201eale najlepsze to robi\u2026\u201d <\/span><\/p>\n<p class=\"p1\"><span class=\"s1\">&lt;fanfary&gt;. <\/span><\/p>\n<p class=\"p1\"><span class=\"s1\">Oto one! Pierogi idealne!<\/span><\/p>\n<p class=\"p1\"><strong><span class=\"s1\">G\u0142odni dizajnu, ludzie humoru i dystansu, gotuj\u0105cy i jedz\u0105cy, cz\u0119stujcie i (ob)no\u015bcie si\u0119 tym co najlepsze!\u00a0<\/span><\/strong><\/p>\n<p><strong>Zapakowa\u0107 na prezent? Dodaj informacj\u0119 przy sk\u0142adaniu zam\u00f3wienia.<\/strong><\/p>\n<p>Je\u017celi chcesz wys\u0142a\u0107 prezent bezpo\u015brednio pod wskazany adres mo\u017cemy do\u0142\u0105czy\u0107 do prezentu Twoj\u0105 dedykacj\u0119.<\/p>\n<p class=\"p1\"><strong><span class=\"s1\">Smacznego!<\/span><\/strong><\/p>\n<p><strong>W przypadku informacji: <\/strong><\/p>\n<p><strong>Produkt na zam\u00f3wienie \u2013 realizacja w ci\u0105gu 14 dni roboczych<\/strong><\/p>\n<p><strong>Tutaj mo\u017cesz sprawdzi\u0107 tabel\u0119 rozmiar\u00f3w pier\u015bcionk\u00f3w\u00a0<a href=\"https:\/\/www.hetmanjewelry.com\/tabela-rozmiarow\/\">TABELA ROZMIAR\u00d3W<\/a><\/strong><\/p>\n","protected":false},"featured_media":1848,"template":"","meta":[],"product_brand":[],"product_cat":[38,83,61],"product_tag":[66,67,68,62,69],"class_list":{"0":"post-2342","1":"product","2":"type-product","3":"status-publish","4":"has-post-thumbnail","6":"product_cat-polishfood","7":"product_cat-pierogi","8":"product_cat-pierscionki","9":"product_tag-kuchnia-polska","10":"product_tag-pierog","11":"product_tag-pierogi","12":"product_tag-pierscionek","13":"product_tag-polskie-jedzenie","15":"first","16":"instock","17":"taxable","18":"shipping-taxable","19":"purchasable","20":"product-type-variable"},"jetpack_sharing_enabled":true,"_links":{"self":[{"href":"https:\/\/www.hetmanjewelry.com\/pl\/wp-json\/wp\/v2\/product\/2342","targetHints":{"allow":["GET"]}}],"collection":[{"href":"https:\/\/www.hetmanjewelry.com\/pl\/wp-json\/wp\/v2\/product"}],"about":[{"href":"https:\/\/www.hetmanjewelry.com\/pl\/wp-json\/wp\/v2\/types\/product"}],"wp:featuredmedia":[{"embeddable":true,"href":"https:\/\/www.hetmanjewelry.com\/pl\/wp-json\/wp\/v2\/media\/1848"}],"wp:attachment":[{"href":"https:\/\/www.hetmanjewelry.com\/pl\/wp-json\/wp\/v2\/media?parent=2342"}],"wp:term":[{"taxonomy":"product_brand","embeddable":true,"href":"https:\/\/www.hetmanjewelry.com\/pl\/wp-json\/wp\/v2\/product_brand?post=2342"},{"taxonomy":"product_cat","embeddable":true,"href":"https:\/\/www.hetmanjewelry.com\/pl\/wp-json\/wp\/v2\/product_cat?post=2342"},{"taxonomy":"product_tag","embeddable":true,"href":"https:\/\/www.hetmanjewelry.com\/pl\/wp-json\/wp\/v2\/product_tag?post=2342"}],"curies":[{"name":"wp","href":"https:\/\/api.w.org\/{rel}","templated":true}]}}