{"id":2323,"date":"2024-04-14T11:37:56","date_gmt":"2024-04-14T09:37:56","guid":{"rendered":"https:\/\/www.hetmanjewelry.com\/?post_type=product&#038;p=2323"},"modified":"2026-03-31T19:17:23","modified_gmt":"2026-03-31T17:17:23","slug":"you-cross-my-mind-twice","status":"publish","type":"product","link":"https:\/\/www.hetmanjewelry.com\/pl\/produkt\/you-cross-my-mind-twice\/","title":{"rendered":"You cross my mind&#8230;twice!"},"content":{"rendered":"","protected":false},"excerpt":{"rendered":"<p><strong>Minimalistyczne kolczyki wkr\u0119tki Line<\/strong><\/p>\n<p>Delikatny dodatek do codziennej stylizacji.<\/p>\n<p>Srebro pr\u00f3by 925.<\/p>\n<p>W wersji srebro i srebro poz\u0142acane 24-karatowym z\u0142otem.<\/p>\n<p>Wzory mo\u017cna dowolnie miksowa\u0107, wystarczy, \u017ce w opisie napiszesz, \u017ce chcesz np. Line II i Line II<\/p>\n<p>Istnieje mo\u017cliwo\u015b\u0107 zakupienia, tylko jednej sztuki znajdziesz je w kategorii: minimale<\/p>\n<p>&nbsp;<\/p>\n<p><strong>Zapakowa\u0107 na prezent? Dodaj informacj\u0119 przy sk\u0142adaniu zam\u00f3wienia.<\/strong><\/p>\n<p>Je\u017celi chcesz wys\u0142a\u0107 prezent bezpo\u015brednio pod wskazany adres mo\u017cemy do\u0142\u0105czy\u0107 do prezentu Twoj\u0105 dedykacj\u0119.<\/p>\n","protected":false},"featured_media":2357,"template":"","meta":[],"product_brand":[],"product_cat":[30,44],"product_tag":[34],"class_list":{"0":"post-2323","1":"product","2":"type-product","3":"status-publish","4":"has-post-thumbnail","6":"product_cat-kolczyki","7":"product_cat-minimale","8":"product_tag-kolczyki","10":"first","11":"instock","12":"featured","13":"taxable","14":"shipping-taxable","15":"purchasable","16":"product-type-simple"},"jetpack_sharing_enabled":true,"_links":{"self":[{"href":"https:\/\/www.hetmanjewelry.com\/pl\/wp-json\/wp\/v2\/product\/2323","targetHints":{"allow":["GET"]}}],"collection":[{"href":"https:\/\/www.hetmanjewelry.com\/pl\/wp-json\/wp\/v2\/product"}],"about":[{"href":"https:\/\/www.hetmanjewelry.com\/pl\/wp-json\/wp\/v2\/types\/product"}],"wp:featuredmedia":[{"embeddable":true,"href":"https:\/\/www.hetmanjewelry.com\/pl\/wp-json\/wp\/v2\/media\/2357"}],"wp:attachment":[{"href":"https:\/\/www.hetmanjewelry.com\/pl\/wp-json\/wp\/v2\/media?parent=2323"}],"wp:term":[{"taxonomy":"product_brand","embeddable":true,"href":"https:\/\/www.hetmanjewelry.com\/pl\/wp-json\/wp\/v2\/product_brand?post=2323"},{"taxonomy":"product_cat","embeddable":true,"href":"https:\/\/www.hetmanjewelry.com\/pl\/wp-json\/wp\/v2\/product_cat?post=2323"},{"taxonomy":"product_tag","embeddable":true,"href":"https:\/\/www.hetmanjewelry.com\/pl\/wp-json\/wp\/v2\/product_tag?post=2323"}],"curies":[{"name":"wp","href":"https:\/\/api.w.org\/{rel}","templated":true}]}}