{"id":2280,"date":"2024-04-14T11:36:59","date_gmt":"2024-04-14T09:36:59","guid":{"rendered":"https:\/\/www.hetmanjewelry.com\/?post_type=product&#038;p=2280"},"modified":"2025-11-07T22:27:44","modified_gmt":"2025-11-07T21:27:44","slug":"donut-duzy-matowy-naszyjnik-z-lancuszkiem","status":"publish","type":"product","link":"https:\/\/www.hetmanjewelry.com\/pl\/produkt\/donut-duzy-matowy-naszyjnik-z-lancuszkiem\/","title":{"rendered":"Donut du\u017cy matowy naszyjnik z \u0142a\u0144cuszkiem"},"content":{"rendered":"","protected":false},"excerpt":{"rendered":"<p><strong>Donut du\u017cy naszyjnik<\/strong><\/p>\n<p>Wymiary zawieszki 20 mm<\/p>\n<p>Zawieszka z regulowanym \u0142a\u0144cuszkiem 40-45 cm<\/p>\n<p>Donut to wyr\u00f3b cukierniczy w kszta\u0142cie oponki. Istnieje kilka teorii powstania donat\u00f3w. Jedna z nich g\u0142osi, \u017ce byli to holenderscy osadnicy w Ameryce P\u00f3\u0142nocnej. Druga, \u017ce wymy\u015bli\u0142 je Hanson Gregory, kt\u00f3ry wydr\u0105\u017cy\u0142 w cie\u015bcie donuta otw\u00f3r, aby ciasto w \u015brodku nigdy nie by\u0142o surowe. Wed\u0142ug antropologa Paula Mullinsa pierwsza ksi\u0105\u017cka, kt\u00f3ra wspomina o donut powsta\u0142a w 1803. Jedna z ostatnich teorii g\u0142osi, \u017ce pierwsza wzmianka o nich pochodzi z 1800 roku z ksi\u0105\u017cki przepis\u00f3w i porad domowych \u017cony Thomasa Dimesdale. W ka\u017cdy pierwszy pi\u0105tek czerwca w Stanach Zjednoczonych obchodzone jest \u015bwi\u0119to donuta.<\/p>\n<p>&nbsp;<\/p>\n<div class=\"woocommerce-product-details__short-description\">\n<p><strong>Zapakowa\u0107 na prezent? Dodaj informacj\u0119 przy sk\u0142adaniu zam\u00f3wienia.<\/strong><\/p>\n<p>Je\u017celi chcesz wys\u0142a\u0107 prezent bezpo\u015brednio pod wskazany adres mo\u017cemy do\u0142\u0105czy\u0107 do prezentu Twoj\u0105 dedykacj\u0119.<\/p>\n<\/div>\n","protected":false},"featured_media":2306,"template":"","meta":[],"product_brand":[],"product_cat":[45,31],"product_tag":[91,66,46,67,68,69,100,101,47],"class_list":{"0":"post-2280","1":"product","2":"type-product","3":"status-publish","4":"has-post-thumbnail","6":"product_cat-naszyjniki","7":"product_cat-pozlacane","8":"product_tag-bajgiel","9":"product_tag-kuchnia-polska","10":"product_tag-naszyjnik","11":"product_tag-pierog","12":"product_tag-pierogi","13":"product_tag-polskie-jedzenie","14":"product_tag-rogal","15":"product_tag-rogalik","16":"product_tag-zawieszka","18":"first","19":"outofstock","20":"taxable","21":"shipping-taxable","22":"purchasable","23":"product-type-variable"},"jetpack_sharing_enabled":true,"_links":{"self":[{"href":"https:\/\/www.hetmanjewelry.com\/pl\/wp-json\/wp\/v2\/product\/2280","targetHints":{"allow":["GET"]}}],"collection":[{"href":"https:\/\/www.hetmanjewelry.com\/pl\/wp-json\/wp\/v2\/product"}],"about":[{"href":"https:\/\/www.hetmanjewelry.com\/pl\/wp-json\/wp\/v2\/types\/product"}],"wp:featuredmedia":[{"embeddable":true,"href":"https:\/\/www.hetmanjewelry.com\/pl\/wp-json\/wp\/v2\/media\/2306"}],"wp:attachment":[{"href":"https:\/\/www.hetmanjewelry.com\/pl\/wp-json\/wp\/v2\/media?parent=2280"}],"wp:term":[{"taxonomy":"product_brand","embeddable":true,"href":"https:\/\/www.hetmanjewelry.com\/pl\/wp-json\/wp\/v2\/product_brand?post=2280"},{"taxonomy":"product_cat","embeddable":true,"href":"https:\/\/www.hetmanjewelry.com\/pl\/wp-json\/wp\/v2\/product_cat?post=2280"},{"taxonomy":"product_tag","embeddable":true,"href":"https:\/\/www.hetmanjewelry.com\/pl\/wp-json\/wp\/v2\/product_tag?post=2280"}],"curies":[{"name":"wp","href":"https:\/\/api.w.org\/{rel}","templated":true}]}}