{"id":2261,"date":"2024-04-14T11:36:34","date_gmt":"2024-04-14T09:36:34","guid":{"rendered":"https:\/\/www.hetmanjewelry.com\/?post_type=product&#038;p=2261"},"modified":"2026-04-01T03:37:29","modified_gmt":"2026-04-01T01:37:29","slug":"pierogi-kolczyki-ii-srebro-pozlacane","status":"publish","type":"product","link":"https:\/\/www.hetmanjewelry.com\/pl\/produkt\/pierogi-kolczyki-ii-srebro-pozlacane\/","title":{"rendered":"Pierogi kolczyki II srebro poz\u0142acane"},"content":{"rendered":"<p><strong>Prezent?\u00a0<\/strong>Dodaj informacj\u0119 przy sk\u0142adaniu zam\u00f3wienia, a do\u0142\u0105czymy torebk\u0119 prezentow\u0105 gratis.<br \/>\n<strong>Chcesz wys\u0142a\u0107 prezent pod wskazany adres?\u00a0<\/strong>\u00a0Napisz a do\u0142\u0105czymy do prezentu Twoj\u0105 dedykacj\u0119.<\/p>\n","protected":false},"excerpt":{"rendered":"<p>Nowa ods\u0142ona kultowych kolczyk\u00f3w z motywem pieroga. Model II to jeszcze wi\u0119cej detali i unikalna forma, kt\u00f3ra podkre\u015bla autorski charakter projektu Hetman Jewelry. Wykonane r\u0119cznie ze srebra 925 poz\u0142ocone 24-karatowym z\u0142otem, stanowi\u0105 idealny balans mi\u0119dzy humorem a elegancj\u0105. Doskona\u0142e dla os\u00f3b szukaj\u0105cych bi\u017cuterii typu \u201econversation starter\u201d.<\/p>\n<p>\u015arednica 10 mm \u25cb Srebro poz\u0142acane 24-karatowym z\u0142otem<\/p>\n","protected":false},"featured_media":6145,"template":"","meta":[],"product_brand":[],"product_cat":[38,30,83,31],"product_tag":[34,66,67,68,69],"class_list":{"0":"post-2261","1":"product","2":"type-product","3":"status-publish","4":"has-post-thumbnail","6":"product_cat-polishfood","7":"product_cat-kolczyki","8":"product_cat-pierogi","9":"product_cat-pozlacane","10":"product_tag-kolczyki","11":"product_tag-kuchnia-polska","12":"product_tag-pierog","13":"product_tag-pierogi","14":"product_tag-polskie-jedzenie","16":"first","17":"instock","18":"featured","19":"taxable","20":"shipping-taxable","21":"purchasable","22":"product-type-simple"},"jetpack_sharing_enabled":true,"_links":{"self":[{"href":"https:\/\/www.hetmanjewelry.com\/pl\/wp-json\/wp\/v2\/product\/2261","targetHints":{"allow":["GET"]}}],"collection":[{"href":"https:\/\/www.hetmanjewelry.com\/pl\/wp-json\/wp\/v2\/product"}],"about":[{"href":"https:\/\/www.hetmanjewelry.com\/pl\/wp-json\/wp\/v2\/types\/product"}],"wp:featuredmedia":[{"embeddable":true,"href":"https:\/\/www.hetmanjewelry.com\/pl\/wp-json\/wp\/v2\/media\/6145"}],"wp:attachment":[{"href":"https:\/\/www.hetmanjewelry.com\/pl\/wp-json\/wp\/v2\/media?parent=2261"}],"wp:term":[{"taxonomy":"product_brand","embeddable":true,"href":"https:\/\/www.hetmanjewelry.com\/pl\/wp-json\/wp\/v2\/product_brand?post=2261"},{"taxonomy":"product_cat","embeddable":true,"href":"https:\/\/www.hetmanjewelry.com\/pl\/wp-json\/wp\/v2\/product_cat?post=2261"},{"taxonomy":"product_tag","embeddable":true,"href":"https:\/\/www.hetmanjewelry.com\/pl\/wp-json\/wp\/v2\/product_tag?post=2261"}],"curies":[{"name":"wp","href":"https:\/\/api.w.org\/{rel}","templated":true}]}}