{"id":2190,"date":"2024-04-14T11:34:03","date_gmt":"2024-04-14T09:34:03","guid":{"rendered":"https:\/\/www.hetmanjewelry.com\/?post_type=product&#038;p=2190"},"modified":"2026-03-31T19:20:16","modified_gmt":"2026-03-31T17:20:16","slug":"banany-kolczyki","status":"publish","type":"product","link":"https:\/\/www.hetmanjewelry.com\/pl\/produkt\/banany-kolczyki\/","title":{"rendered":"Banany kolczyki"},"content":{"rendered":"","protected":false},"excerpt":{"rendered":"<p><strong>Kolczyki Banany<\/strong><\/p>\n<p>\u015arednica 15 mm<\/p>\n<p>Banany to idealny prezent z humorem, w ko\u0144cu to najbardziej u\u015bmiechni\u0119ty owoc \u015bwiata. ; )<\/p>\n<p>&nbsp;<\/p>\n<p>Ten tropikalny dla nas owoc to w rzeczywisto\u015bci jagoda. Banan zwyczajny jest prawdopodobnie hybryd\u0105 dw\u00f3ch gatunk\u00f3w dzikich: <i>Musa acuminata<\/i> i <i>Musa balbisiana. <\/i>Jest jedn\u0105 z najwa\u017cniejszych ro\u015blin uprawianych w krajach tropikalnych w strefie mi\u0119dzyzwrotnikowej w Afryce, Ameryce Po\u0142udniowej i P\u00f3\u0142nocnej, Azji oraz krajach Pacyfiku.<\/p>\n<p>&nbsp;<\/p>\n<p>&nbsp;<\/p>\n<div class=\"woocommerce-product-details__short-description\">\n<p><strong>Zapakowa\u0107 na prezent? Dodaj informacj\u0119 przy sk\u0142adaniu zam\u00f3wienia.<\/strong><\/p>\n<p>Je\u017celi chcesz wys\u0142a\u0107 prezent bezpo\u015brednio pod wskazany adres mo\u017cemy do\u0142\u0105czy\u0107 do prezentu Twoj\u0105 dedykacj\u0119.<\/p>\n<\/div>\n","protected":false},"featured_media":2227,"template":"","meta":[],"product_brand":[],"product_cat":[30,31,65],"product_tag":[34],"class_list":{"0":"post-2190","1":"product","2":"type-product","3":"status-publish","4":"has-post-thumbnail","6":"product_cat-kolczyki","7":"product_cat-pozlacane","8":"product_cat-smaki-swiata","9":"product_tag-kolczyki","11":"first","12":"instock","13":"taxable","14":"shipping-taxable","15":"purchasable","16":"product-type-variable","17":"has-default-attributes"},"jetpack_sharing_enabled":true,"_links":{"self":[{"href":"https:\/\/www.hetmanjewelry.com\/pl\/wp-json\/wp\/v2\/product\/2190","targetHints":{"allow":["GET"]}}],"collection":[{"href":"https:\/\/www.hetmanjewelry.com\/pl\/wp-json\/wp\/v2\/product"}],"about":[{"href":"https:\/\/www.hetmanjewelry.com\/pl\/wp-json\/wp\/v2\/types\/product"}],"wp:featuredmedia":[{"embeddable":true,"href":"https:\/\/www.hetmanjewelry.com\/pl\/wp-json\/wp\/v2\/media\/2227"}],"wp:attachment":[{"href":"https:\/\/www.hetmanjewelry.com\/pl\/wp-json\/wp\/v2\/media?parent=2190"}],"wp:term":[{"taxonomy":"product_brand","embeddable":true,"href":"https:\/\/www.hetmanjewelry.com\/pl\/wp-json\/wp\/v2\/product_brand?post=2190"},{"taxonomy":"product_cat","embeddable":true,"href":"https:\/\/www.hetmanjewelry.com\/pl\/wp-json\/wp\/v2\/product_cat?post=2190"},{"taxonomy":"product_tag","embeddable":true,"href":"https:\/\/www.hetmanjewelry.com\/pl\/wp-json\/wp\/v2\/product_tag?post=2190"}],"curies":[{"name":"wp","href":"https:\/\/api.w.org\/{rel}","templated":true}]}}