{"id":2081,"date":"2024-04-14T11:28:36","date_gmt":"2024-04-14T09:28:36","guid":{"rendered":"https:\/\/www.hetmanjewelry.com\/?post_type=product&#038;p=2081"},"modified":"2026-02-25T21:27:43","modified_gmt":"2026-02-25T20:27:43","slug":"muszle-ii","status":"publish","type":"product","link":"https:\/\/www.hetmanjewelry.com\/pl\/produkt\/muszle-ii\/","title":{"rendered":"Muszle II"},"content":{"rendered":"","protected":false},"excerpt":{"rendered":"<p><strong>Muszle<\/strong><\/p>\n<p>Kolczyki muszle wykonane ze srebra 925.<\/p>\n<p>Za model pos\u0142u\u017cy\u0142a muszla naturalna, skala 1:1<\/p>\n<p>Czarne jak g\u0142\u0119bia oceanu z elementami kontrastuj\u0105cego jasnego srebra.<\/p>\n<p>Kolczyki zosta\u0142y poddane procesowy oksydacji, dzi\u0119ki czemu uda\u0142o si\u0119 uzyska\u0107 efekt g\u0142\u0119bokiej czerni.<\/p>\n<p>&nbsp;<\/p>\n<p><strong>Zapakowa\u0107 na prezent? Dodaj informacj\u0119 przy sk\u0142adaniu zam\u00f3wienia.<\/strong><\/p>\n<p>Je\u017celi chcesz wys\u0142a\u0107 prezent bezpo\u015brednio pod wskazany adres mo\u017cemy do\u0142\u0105czy\u0107 do prezentu Twoj\u0105 dedykacj\u0119.<\/p>\n<p>&nbsp;<\/p>\n","protected":false},"featured_media":2124,"template":"","meta":[],"product_brand":[],"product_cat":[346,30],"product_tag":[34,119],"class_list":{"0":"post-2081","1":"product","2":"type-product","3":"status-publish","4":"has-post-thumbnail","6":"product_cat-biophilia","7":"product_cat-kolczyki","8":"product_tag-kolczyki","9":"product_tag-muszla","11":"first","12":"instock","13":"taxable","14":"shipping-taxable","15":"purchasable","16":"product-type-simple"},"jetpack_sharing_enabled":true,"_links":{"self":[{"href":"https:\/\/www.hetmanjewelry.com\/pl\/wp-json\/wp\/v2\/product\/2081","targetHints":{"allow":["GET"]}}],"collection":[{"href":"https:\/\/www.hetmanjewelry.com\/pl\/wp-json\/wp\/v2\/product"}],"about":[{"href":"https:\/\/www.hetmanjewelry.com\/pl\/wp-json\/wp\/v2\/types\/product"}],"wp:featuredmedia":[{"embeddable":true,"href":"https:\/\/www.hetmanjewelry.com\/pl\/wp-json\/wp\/v2\/media\/2124"}],"wp:attachment":[{"href":"https:\/\/www.hetmanjewelry.com\/pl\/wp-json\/wp\/v2\/media?parent=2081"}],"wp:term":[{"taxonomy":"product_brand","embeddable":true,"href":"https:\/\/www.hetmanjewelry.com\/pl\/wp-json\/wp\/v2\/product_brand?post=2081"},{"taxonomy":"product_cat","embeddable":true,"href":"https:\/\/www.hetmanjewelry.com\/pl\/wp-json\/wp\/v2\/product_cat?post=2081"},{"taxonomy":"product_tag","embeddable":true,"href":"https:\/\/www.hetmanjewelry.com\/pl\/wp-json\/wp\/v2\/product_tag?post=2081"}],"curies":[{"name":"wp","href":"https:\/\/api.w.org\/{rel}","templated":true}]}}