{"id":1979,"date":"2024-04-14T11:22:54","date_gmt":"2024-04-14T09:22:54","guid":{"rendered":"https:\/\/www.hetmanjewelry.com\/?post_type=product&#038;p=1979"},"modified":"2026-04-01T20:58:22","modified_gmt":"2026-04-01T18:58:22","slug":"uszko-z-barszczu-kolczyki","status":"publish","type":"product","link":"https:\/\/www.hetmanjewelry.com\/pl\/produkt\/uszko-z-barszczu-kolczyki\/","title":{"rendered":"Uszka z barszczu kolczyki"},"content":{"rendered":"<p><strong>Prezent?<\/strong>\u00a0Dodaj informacj\u0119 przy sk\u0142adaniu zam\u00f3wienia, a do\u0142\u0105czymy torebk\u0119 prezentow\u0105 gratis.<br \/>\n<strong>Wys\u0142a\u0107 pod wskazany adres?<\/strong>\u00a0Napisz a do\u0142\u0105czymy do prezentu Twoj\u0105 dedykacj\u0119<\/p>\n","protected":false},"excerpt":{"rendered":"<p class=\"p1\">Subtelne kolczyki sztyfty przypominaj\u0105ce ma\u0142e, r\u0119cznie lepione uszka do wigilijnego barszczu. Wykonane ze srebra pr\u00f3by 925, s\u0105 drobne, eleganckie i pe\u0142ne uroku. To bi\u017cuteria, kt\u00f3ra dodaje stylizacjom ciep\u0142a i wywo\u0142uje wiele pozytywnych wspomnie\u0144 zwi\u0105zanych z domem. \u015awietny pomys\u0142 na symboliczny upominek dla bliskiej osoby.<\/p>\n<p class=\"p1\">\u015arednica 10 mm <span class=\"s1\">\u25cb<\/span> Srebro 925 <span class=\"s1\">\u25cb<\/span> Srebro poz\u0142acane 24-karatowym z\u0142otem<\/p>\n","protected":false},"featured_media":2022,"template":"","meta":[],"product_brand":[],"product_cat":[38,30,31,108],"product_tag":[41,42,34,66,95,67,68,35,36,110],"class_list":{"0":"post-1979","1":"product","2":"type-product","3":"status-publish","4":"has-post-thumbnail","6":"product_cat-polishfood","7":"product_cat-kolczyki","8":"product_cat-pozlacane","9":"product_cat-uszka-z-barszczu","10":"product_tag-kluska-slaska","11":"product_tag-kluski-slaskie","12":"product_tag-kolczyki","13":"product_tag-kuchnia-polska","14":"product_tag-makaron","15":"product_tag-pierog","16":"product_tag-pierogi","17":"product_tag-slask","18":"product_tag-slaska","19":"product_tag-uszko","21":"first","22":"instock","23":"taxable","24":"shipping-taxable","25":"purchasable","26":"product-type-variable","27":"has-default-attributes"},"jetpack_sharing_enabled":true,"_links":{"self":[{"href":"https:\/\/www.hetmanjewelry.com\/pl\/wp-json\/wp\/v2\/product\/1979","targetHints":{"allow":["GET"]}}],"collection":[{"href":"https:\/\/www.hetmanjewelry.com\/pl\/wp-json\/wp\/v2\/product"}],"about":[{"href":"https:\/\/www.hetmanjewelry.com\/pl\/wp-json\/wp\/v2\/types\/product"}],"wp:featuredmedia":[{"embeddable":true,"href":"https:\/\/www.hetmanjewelry.com\/pl\/wp-json\/wp\/v2\/media\/2022"}],"wp:attachment":[{"href":"https:\/\/www.hetmanjewelry.com\/pl\/wp-json\/wp\/v2\/media?parent=1979"}],"wp:term":[{"taxonomy":"product_brand","embeddable":true,"href":"https:\/\/www.hetmanjewelry.com\/pl\/wp-json\/wp\/v2\/product_brand?post=1979"},{"taxonomy":"product_cat","embeddable":true,"href":"https:\/\/www.hetmanjewelry.com\/pl\/wp-json\/wp\/v2\/product_cat?post=1979"},{"taxonomy":"product_tag","embeddable":true,"href":"https:\/\/www.hetmanjewelry.com\/pl\/wp-json\/wp\/v2\/product_tag?post=1979"}],"curies":[{"name":"wp","href":"https:\/\/api.w.org\/{rel}","templated":true}]}}