{"id":1968,"date":"2024-04-14T11:21:48","date_gmt":"2024-04-14T09:21:48","guid":{"rendered":"https:\/\/www.hetmanjewelry.com\/?post_type=product&#038;p=1968"},"modified":"2026-04-01T21:04:58","modified_gmt":"2026-04-01T19:04:58","slug":"uszko-z-barszczu-naszyjnik","status":"publish","type":"product","link":"https:\/\/www.hetmanjewelry.com\/pl\/produkt\/uszko-z-barszczu-naszyjnik\/","title":{"rendered":"Uszko z barszczu naszyjnik"},"content":{"rendered":"<p><strong>Prezent?<\/strong>\u00a0Dodaj informacj\u0119 przy sk\u0142adaniu zam\u00f3wienia, a do\u0142\u0105czymy torebk\u0119 prezentow\u0105 gratis.<br \/>\n<strong>Wys\u0142a\u0107 pod wskazany adres?<\/strong>\u00a0Napisz a do\u0142\u0105czymy do prezentu Twoj\u0105 dedykacj\u0119<\/p>\n","protected":false},"excerpt":{"rendered":"<p class=\"p1\">\u015awi\u0105teczny klasyk w wersji &#8222;statement jewelry&#8221;. Ten okaza\u0142y naszyjnik z serii Uszko z Barszczu to wi\u0119ksza, niezwykle szczeg\u00f3\u0142owa forma wigilijnego przysmaku. Wykonany ze srebra 925, przyci\u0105ga wzrok i pi\u0119knie uk\u0142ada si\u0119 na dekolcie. To idealny dodatek na \u015bwi\u0105teczne spotkania oraz genialny, zaskakuj\u0105cy prezent pod choink\u0119, kt\u00f3ry zostanie zapami\u0119tany na lata.<\/p>\n<p>Wymiary zawieszki 20 mm x 21 mm\u00a0<span class=\"s1\">\u25cb<\/span> Regulowany \u0142a\u0144cuszek 40-45 cm <span class=\"s1\">\u25cb<\/span> Srebro 925 <span class=\"s1\">\u25cb<\/span> Srebro poz\u0142acane 24-karatowym z\u0142otem<\/p>\n","protected":false},"featured_media":2012,"template":"","meta":[],"product_brand":[],"product_cat":[38,45,31,108],"product_tag":[41,42,66,95,46,69,35,36,110,47],"class_list":{"0":"post-1968","1":"product","2":"type-product","3":"status-publish","4":"has-post-thumbnail","6":"product_cat-polishfood","7":"product_cat-naszyjniki","8":"product_cat-pozlacane","9":"product_cat-uszka-z-barszczu","10":"product_tag-kluska-slaska","11":"product_tag-kluski-slaskie","12":"product_tag-kuchnia-polska","13":"product_tag-makaron","14":"product_tag-naszyjnik","15":"product_tag-polskie-jedzenie","16":"product_tag-slask","17":"product_tag-slaska","18":"product_tag-uszko","19":"product_tag-zawieszka","21":"first","22":"instock","23":"featured","24":"taxable","25":"shipping-taxable","26":"purchasable","27":"product-type-variable","28":"has-default-attributes"},"jetpack_sharing_enabled":true,"_links":{"self":[{"href":"https:\/\/www.hetmanjewelry.com\/pl\/wp-json\/wp\/v2\/product\/1968","targetHints":{"allow":["GET"]}}],"collection":[{"href":"https:\/\/www.hetmanjewelry.com\/pl\/wp-json\/wp\/v2\/product"}],"about":[{"href":"https:\/\/www.hetmanjewelry.com\/pl\/wp-json\/wp\/v2\/types\/product"}],"wp:featuredmedia":[{"embeddable":true,"href":"https:\/\/www.hetmanjewelry.com\/pl\/wp-json\/wp\/v2\/media\/2012"}],"wp:attachment":[{"href":"https:\/\/www.hetmanjewelry.com\/pl\/wp-json\/wp\/v2\/media?parent=1968"}],"wp:term":[{"taxonomy":"product_brand","embeddable":true,"href":"https:\/\/www.hetmanjewelry.com\/pl\/wp-json\/wp\/v2\/product_brand?post=1968"},{"taxonomy":"product_cat","embeddable":true,"href":"https:\/\/www.hetmanjewelry.com\/pl\/wp-json\/wp\/v2\/product_cat?post=1968"},{"taxonomy":"product_tag","embeddable":true,"href":"https:\/\/www.hetmanjewelry.com\/pl\/wp-json\/wp\/v2\/product_tag?post=1968"}],"curies":[{"name":"wp","href":"https:\/\/api.w.org\/{rel}","templated":true}]}}