{"id":19383,"date":"2026-04-14T21:13:31","date_gmt":"2026-04-14T19:13:31","guid":{"rendered":"https:\/\/www.hetmanjewelry.com\/?post_type=product&#038;p=19383"},"modified":"2026-04-14T21:14:54","modified_gmt":"2026-04-14T19:14:54","slug":"oscypek-maly-naszyjnik-z-lancuszkiem-srebro-pozlacane","status":"publish","type":"product","link":"https:\/\/www.hetmanjewelry.com\/pl\/produkt\/oscypek-maly-naszyjnik-z-lancuszkiem-srebro-pozlacane\/","title":{"rendered":"Oscypek ma\u0142y naszyjnik z \u0142a\u0144cuszkiem srebro poz\u0142acane"},"content":{"rendered":"<p><strong>Prezent?\u00a0<\/strong>Dodaj informacj\u0119 przy sk\u0142adaniu zam\u00f3wienia, a do\u0142\u0105czymy torebk\u0119 prezentow\u0105 gratis.<br \/>\n<strong>Chcesz wys\u0142a\u0107 prezent pod wskazany adres?\u00a0<\/strong>\u00a0Napisz a do\u0142\u0105czymy do prezentu Twoj\u0105 dedykacj\u0119.<\/p>\n","protected":false},"excerpt":{"rendered":"<p>Subtelny naszyjnik z zawieszk\u0105 w kszta\u0142cie oscypka na delikatnym \u0142a\u0144cuszku ze srebra 925. To bi\u017cuteria z dusz\u0105, kt\u00f3ra \u0142\u0105czy mi\u0142o\u015b\u0107 do g\u00f3r z elegancj\u0105 srebra. Regulowane zapi\u0119cie pozwala nosi\u0107 go blisko szyi lub nieco ni\u017cej. Wyj\u0105tkowa pami\u0105tka dla ka\u017cdego, kto zostawi\u0142 serce na g\u00f3rskim szlaku.<\/p>\n<p>\u015arednica zawieszki 10 mm \u25cb regulowany \u0142a\u0144cuszek 40-45 cm \u25cb srebro poz\u0142acane<\/p>\n","protected":false},"featured_media":2197,"template":"","meta":[],"product_brand":[],"product_cat":[38,45,88,31],"product_tag":[66,46,89,69,47],"class_list":{"0":"post-19383","1":"product","2":"type-product","3":"status-publish","4":"has-post-thumbnail","6":"product_cat-polishfood","7":"product_cat-naszyjniki","8":"product_cat-oscypki","9":"product_cat-pozlacane","10":"product_tag-kuchnia-polska","11":"product_tag-naszyjnik","12":"product_tag-oscypek","13":"product_tag-polskie-jedzenie","14":"product_tag-zawieszka","16":"first","17":"instock","18":"taxable","19":"shipping-taxable","20":"purchasable","21":"product-type-simple"},"jetpack_sharing_enabled":true,"_links":{"self":[{"href":"https:\/\/www.hetmanjewelry.com\/pl\/wp-json\/wp\/v2\/product\/19383","targetHints":{"allow":["GET"]}}],"collection":[{"href":"https:\/\/www.hetmanjewelry.com\/pl\/wp-json\/wp\/v2\/product"}],"about":[{"href":"https:\/\/www.hetmanjewelry.com\/pl\/wp-json\/wp\/v2\/types\/product"}],"wp:featuredmedia":[{"embeddable":true,"href":"https:\/\/www.hetmanjewelry.com\/pl\/wp-json\/wp\/v2\/media\/2197"}],"wp:attachment":[{"href":"https:\/\/www.hetmanjewelry.com\/pl\/wp-json\/wp\/v2\/media?parent=19383"}],"wp:term":[{"taxonomy":"product_brand","embeddable":true,"href":"https:\/\/www.hetmanjewelry.com\/pl\/wp-json\/wp\/v2\/product_brand?post=19383"},{"taxonomy":"product_cat","embeddable":true,"href":"https:\/\/www.hetmanjewelry.com\/pl\/wp-json\/wp\/v2\/product_cat?post=19383"},{"taxonomy":"product_tag","embeddable":true,"href":"https:\/\/www.hetmanjewelry.com\/pl\/wp-json\/wp\/v2\/product_tag?post=19383"}],"curies":[{"name":"wp","href":"https:\/\/api.w.org\/{rel}","templated":true}]}}