{"id":19379,"date":"2026-04-14T21:10:44","date_gmt":"2026-04-14T19:10:44","guid":{"rendered":"https:\/\/www.hetmanjewelry.com\/?post_type=product&#038;p=19379"},"modified":"2026-04-14T21:13:10","modified_gmt":"2026-04-14T19:13:10","slug":"obwarzanek-maly-naszyjnik-z-lancuszkiem-srebro-pozlacane","status":"publish","type":"product","link":"https:\/\/www.hetmanjewelry.com\/pl\/produkt\/obwarzanek-maly-naszyjnik-z-lancuszkiem-srebro-pozlacane\/","title":{"rendered":"Obwarzanek ma\u0142y naszyjnik z \u0142a\u0144cuszkiem srebro poz\u0142acane"},"content":{"rendered":"<p><strong>Prezent?\u00a0<\/strong>Dodaj informacj\u0119 przy sk\u0142adaniu zam\u00f3wienia, a do\u0142\u0105czymy torebk\u0119 prezentow\u0105 gratis.<br \/>\n<strong>Chcesz wys\u0142a\u0107 prezent pod wskazany adres?\u00a0<\/strong>\u00a0Napisz a do\u0142\u0105czymy do prezentu Twoj\u0105 dedykacj\u0119.<\/p>\n","protected":false},"excerpt":{"rendered":"<p>Poczuj magi\u0119 krakowskich uliczek dzi\u0119ki naszyjnikowi z ma\u0142ym obwarzankiem. Wykonany ze srebra najwy\u017cszej pr\u00f3by, ten delikatny wisior to kwintesencja polskiego stylu foodie. Regulowany \u0142a\u0144cuszek zapewnia komfort noszenia. To bi\u017cuteria, kt\u00f3ra wywo\u0142uje u\u015bmiech i przypomina o najpi\u0119kniejszych chwilach sp\u0119dzonych w Polsce.<\/p>\n<p>\u015arednica zawieszki 10 mm \u25cb Regulowany \u0142a\u0144cuszek 40-45 cm \u25cb srebro poz\u0142acane<\/p>\n","protected":false},"featured_media":2285,"template":"","meta":[],"product_brand":[],"product_cat":[38,45,90,31],"product_tag":[91,66,46,92,69,47],"class_list":{"0":"post-19379","1":"product","2":"type-product","3":"status-publish","4":"has-post-thumbnail","6":"product_cat-polishfood","7":"product_cat-naszyjniki","8":"product_cat-obwarzanki","9":"product_cat-pozlacane","10":"product_tag-bajgiel","11":"product_tag-kuchnia-polska","12":"product_tag-naszyjnik","13":"product_tag-obwarzanek","14":"product_tag-polskie-jedzenie","15":"product_tag-zawieszka","17":"first","18":"instock","19":"taxable","20":"shipping-taxable","21":"purchasable","22":"product-type-simple"},"jetpack_sharing_enabled":true,"_links":{"self":[{"href":"https:\/\/www.hetmanjewelry.com\/pl\/wp-json\/wp\/v2\/product\/19379","targetHints":{"allow":["GET"]}}],"collection":[{"href":"https:\/\/www.hetmanjewelry.com\/pl\/wp-json\/wp\/v2\/product"}],"about":[{"href":"https:\/\/www.hetmanjewelry.com\/pl\/wp-json\/wp\/v2\/types\/product"}],"wp:featuredmedia":[{"embeddable":true,"href":"https:\/\/www.hetmanjewelry.com\/pl\/wp-json\/wp\/v2\/media\/2285"}],"wp:attachment":[{"href":"https:\/\/www.hetmanjewelry.com\/pl\/wp-json\/wp\/v2\/media?parent=19379"}],"wp:term":[{"taxonomy":"product_brand","embeddable":true,"href":"https:\/\/www.hetmanjewelry.com\/pl\/wp-json\/wp\/v2\/product_brand?post=19379"},{"taxonomy":"product_cat","embeddable":true,"href":"https:\/\/www.hetmanjewelry.com\/pl\/wp-json\/wp\/v2\/product_cat?post=19379"},{"taxonomy":"product_tag","embeddable":true,"href":"https:\/\/www.hetmanjewelry.com\/pl\/wp-json\/wp\/v2\/product_tag?post=19379"}],"curies":[{"name":"wp","href":"https:\/\/api.w.org\/{rel}","templated":true}]}}