{"id":19307,"date":"2026-03-31T22:20:04","date_gmt":"2026-03-31T20:20:04","guid":{"rendered":"https:\/\/www.hetmanjewelry.com\/?post_type=product&#038;p=19307"},"modified":"2026-04-01T03:54:23","modified_gmt":"2026-04-01T01:54:23","slug":"oscypki-kolczyki-ii-srebro-pozlacane","status":"publish","type":"product","link":"https:\/\/www.hetmanjewelry.com\/pl\/produkt\/oscypki-kolczyki-ii-srebro-pozlacane\/","title":{"rendered":"Oscypki kolczyki II wrzeciono srebro poz\u0142acane"},"content":{"rendered":"<p><strong>Prezent?\u00a0<\/strong>Dodaj informacj\u0119 przy sk\u0142adaniu zam\u00f3wienia, a do\u0142\u0105czymy torebk\u0119 prezentow\u0105 gratis.<br \/>\n<strong>Chcesz wys\u0142a\u0107 prezent pod wskazany adres?\u00a0<\/strong>\u00a0Napisz a do\u0142\u0105czymy do prezentu Twoj\u0105 dedykacj\u0119.<\/p>\n","protected":false},"excerpt":{"rendered":"<p>Druga wersja kolczyk\u00f3w oscypk\u00f3w, stworzona dla fan\u00f3w detalu i unikalnej tekstury. Wykonane r\u0119cznie, stanowi\u0105 ho\u0142d dla tradycyjnego rzemios\u0142a. Te srebrne sztyfty to doskona\u0142y spos\u00f3b na pokazanie przywi\u0105zania do polskich tradycji kulinarnych w bardzo stylowy, nienachalny spos\u00f3b.<\/p>\n<p>Kolczyki o d\u0142ugo\u015bci 10 mm \u25cb Srebro poz\u0142acane 24-karatowym z\u0142otem<\/p>\n","protected":false},"featured_media":6144,"template":"","meta":[],"product_brand":[],"product_cat":[38,30,88,31],"product_tag":[41,42,34,66,89,67,68,69,100,101,35,36],"class_list":{"0":"post-19307","1":"product","2":"type-product","3":"status-publish","4":"has-post-thumbnail","6":"product_cat-polishfood","7":"product_cat-kolczyki","8":"product_cat-oscypki","9":"product_cat-pozlacane","10":"product_tag-kluska-slaska","11":"product_tag-kluski-slaskie","12":"product_tag-kolczyki","13":"product_tag-kuchnia-polska","14":"product_tag-oscypek","15":"product_tag-pierog","16":"product_tag-pierogi","17":"product_tag-polskie-jedzenie","18":"product_tag-rogal","19":"product_tag-rogalik","20":"product_tag-slask","21":"product_tag-slaska","23":"first","24":"instock","25":"taxable","26":"shipping-taxable","27":"purchasable","28":"product-type-simple"},"jetpack_sharing_enabled":true,"_links":{"self":[{"href":"https:\/\/www.hetmanjewelry.com\/pl\/wp-json\/wp\/v2\/product\/19307","targetHints":{"allow":["GET"]}}],"collection":[{"href":"https:\/\/www.hetmanjewelry.com\/pl\/wp-json\/wp\/v2\/product"}],"about":[{"href":"https:\/\/www.hetmanjewelry.com\/pl\/wp-json\/wp\/v2\/types\/product"}],"wp:featuredmedia":[{"embeddable":true,"href":"https:\/\/www.hetmanjewelry.com\/pl\/wp-json\/wp\/v2\/media\/6144"}],"wp:attachment":[{"href":"https:\/\/www.hetmanjewelry.com\/pl\/wp-json\/wp\/v2\/media?parent=19307"}],"wp:term":[{"taxonomy":"product_brand","embeddable":true,"href":"https:\/\/www.hetmanjewelry.com\/pl\/wp-json\/wp\/v2\/product_brand?post=19307"},{"taxonomy":"product_cat","embeddable":true,"href":"https:\/\/www.hetmanjewelry.com\/pl\/wp-json\/wp\/v2\/product_cat?post=19307"},{"taxonomy":"product_tag","embeddable":true,"href":"https:\/\/www.hetmanjewelry.com\/pl\/wp-json\/wp\/v2\/product_tag?post=19307"}],"curies":[{"name":"wp","href":"https:\/\/api.w.org\/{rel}","templated":true}]}}