{"id":19299,"date":"2026-03-31T22:01:02","date_gmt":"2026-03-31T20:01:02","guid":{"rendered":"https:\/\/www.hetmanjewelry.com\/?post_type=product&#038;p=19299"},"modified":"2026-04-01T03:47:16","modified_gmt":"2026-04-01T01:47:16","slug":"oscypki-kolczyki-srebro","status":"publish","type":"product","link":"https:\/\/www.hetmanjewelry.com\/pl\/produkt\/oscypki-kolczyki-srebro\/","title":{"rendered":"Oscypki kolczyki srebro"},"content":{"rendered":"<p><strong>Prezent?\u00a0<\/strong>Dodaj informacj\u0119 przy sk\u0142adaniu zam\u00f3wienia, a do\u0142\u0105czymy torebk\u0119 prezentow\u0105 gratis.<br \/>\n<strong>Chcesz wys\u0142a\u0107 prezent pod wskazany adres?\u00a0<\/strong>\u00a0Napisz a do\u0142\u0105czymy do prezentu Twoj\u0105 dedykacj\u0119.<\/p>\n","protected":false},"excerpt":{"rendered":"<p>Przenie\u015b si\u0119 w polskie Tatry z naszymi kolczykami w kszta\u0142cie oscypk\u00f3w. Wykonane ze srebra 925, precyzyjnie oddaj\u0105 charakterystyczny wz\u00f3r tradycyjnego sera g\u00f3ralskiego. To idealna bi\u017cuteria regionalna w nowoczesnym wydaniu. Doskona\u0142y prezent dla mi\u0142o\u015bnik\u00f3w g\u00f3r, w\u0119dr\u00f3wek i podhala\u0144skiego folkloru.<\/p>\n<p>\u015arednica 10 mm  \u25cb Srebro 925<\/p>\n","protected":false},"featured_media":1875,"template":"","meta":[],"product_brand":[],"product_cat":[38,30,88,31],"product_tag":[34,66,89,69],"class_list":{"0":"post-19299","1":"product","2":"type-product","3":"status-publish","4":"has-post-thumbnail","6":"product_cat-polishfood","7":"product_cat-kolczyki","8":"product_cat-oscypki","9":"product_cat-pozlacane","10":"product_tag-kolczyki","11":"product_tag-kuchnia-polska","12":"product_tag-oscypek","13":"product_tag-polskie-jedzenie","15":"first","16":"instock","17":"taxable","18":"shipping-taxable","19":"purchasable","20":"product-type-simple"},"jetpack_sharing_enabled":true,"_links":{"self":[{"href":"https:\/\/www.hetmanjewelry.com\/pl\/wp-json\/wp\/v2\/product\/19299","targetHints":{"allow":["GET"]}}],"collection":[{"href":"https:\/\/www.hetmanjewelry.com\/pl\/wp-json\/wp\/v2\/product"}],"about":[{"href":"https:\/\/www.hetmanjewelry.com\/pl\/wp-json\/wp\/v2\/types\/product"}],"wp:featuredmedia":[{"embeddable":true,"href":"https:\/\/www.hetmanjewelry.com\/pl\/wp-json\/wp\/v2\/media\/1875"}],"wp:attachment":[{"href":"https:\/\/www.hetmanjewelry.com\/pl\/wp-json\/wp\/v2\/media?parent=19299"}],"wp:term":[{"taxonomy":"product_brand","embeddable":true,"href":"https:\/\/www.hetmanjewelry.com\/pl\/wp-json\/wp\/v2\/product_brand?post=19299"},{"taxonomy":"product_cat","embeddable":true,"href":"https:\/\/www.hetmanjewelry.com\/pl\/wp-json\/wp\/v2\/product_cat?post=19299"},{"taxonomy":"product_tag","embeddable":true,"href":"https:\/\/www.hetmanjewelry.com\/pl\/wp-json\/wp\/v2\/product_tag?post=19299"}],"curies":[{"name":"wp","href":"https:\/\/api.w.org\/{rel}","templated":true}]}}