{"id":19209,"date":"2026-03-05T22:07:22","date_gmt":"2026-03-05T21:07:22","guid":{"rendered":"https:\/\/www.hetmanjewelry.com\/?post_type=product&#038;p=19209"},"modified":"2026-03-05T22:15:07","modified_gmt":"2026-03-05T21:15:07","slug":"obwarzanek-pierscionek-maly-mosiadz-pozlacany","status":"publish","type":"product","link":"https:\/\/www.hetmanjewelry.com\/pl\/produkt\/obwarzanek-pierscionek-maly-mosiadz-pozlacany\/","title":{"rendered":"Obwarzanek pier\u015bcionek ma\u0142y mosi\u0105dz poz\u0142acany"},"content":{"rendered":"","protected":false},"excerpt":{"rendered":"<p><strong>Pier\u015bcionek Obwarzanek<\/strong><\/p>\n<p>mosi\u0105dz poz\u0142acany<\/p>\n<p>Obwarzanek to jedzeniowy symbol Krakowa. Jest wytrawnym pieczywem posypanym makiem, sezamem lub sol\u0105. Kszta\u0142tem przypomina pier\u015bcie\u0144 o splocie przypominaj\u0105cym zawini\u0119ty warkocz. Pierwsze historyczne wzmianki pochodz\u0105 z XIV w.\u00a0 <span class=\"s1\">Z\u0142oty wieniec rozkoszy podniebienia. <\/span><span class=\"s1\">Warkocz Anielski. <\/span><span class=\"s1\">Kszta\u0142t przyjemno\u015bci.<\/span> Czy wiesz, \u017ce \u015brednia dzienna produkcja obwarzank\u00f3w sprzedawanych na rynku krakowskim w dni powszednie wynosi niemal 150 tysi\u0119cy sztuk?!<\/p>\n<p>&nbsp;<\/p>\n<p class=\"p1\"><strong><span class=\"s1\">G\u0142odni dizajnu, ludzie humoru i dystansu, gotuj\u0105cy i jedz\u0105cy, cz\u0119stujcie i (ob)no\u015bcie si\u0119 tym co najlepsze!\u00a0<\/span><\/strong><\/p>\n<p><strong>Zapakowa\u0107 na prezent? Dodaj informacj\u0119 przy sk\u0142adaniu zam\u00f3wienia.<\/strong><\/p>\n<p>Je\u017celi chcesz wys\u0142a\u0107 prezent bezpo\u015brednio pod wskazany adres mo\u017cemy do\u0142\u0105czy\u0107 do prezentu Twoj\u0105 dedykacj\u0119.<\/p>\n<p>&nbsp;<\/p>\n<p><strong>W przypadku informacji: <\/strong><\/p>\n<p><strong>Produkt na zam\u00f3wienie \u2013 realizacja w ci\u0105gu 14 dni roboczych<\/strong><\/p>\n<p>&nbsp;<\/p>\n<p><strong>Tutaj mo\u017cesz sprawdzi\u0107 tabel\u0119 rozmiar\u00f3w pier\u015bcionk\u00f3w\u00a0<a href=\"https:\/\/www.hetmanjewelry.com\/tabela-rozmiarow\/\">TABELA ROZMIAR\u00d3W<\/a><\/strong><\/p>\n<p class=\"p1\"><strong><span class=\"s1\">Smacznego! <\/span><\/strong><\/p>\n","protected":false},"featured_media":2103,"template":"","meta":[],"product_brand":[],"product_cat":[38,90,61,31],"product_tag":[66,89,62,69],"class_list":{"0":"post-19209","1":"product","2":"type-product","3":"status-publish","4":"has-post-thumbnail","6":"product_cat-polishfood","7":"product_cat-obwarzanki","8":"product_cat-pierscionki","9":"product_cat-pozlacane","10":"product_tag-kuchnia-polska","11":"product_tag-oscypek","12":"product_tag-pierscionek","13":"product_tag-polskie-jedzenie","15":"first","16":"instock","17":"featured","18":"taxable","19":"shipping-taxable","20":"purchasable","21":"product-type-variable"},"jetpack_sharing_enabled":true,"_links":{"self":[{"href":"https:\/\/www.hetmanjewelry.com\/pl\/wp-json\/wp\/v2\/product\/19209","targetHints":{"allow":["GET"]}}],"collection":[{"href":"https:\/\/www.hetmanjewelry.com\/pl\/wp-json\/wp\/v2\/product"}],"about":[{"href":"https:\/\/www.hetmanjewelry.com\/pl\/wp-json\/wp\/v2\/types\/product"}],"wp:featuredmedia":[{"embeddable":true,"href":"https:\/\/www.hetmanjewelry.com\/pl\/wp-json\/wp\/v2\/media\/2103"}],"wp:attachment":[{"href":"https:\/\/www.hetmanjewelry.com\/pl\/wp-json\/wp\/v2\/media?parent=19209"}],"wp:term":[{"taxonomy":"product_brand","embeddable":true,"href":"https:\/\/www.hetmanjewelry.com\/pl\/wp-json\/wp\/v2\/product_brand?post=19209"},{"taxonomy":"product_cat","embeddable":true,"href":"https:\/\/www.hetmanjewelry.com\/pl\/wp-json\/wp\/v2\/product_cat?post=19209"},{"taxonomy":"product_tag","embeddable":true,"href":"https:\/\/www.hetmanjewelry.com\/pl\/wp-json\/wp\/v2\/product_tag?post=19209"}],"curies":[{"name":"wp","href":"https:\/\/api.w.org\/{rel}","templated":true}]}}