{"id":18406,"date":"2025-11-23T18:14:27","date_gmt":"2025-11-23T17:14:27","guid":{"rendered":"https:\/\/www.hetmanjewelry.com\/?post_type=product&#038;p=18406"},"modified":"2026-02-25T20:33:15","modified_gmt":"2026-02-25T19:33:15","slug":"obwarzanek-bransoletka-srebro-pozlacane-2","status":"publish","type":"product","link":"https:\/\/www.hetmanjewelry.com\/pl\/produkt\/obwarzanek-bransoletka-srebro-pozlacane-2\/","title":{"rendered":"Obwarzanek bransoletka srebro poz\u0142acane"},"content":{"rendered":"","protected":false},"excerpt":{"rendered":"<p><strong>Obwarzanek bransoletka<\/strong><\/p>\n<p>Srebrne zapi\u0119cie z regulowan\u0105 przed\u0142u\u017ck\u0105 rozmiar 14-18 cm<\/p>\n<p>Srebro 925 poz\u0142acane 24-karatowym z\u0142otem<\/p>\n<p>&nbsp;<\/p>\n<p><strong>Zapakowa\u0107 na prezent? Dodaj informacj\u0119 przy sk\u0142adaniu zam\u00f3wienia.<\/strong><\/p>\n<p>Je\u017celi chcesz wys\u0142a\u0107 prezent bezpo\u015brednio pod wskazany adres mo\u017cemy do\u0142\u0105czy\u0107 do prezentu Twoj\u0105 dedykacj\u0119.<\/p>\n","protected":false},"featured_media":18079,"template":"","meta":[],"product_brand":[],"product_cat":[38,136,88,31],"product_tag":[],"class_list":{"0":"post-18406","1":"product","2":"type-product","3":"status-publish","4":"has-post-thumbnail","6":"product_cat-polishfood","7":"product_cat-bransoletki","8":"product_cat-oscypki","9":"product_cat-pozlacane","11":"first","12":"instock","13":"taxable","14":"shipping-taxable","15":"purchasable","16":"product-type-simple"},"jetpack_sharing_enabled":true,"_links":{"self":[{"href":"https:\/\/www.hetmanjewelry.com\/pl\/wp-json\/wp\/v2\/product\/18406","targetHints":{"allow":["GET"]}}],"collection":[{"href":"https:\/\/www.hetmanjewelry.com\/pl\/wp-json\/wp\/v2\/product"}],"about":[{"href":"https:\/\/www.hetmanjewelry.com\/pl\/wp-json\/wp\/v2\/types\/product"}],"wp:featuredmedia":[{"embeddable":true,"href":"https:\/\/www.hetmanjewelry.com\/pl\/wp-json\/wp\/v2\/media\/18079"}],"wp:attachment":[{"href":"https:\/\/www.hetmanjewelry.com\/pl\/wp-json\/wp\/v2\/media?parent=18406"}],"wp:term":[{"taxonomy":"product_brand","embeddable":true,"href":"https:\/\/www.hetmanjewelry.com\/pl\/wp-json\/wp\/v2\/product_brand?post=18406"},{"taxonomy":"product_cat","embeddable":true,"href":"https:\/\/www.hetmanjewelry.com\/pl\/wp-json\/wp\/v2\/product_cat?post=18406"},{"taxonomy":"product_tag","embeddable":true,"href":"https:\/\/www.hetmanjewelry.com\/pl\/wp-json\/wp\/v2\/product_tag?post=18406"}],"curies":[{"name":"wp","href":"https:\/\/api.w.org\/{rel}","templated":true}]}}