{"id":18193,"date":"2025-07-30T20:30:08","date_gmt":"2025-07-30T18:30:08","guid":{"rendered":"https:\/\/www.hetmanjewelry.com\/?post_type=product&#038;p=18193"},"modified":"2025-11-07T22:31:35","modified_gmt":"2025-11-07T21:31:35","slug":"karabinczyk-zawieszka-mosiadz-pozlacany","status":"publish","type":"product","link":"https:\/\/www.hetmanjewelry.com\/pl\/produkt\/karabinczyk-zawieszka-mosiadz-pozlacany\/","title":{"rendered":"Karabi\u0144czyk zawieszka  mosi\u0105dz poz\u0142acany"},"content":{"rendered":"","protected":false},"excerpt":{"rendered":"<p><strong>Karabinek wspinaczkowy zawieszka<br \/>\n<\/strong><\/p>\n<p>bez \u0142a\u0144cuszka, bez rzemienia<\/p>\n<p>mosi\u0105dz poz\u0142acany 24-karatowym z\u0142otem<\/p>\n<p>&nbsp;<\/p>\n<p><strong>Zapakowa\u0107 na prezent? Dodaj informacj\u0119 przy sk\u0142adaniu zam\u00f3wienia.<\/strong><\/p>\n<p>Je\u017celi chcesz wys\u0142a\u0107 prezent bezpo\u015brednio pod wskazany adres mo\u017cemy do\u0142\u0105czy\u0107 do prezentu Twoj\u0105 dedykacj\u0119.<\/p>\n","protected":false},"featured_media":18126,"template":"","meta":[],"product_brand":[],"product_cat":[341,45,137,31],"product_tag":[46,345,47],"class_list":{"0":"post-18193","1":"product","2":"type-product","3":"status-publish","4":"has-post-thumbnail","6":"product_cat-klub-sportowy","7":"product_cat-naszyjniki","8":"product_cat-nowosci","9":"product_cat-pozlacane","10":"product_tag-naszyjnik","11":"product_tag-szekla","12":"product_tag-zawieszka","14":"first","15":"instock","16":"taxable","17":"shipping-taxable","18":"purchasable","19":"product-type-simple"},"jetpack_sharing_enabled":true,"_links":{"self":[{"href":"https:\/\/www.hetmanjewelry.com\/pl\/wp-json\/wp\/v2\/product\/18193","targetHints":{"allow":["GET"]}}],"collection":[{"href":"https:\/\/www.hetmanjewelry.com\/pl\/wp-json\/wp\/v2\/product"}],"about":[{"href":"https:\/\/www.hetmanjewelry.com\/pl\/wp-json\/wp\/v2\/types\/product"}],"wp:featuredmedia":[{"embeddable":true,"href":"https:\/\/www.hetmanjewelry.com\/pl\/wp-json\/wp\/v2\/media\/18126"}],"wp:attachment":[{"href":"https:\/\/www.hetmanjewelry.com\/pl\/wp-json\/wp\/v2\/media?parent=18193"}],"wp:term":[{"taxonomy":"product_brand","embeddable":true,"href":"https:\/\/www.hetmanjewelry.com\/pl\/wp-json\/wp\/v2\/product_brand?post=18193"},{"taxonomy":"product_cat","embeddable":true,"href":"https:\/\/www.hetmanjewelry.com\/pl\/wp-json\/wp\/v2\/product_cat?post=18193"},{"taxonomy":"product_tag","embeddable":true,"href":"https:\/\/www.hetmanjewelry.com\/pl\/wp-json\/wp\/v2\/product_tag?post=18193"}],"curies":[{"name":"wp","href":"https:\/\/api.w.org\/{rel}","templated":true}]}}