{"id":1819,"date":"2024-04-14T11:08:40","date_gmt":"2024-04-14T09:08:40","guid":{"rendered":"https:\/\/www.hetmanjewelry.com\/?post_type=product&#038;p=1819"},"modified":"2026-02-25T21:28:51","modified_gmt":"2026-02-25T20:28:51","slug":"obwarzanki-kolczyki-wiszace","status":"publish","type":"product","link":"https:\/\/www.hetmanjewelry.com\/pl\/produkt\/obwarzanki-kolczyki-wiszace\/","title":{"rendered":"Obwarzanki kolczyki wisz\u0105ce"},"content":{"rendered":"","protected":false},"excerpt":{"rendered":"<p class=\"p1\"><span class=\"s1\"><strong>Obwarzanek kolczyki wisz\u0105ce wkr\u0119tki<br \/>\n<\/strong><\/span><\/p>\n<p>\u015arednica 1,5 cm<\/p>\n<p>Istnieje mo\u017cliwo\u015b\u0107 wykonania bi\u017cuterii w 14-karatowym z\u0142ocie.<\/p>\n<p>&nbsp;<\/p>\n<p>Obwarzanek to jedzeniowy symbol Krakowa. Jest wytrawnym pieczywem posypanym makiem, sezamem lub sol\u0105. Kszta\u0142tem przypomina pier\u015bcie\u0144 o splocie przypominaj\u0105cym zawini\u0119ty warkocz. Pierwsze historyczne wzmianki pochodz\u0105 z XIV w.\u00a0 <span class=\"s1\">Z\u0142oty wieniec rozkoszy podniebienia. <\/span><span class=\"s1\">Warkocz Anielski. <\/span><span class=\"s1\">Kszta\u0142t przyjemno\u015bci.<\/span> Czy wiesz, \u017ce \u015brednia dzienna produkcja obwarzank\u00f3w sprzedawanych na rynku krakowskim w dni powszednie wynosi niemal 150 tysi\u0119cy sztuk?!<\/p>\n<p>&nbsp;<\/p>\n<p class=\"p1\"><strong><span class=\"s1\">G\u0142odni dizajnu, ludzie humoru i dystansu, gotuj\u0105cy i jedz\u0105cy, cz\u0119stujcie i (ob)no\u015bcie si\u0119 tym co najlepsze!<\/span><\/strong><\/p>\n<p>&nbsp;<\/p>\n<p><strong>Zapakowa\u0107 na prezent? <\/strong><strong>Dodaj informacj\u0119 przy sk\u0142adaniu zam\u00f3wienia.<\/strong><\/p>\n<p>&nbsp;<\/p>\n","protected":false},"featured_media":1896,"template":"","meta":[],"product_brand":[],"product_cat":[38,30,90,31],"product_tag":[91,34,66,92,67,68,69],"class_list":{"0":"post-1819","1":"product","2":"type-product","3":"status-publish","4":"has-post-thumbnail","6":"product_cat-polishfood","7":"product_cat-kolczyki","8":"product_cat-obwarzanki","9":"product_cat-pozlacane","10":"product_tag-bajgiel","11":"product_tag-kolczyki","12":"product_tag-kuchnia-polska","13":"product_tag-obwarzanek","14":"product_tag-pierog","15":"product_tag-pierogi","16":"product_tag-polskie-jedzenie","18":"first","19":"instock","20":"taxable","21":"shipping-taxable","22":"purchasable","23":"product-type-variable"},"jetpack_sharing_enabled":true,"_links":{"self":[{"href":"https:\/\/www.hetmanjewelry.com\/pl\/wp-json\/wp\/v2\/product\/1819","targetHints":{"allow":["GET"]}}],"collection":[{"href":"https:\/\/www.hetmanjewelry.com\/pl\/wp-json\/wp\/v2\/product"}],"about":[{"href":"https:\/\/www.hetmanjewelry.com\/pl\/wp-json\/wp\/v2\/types\/product"}],"wp:featuredmedia":[{"embeddable":true,"href":"https:\/\/www.hetmanjewelry.com\/pl\/wp-json\/wp\/v2\/media\/1896"}],"wp:attachment":[{"href":"https:\/\/www.hetmanjewelry.com\/pl\/wp-json\/wp\/v2\/media?parent=1819"}],"wp:term":[{"taxonomy":"product_brand","embeddable":true,"href":"https:\/\/www.hetmanjewelry.com\/pl\/wp-json\/wp\/v2\/product_brand?post=1819"},{"taxonomy":"product_cat","embeddable":true,"href":"https:\/\/www.hetmanjewelry.com\/pl\/wp-json\/wp\/v2\/product_cat?post=1819"},{"taxonomy":"product_tag","embeddable":true,"href":"https:\/\/www.hetmanjewelry.com\/pl\/wp-json\/wp\/v2\/product_tag?post=1819"}],"curies":[{"name":"wp","href":"https:\/\/api.w.org\/{rel}","templated":true}]}}