{"id":18189,"date":"2025-07-30T20:11:31","date_gmt":"2025-07-30T18:11:31","guid":{"rendered":"https:\/\/www.hetmanjewelry.com\/?post_type=product&#038;p=18189"},"modified":"2025-11-07T22:39:52","modified_gmt":"2025-11-07T21:39:52","slug":"wezel-osemka-wyblinka-naszyjnik-srebro-pozlacane","status":"publish","type":"product","link":"https:\/\/www.hetmanjewelry.com\/pl\/produkt\/wezel-osemka-wyblinka-naszyjnik-srebro-pozlacane\/","title":{"rendered":"W\u0119ze\u0142 \u00f3semka wyblinka pier\u015bcionek srebro"},"content":{"rendered":"","protected":false},"excerpt":{"rendered":"<p><strong>W\u0119ze\u0142 \u00f3semka wyblinka pier\u015bcionek<\/strong><\/p>\n<p>srebro 925<\/p>\n<p>Prosz\u0119 poda\u0107 rozmiar pier\u015bcionka w szczeg\u00f3\u0142ach zam\u00f3wienia<\/p>\n<p>Istnieje mo\u017cliwo\u015b\u0107 wykonania w wersji mosi\u0105dz poz\u0142acany<\/p>\n<p><strong>Zapakowa\u0107 na prezent? Dodaj informacj\u0119 przy sk\u0142adaniu zam\u00f3wienia.<\/strong><\/p>\n<p>Je\u017celi chcesz wys\u0142a\u0107 prezent bezpo\u015brednio pod wskazany adres mo\u017cemy do\u0142\u0105czy\u0107 do prezentu Twoj\u0105 dedykacj\u0119.<\/p>\n","protected":false},"featured_media":18097,"template":"","meta":[],"product_brand":[],"product_cat":[341,61],"product_tag":[],"class_list":{"0":"post-18189","1":"product","2":"type-product","3":"status-publish","4":"has-post-thumbnail","6":"product_cat-klub-sportowy","7":"product_cat-pierscionki","9":"first","10":"instock","11":"taxable","12":"shipping-taxable","13":"purchasable","14":"product-type-simple"},"jetpack_sharing_enabled":true,"_links":{"self":[{"href":"https:\/\/www.hetmanjewelry.com\/pl\/wp-json\/wp\/v2\/product\/18189","targetHints":{"allow":["GET"]}}],"collection":[{"href":"https:\/\/www.hetmanjewelry.com\/pl\/wp-json\/wp\/v2\/product"}],"about":[{"href":"https:\/\/www.hetmanjewelry.com\/pl\/wp-json\/wp\/v2\/types\/product"}],"wp:featuredmedia":[{"embeddable":true,"href":"https:\/\/www.hetmanjewelry.com\/pl\/wp-json\/wp\/v2\/media\/18097"}],"wp:attachment":[{"href":"https:\/\/www.hetmanjewelry.com\/pl\/wp-json\/wp\/v2\/media?parent=18189"}],"wp:term":[{"taxonomy":"product_brand","embeddable":true,"href":"https:\/\/www.hetmanjewelry.com\/pl\/wp-json\/wp\/v2\/product_brand?post=18189"},{"taxonomy":"product_cat","embeddable":true,"href":"https:\/\/www.hetmanjewelry.com\/pl\/wp-json\/wp\/v2\/product_cat?post=18189"},{"taxonomy":"product_tag","embeddable":true,"href":"https:\/\/www.hetmanjewelry.com\/pl\/wp-json\/wp\/v2\/product_tag?post=18189"}],"curies":[{"name":"wp","href":"https:\/\/api.w.org\/{rel}","templated":true}]}}