{"id":18186,"date":"2025-07-30T20:00:25","date_gmt":"2025-07-30T18:00:25","guid":{"rendered":"https:\/\/www.hetmanjewelry.com\/?post_type=product&#038;p=18186"},"modified":"2026-02-25T20:31:12","modified_gmt":"2026-02-25T19:31:12","slug":"szekla-zawieszka-srebro","status":"publish","type":"product","link":"https:\/\/www.hetmanjewelry.com\/pl\/produkt\/szekla-zawieszka-srebro\/","title":{"rendered":"szekla zawieszka srebro"},"content":{"rendered":"","protected":false},"excerpt":{"rendered":"<p><strong>Szekla zawieszka<br \/>\n<\/strong><\/p>\n<p>bez \u0142a\u0144cuszka, bez rzemienia<\/p>\n<p>srebro 925<\/p>\n<p>&nbsp;<\/p>\n<p><strong>Zapakowa\u0107 na prezent? Dodaj informacj\u0119 przy sk\u0142adaniu zam\u00f3wienia.<\/strong><\/p>\n<p>Je\u017celi chcesz wys\u0142a\u0107 prezent bezpo\u015brednio pod wskazany adres mo\u017cemy do\u0142\u0105czy\u0107 do prezentu Twoj\u0105 dedykacj\u0119.<\/p>\n","protected":false},"featured_media":18089,"template":"","meta":[],"product_brand":[],"product_cat":[341,45,137],"product_tag":[46,345,47],"class_list":{"0":"post-18186","1":"product","2":"type-product","3":"status-publish","4":"has-post-thumbnail","6":"product_cat-klub-sportowy","7":"product_cat-naszyjniki","8":"product_cat-nowosci","9":"product_tag-naszyjnik","10":"product_tag-szekla","11":"product_tag-zawieszka","13":"first","14":"instock","15":"taxable","16":"shipping-taxable","17":"purchasable","18":"product-type-simple"},"jetpack_sharing_enabled":true,"_links":{"self":[{"href":"https:\/\/www.hetmanjewelry.com\/pl\/wp-json\/wp\/v2\/product\/18186","targetHints":{"allow":["GET"]}}],"collection":[{"href":"https:\/\/www.hetmanjewelry.com\/pl\/wp-json\/wp\/v2\/product"}],"about":[{"href":"https:\/\/www.hetmanjewelry.com\/pl\/wp-json\/wp\/v2\/types\/product"}],"wp:featuredmedia":[{"embeddable":true,"href":"https:\/\/www.hetmanjewelry.com\/pl\/wp-json\/wp\/v2\/media\/18089"}],"wp:attachment":[{"href":"https:\/\/www.hetmanjewelry.com\/pl\/wp-json\/wp\/v2\/media?parent=18186"}],"wp:term":[{"taxonomy":"product_brand","embeddable":true,"href":"https:\/\/www.hetmanjewelry.com\/pl\/wp-json\/wp\/v2\/product_brand?post=18186"},{"taxonomy":"product_cat","embeddable":true,"href":"https:\/\/www.hetmanjewelry.com\/pl\/wp-json\/wp\/v2\/product_cat?post=18186"},{"taxonomy":"product_tag","embeddable":true,"href":"https:\/\/www.hetmanjewelry.com\/pl\/wp-json\/wp\/v2\/product_tag?post=18186"}],"curies":[{"name":"wp","href":"https:\/\/api.w.org\/{rel}","templated":true}]}}