{"id":1818,"date":"2024-04-14T11:08:40","date_gmt":"2024-04-14T09:08:40","guid":{"rendered":"https:\/\/www.hetmanjewelry.com\/?post_type=product&#038;p=1818"},"modified":"2025-12-16T21:25:53","modified_gmt":"2025-12-16T20:25:53","slug":"obwarzanek-spinki-do-mankietow","status":"publish","type":"product","link":"https:\/\/www.hetmanjewelry.com\/pl\/produkt\/obwarzanek-spinki-do-mankietow\/","title":{"rendered":"Obwarzanek <br> spinki do mankiet\u00f3w <\/br>"},"content":{"rendered":"","protected":false},"excerpt":{"rendered":"<div class=\"woocommerce-product-details__short-description\">\n<p><strong>Obwarzanki spinki do mankiet\u00f3w<\/strong><\/p>\n<p>W wersji srebro 925<\/p>\n<p>\u015awietny dodatek dla\u00a0 wszystkich gastrolubnych do ka\u017cdej koszuli i na ka\u017cd\u0105 okazj\u0119.<\/p>\n<p>&nbsp;<\/p>\n<\/div>\n<p>Obwarzanek to jedzeniowy symbol Krakowa. Jest wytrawnym pieczywem posypanym makiem, sezamem lub sol\u0105. Kszta\u0142tem przypomina pier\u015bcie\u0144 o splocie przypominaj\u0105cym zawini\u0119ty warkocz. Pierwsze historyczne wzmianki pochodz\u0105 z XIV w.\u00a0 <span class=\"s1\">Z\u0142oty wieniec rozkoszy podniebienia. <\/span><span class=\"s1\">Warkocz Anielski. <\/span><span class=\"s1\">Kszta\u0142t przyjemno\u015bci.<\/span> Czy wiesz, \u017ce \u015brednia dzienna produkcja obwarzank\u00f3w sprzedawanych na rynku krakowskim w dni powszednie wynosi niemal 150 tysi\u0119cy sztuk?!<\/p>\n<p>&nbsp;<\/p>\n<p><strong>Zapakowa\u0107 na prezent? Dodaj informacj\u0119 przy sk\u0142adaniu zam\u00f3wienia.<\/strong><\/p>\n<p>Je\u017celi chcesz wys\u0142a\u0107 prezent bezpo\u015brednio pod wskazany adres mo\u017cemy do\u0142\u0105czy\u0107 do prezentu Twoj\u0105 dedykacj\u0119.<\/p>\n","protected":false},"featured_media":1903,"template":"","meta":[],"product_brand":[],"product_cat":[38,84,85],"product_tag":[91,66,92,69,86,87],"class_list":{"0":"post-1818","1":"product","2":"type-product","3":"status-publish","4":"has-post-thumbnail","6":"product_cat-polishfood","7":"product_cat-dla-niego","8":"product_cat-spinki-do-mankietow","9":"product_tag-bajgiel","10":"product_tag-kuchnia-polska","11":"product_tag-obwarzanek","12":"product_tag-polskie-jedzenie","13":"product_tag-spinki-do-koszuli","14":"product_tag-spinki-do-mankietow","16":"first","17":"instock","18":"taxable","19":"shipping-taxable","20":"purchasable","21":"product-type-simple"},"jetpack_sharing_enabled":true,"_links":{"self":[{"href":"https:\/\/www.hetmanjewelry.com\/pl\/wp-json\/wp\/v2\/product\/1818","targetHints":{"allow":["GET"]}}],"collection":[{"href":"https:\/\/www.hetmanjewelry.com\/pl\/wp-json\/wp\/v2\/product"}],"about":[{"href":"https:\/\/www.hetmanjewelry.com\/pl\/wp-json\/wp\/v2\/types\/product"}],"wp:featuredmedia":[{"embeddable":true,"href":"https:\/\/www.hetmanjewelry.com\/pl\/wp-json\/wp\/v2\/media\/1903"}],"wp:attachment":[{"href":"https:\/\/www.hetmanjewelry.com\/pl\/wp-json\/wp\/v2\/media?parent=1818"}],"wp:term":[{"taxonomy":"product_brand","embeddable":true,"href":"https:\/\/www.hetmanjewelry.com\/pl\/wp-json\/wp\/v2\/product_brand?post=1818"},{"taxonomy":"product_cat","embeddable":true,"href":"https:\/\/www.hetmanjewelry.com\/pl\/wp-json\/wp\/v2\/product_cat?post=1818"},{"taxonomy":"product_tag","embeddable":true,"href":"https:\/\/www.hetmanjewelry.com\/pl\/wp-json\/wp\/v2\/product_tag?post=1818"}],"curies":[{"name":"wp","href":"https:\/\/api.w.org\/{rel}","templated":true}]}}