{"id":18174,"date":"2025-07-22T17:17:20","date_gmt":"2025-07-22T15:17:20","guid":{"rendered":"https:\/\/www.hetmanjewelry.com\/?post_type=product&#038;p=18174"},"modified":"2025-11-07T22:39:55","modified_gmt":"2025-11-07T21:39:55","slug":"wezel-osemka-wyblinka-kolczyki-srebro-pozlacane","status":"publish","type":"product","link":"https:\/\/www.hetmanjewelry.com\/pl\/produkt\/wezel-osemka-wyblinka-kolczyki-srebro-pozlacane\/","title":{"rendered":"W\u0119ze\u0142 \u00f3semka wyblinka kolczyki srebro poz\u0142acane"},"content":{"rendered":"","protected":false},"excerpt":{"rendered":"<p>W\u0119ze\u0142 \u00f3semka wyblinka kolczyki srebro<\/p>\n<p>srebro 925<\/p>\n<p>wielo\u015b\u0107 oko\u0142o 10 mm<\/p>\n<p>srebro poz\u0142acane 24-karatowym z\u0142otem<\/p>\n<p>&nbsp;<\/p>\n<p><strong>Zapakowa\u0107 na prezent? Do\u0142\u0105czy\u0107 dedykacj\u0119? <\/strong><\/p>\n<p><strong>Dodaj informacj\u0119 przy sk\u0142adaniu zam\u00f3wienia.<\/strong><\/p>\n","protected":false},"featured_media":18099,"template":"","meta":[],"product_brand":[],"product_cat":[341,137],"product_tag":[],"class_list":{"0":"post-18174","1":"product","2":"type-product","3":"status-publish","4":"has-post-thumbnail","6":"product_cat-klub-sportowy","7":"product_cat-nowosci","9":"first","10":"instock","11":"taxable","12":"shipping-taxable","13":"purchasable","14":"product-type-simple"},"jetpack_sharing_enabled":true,"_links":{"self":[{"href":"https:\/\/www.hetmanjewelry.com\/pl\/wp-json\/wp\/v2\/product\/18174","targetHints":{"allow":["GET"]}}],"collection":[{"href":"https:\/\/www.hetmanjewelry.com\/pl\/wp-json\/wp\/v2\/product"}],"about":[{"href":"https:\/\/www.hetmanjewelry.com\/pl\/wp-json\/wp\/v2\/types\/product"}],"wp:featuredmedia":[{"embeddable":true,"href":"https:\/\/www.hetmanjewelry.com\/pl\/wp-json\/wp\/v2\/media\/18099"}],"wp:attachment":[{"href":"https:\/\/www.hetmanjewelry.com\/pl\/wp-json\/wp\/v2\/media?parent=18174"}],"wp:term":[{"taxonomy":"product_brand","embeddable":true,"href":"https:\/\/www.hetmanjewelry.com\/pl\/wp-json\/wp\/v2\/product_brand?post=18174"},{"taxonomy":"product_cat","embeddable":true,"href":"https:\/\/www.hetmanjewelry.com\/pl\/wp-json\/wp\/v2\/product_cat?post=18174"},{"taxonomy":"product_tag","embeddable":true,"href":"https:\/\/www.hetmanjewelry.com\/pl\/wp-json\/wp\/v2\/product_tag?post=18174"}],"curies":[{"name":"wp","href":"https:\/\/api.w.org\/{rel}","templated":true}]}}