{"id":18153,"date":"2025-07-15T23:08:04","date_gmt":"2025-07-15T21:08:04","guid":{"rendered":"https:\/\/www.hetmanjewelry.com\/?post_type=product&#038;p=18153"},"modified":"2026-02-04T22:31:33","modified_gmt":"2026-02-04T21:31:33","slug":"szarotki-kolczyki-srebro-pozlacane","status":"publish","type":"product","link":"https:\/\/www.hetmanjewelry.com\/pl\/produkt\/szarotki-kolczyki-srebro-pozlacane\/","title":{"rendered":"Szarotki kolczyki srebro poz\u0142acane"},"content":{"rendered":"","protected":false},"excerpt":{"rendered":"<p><strong>Kolczyki kwiat szarotki<br \/>\n<\/strong><\/p>\n<p>\u015brednica 10 mm<\/p>\n<p class=\"p1\"><b>srebro poz\u0142acane 24-karatowym z\u0142otem<\/b><\/p>\n<p>&nbsp;<\/p>\n<p><strong>Zapakowa\u0107 na prezent? Dodaj informacj\u0119 przy sk\u0142adaniu zam\u00f3wienia.<\/strong><\/p>\n<p>Je\u017celi chcesz wys\u0142a\u0107 prezent bezpo\u015brednio pod wskazany adres mo\u017cemy do\u0142\u0105czy\u0107 do prezentu Twoj\u0105 dedykacj\u0119.<\/p>\n","protected":false},"featured_media":18108,"template":"","meta":[],"product_brand":[],"product_cat":[346,341,30,137,31],"product_tag":[103,34],"class_list":{"0":"post-18153","1":"product","2":"type-product","3":"status-publish","4":"has-post-thumbnail","6":"product_cat-biophilia","7":"product_cat-klub-sportowy","8":"product_cat-kolczyki","9":"product_cat-nowosci","10":"product_cat-pozlacane","11":"product_tag-kawa","12":"product_tag-kolczyki","14":"first","15":"instock","16":"taxable","17":"shipping-taxable","18":"purchasable","19":"product-type-simple"},"jetpack_sharing_enabled":true,"_links":{"self":[{"href":"https:\/\/www.hetmanjewelry.com\/pl\/wp-json\/wp\/v2\/product\/18153","targetHints":{"allow":["GET"]}}],"collection":[{"href":"https:\/\/www.hetmanjewelry.com\/pl\/wp-json\/wp\/v2\/product"}],"about":[{"href":"https:\/\/www.hetmanjewelry.com\/pl\/wp-json\/wp\/v2\/types\/product"}],"wp:featuredmedia":[{"embeddable":true,"href":"https:\/\/www.hetmanjewelry.com\/pl\/wp-json\/wp\/v2\/media\/18108"}],"wp:attachment":[{"href":"https:\/\/www.hetmanjewelry.com\/pl\/wp-json\/wp\/v2\/media?parent=18153"}],"wp:term":[{"taxonomy":"product_brand","embeddable":true,"href":"https:\/\/www.hetmanjewelry.com\/pl\/wp-json\/wp\/v2\/product_brand?post=18153"},{"taxonomy":"product_cat","embeddable":true,"href":"https:\/\/www.hetmanjewelry.com\/pl\/wp-json\/wp\/v2\/product_cat?post=18153"},{"taxonomy":"product_tag","embeddable":true,"href":"https:\/\/www.hetmanjewelry.com\/pl\/wp-json\/wp\/v2\/product_tag?post=18153"}],"curies":[{"name":"wp","href":"https:\/\/api.w.org\/{rel}","templated":true}]}}