{"id":18145,"date":"2025-07-15T22:44:36","date_gmt":"2025-07-15T20:44:36","guid":{"rendered":"https:\/\/www.hetmanjewelry.com\/?post_type=product&#038;p=18145"},"modified":"2026-04-01T22:15:49","modified_gmt":"2026-04-01T20:15:49","slug":"kawa-ii-kolczyki-srebro-pozlacane","status":"publish","type":"product","link":"https:\/\/www.hetmanjewelry.com\/pl\/produkt\/kawa-ii-kolczyki-srebro-pozlacane\/","title":{"rendered":"Kawa II kolczyki srebro poz\u0142acane"},"content":{"rendered":"<p><strong>Prezent?<\/strong>\u00a0Dodaj informacj\u0119 przy sk\u0142adaniu zam\u00f3wienia, a do\u0142\u0105czymy torebk\u0119 prezentow\u0105 gratis.<br \/>\n<strong>Wys\u0142a\u0107 pod wskazany adres?<\/strong>\u00a0Napisz a do\u0142\u0105czymy do prezentu Twoj\u0105 dedykacj\u0119<\/p>\n","protected":false},"excerpt":{"rendered":"<p class=\"p1\">Elegancki zastrzyk energii dla wizerunku. Poz\u0142acane 24-karatowym z\u0142otem kolczyki w kszta\u0142cie ziaren kawy zachwycaj\u0105 g\u0142\u0119bokim blaskiem i realistyczn\u0105 faktur\u0105. Te sztyfty to synonim luksusowego minimalizmu. Perfekcyjny prezent dla ka\u017cdej baristki, mi\u0142o\u015bniczki kawy i kobiety, kt\u00f3ra kocha bi\u017cuteri\u0119 z klas\u0105 i z osobistym motywem.<\/p>\n<p>Wielko\u015bci kawy 1:1 <span class=\"s1\">\u25cb<\/span> \u00a0Srebro poz\u0142acane 24-karatowym z\u0142otem<\/p>\n","protected":false},"featured_media":18121,"template":"","meta":[],"product_brand":[],"product_cat":[102,30,137,31,65],"product_tag":[103,34],"class_list":{"0":"post-18145","1":"product","2":"type-product","3":"status-publish","4":"has-post-thumbnail","6":"product_cat-kawa","7":"product_cat-kolczyki","8":"product_cat-nowosci","9":"product_cat-pozlacane","10":"product_cat-smaki-swiata","11":"product_tag-kawa","12":"product_tag-kolczyki","14":"first","15":"instock","16":"taxable","17":"shipping-taxable","18":"purchasable","19":"product-type-simple"},"jetpack_sharing_enabled":true,"_links":{"self":[{"href":"https:\/\/www.hetmanjewelry.com\/pl\/wp-json\/wp\/v2\/product\/18145","targetHints":{"allow":["GET"]}}],"collection":[{"href":"https:\/\/www.hetmanjewelry.com\/pl\/wp-json\/wp\/v2\/product"}],"about":[{"href":"https:\/\/www.hetmanjewelry.com\/pl\/wp-json\/wp\/v2\/types\/product"}],"wp:featuredmedia":[{"embeddable":true,"href":"https:\/\/www.hetmanjewelry.com\/pl\/wp-json\/wp\/v2\/media\/18121"}],"wp:attachment":[{"href":"https:\/\/www.hetmanjewelry.com\/pl\/wp-json\/wp\/v2\/media?parent=18145"}],"wp:term":[{"taxonomy":"product_brand","embeddable":true,"href":"https:\/\/www.hetmanjewelry.com\/pl\/wp-json\/wp\/v2\/product_brand?post=18145"},{"taxonomy":"product_cat","embeddable":true,"href":"https:\/\/www.hetmanjewelry.com\/pl\/wp-json\/wp\/v2\/product_cat?post=18145"},{"taxonomy":"product_tag","embeddable":true,"href":"https:\/\/www.hetmanjewelry.com\/pl\/wp-json\/wp\/v2\/product_tag?post=18145"}],"curies":[{"name":"wp","href":"https:\/\/api.w.org\/{rel}","templated":true}]}}