{"id":1811,"date":"2024-04-14T11:08:18","date_gmt":"2024-04-14T09:08:18","guid":{"rendered":"https:\/\/www.hetmanjewelry.com\/?post_type=product&#038;p=1811"},"modified":"2026-03-31T19:18:40","modified_gmt":"2026-03-31T17:18:40","slug":"oscypek-ii-naszyjnik-z-lancuszkiem","status":"publish","type":"product","link":"https:\/\/www.hetmanjewelry.com\/pl\/produkt\/oscypek-ii-naszyjnik-z-lancuszkiem\/","title":{"rendered":"Oscypek II naszyjnik z \u0142a\u0144cuszkiem"},"content":{"rendered":"","protected":false},"excerpt":{"rendered":"<p><strong>Oscypek naszyjnik<\/strong><\/p>\n<p>Zawieszka o d\u0142ugo\u015bci 1,5 cm<\/p>\n<p>Zawieszka z regulowanym \u0142a\u0144cuszkiem 40-45 cm<\/p>\n<p>&nbsp;<\/p>\n<p>Mi\u0142o\u015b\u0107, mi\u0142o\u015b\u0107 w Zakopanem z \u017curawin\u0105 i szampanem ; ) Nieodzowny element g\u00f3rskich wyjazd\u00f3w. Przyjemno\u015b\u0107 na zimno i na ciep\u0142o. Polski produkt regionalny.<\/p>\n<p>&nbsp;<\/p>\n<p><strong><span class=\"s1\">G\u0142odni dizajnu, ludzie humoru i dystansu, gotuj\u0105cy i jedz\u0105cy, cz\u0119stujcie i (ob)no\u015bcie si\u0119 tym co najlepsze!<\/span><\/strong><\/p>\n<p><strong>Zapakowa\u0107 na prezent? Dodaj informacj\u0119 przy sk\u0142adaniu zam\u00f3wienia.<\/strong><\/p>\n<p>Je\u017celi chcesz wys\u0142a\u0107 prezent bezpo\u015brednio pod wskazany adres mo\u017cemy do\u0142\u0105czy\u0107 do prezentu Twoj\u0105 dedykacj\u0119.<\/p>\n","protected":false},"featured_media":1973,"template":"","meta":[],"product_brand":[],"product_cat":[38,45,88,31],"product_tag":[41,42,66,46,92,89,68,69,100,47],"class_list":{"0":"post-1811","1":"product","2":"type-product","3":"status-publish","4":"has-post-thumbnail","6":"product_cat-polishfood","7":"product_cat-naszyjniki","8":"product_cat-oscypki","9":"product_cat-pozlacane","10":"product_tag-kluska-slaska","11":"product_tag-kluski-slaskie","12":"product_tag-kuchnia-polska","13":"product_tag-naszyjnik","14":"product_tag-obwarzanek","15":"product_tag-oscypek","16":"product_tag-pierogi","17":"product_tag-polskie-jedzenie","18":"product_tag-rogal","19":"product_tag-zawieszka","21":"first","22":"instock","23":"taxable","24":"shipping-taxable","25":"purchasable","26":"product-type-variable","27":"has-default-attributes"},"jetpack_sharing_enabled":true,"_links":{"self":[{"href":"https:\/\/www.hetmanjewelry.com\/pl\/wp-json\/wp\/v2\/product\/1811","targetHints":{"allow":["GET"]}}],"collection":[{"href":"https:\/\/www.hetmanjewelry.com\/pl\/wp-json\/wp\/v2\/product"}],"about":[{"href":"https:\/\/www.hetmanjewelry.com\/pl\/wp-json\/wp\/v2\/types\/product"}],"wp:featuredmedia":[{"embeddable":true,"href":"https:\/\/www.hetmanjewelry.com\/pl\/wp-json\/wp\/v2\/media\/1973"}],"wp:attachment":[{"href":"https:\/\/www.hetmanjewelry.com\/pl\/wp-json\/wp\/v2\/media?parent=1811"}],"wp:term":[{"taxonomy":"product_brand","embeddable":true,"href":"https:\/\/www.hetmanjewelry.com\/pl\/wp-json\/wp\/v2\/product_brand?post=1811"},{"taxonomy":"product_cat","embeddable":true,"href":"https:\/\/www.hetmanjewelry.com\/pl\/wp-json\/wp\/v2\/product_cat?post=1811"},{"taxonomy":"product_tag","embeddable":true,"href":"https:\/\/www.hetmanjewelry.com\/pl\/wp-json\/wp\/v2\/product_tag?post=1811"}],"curies":[{"name":"wp","href":"https:\/\/api.w.org\/{rel}","templated":true}]}}