{"id":18070,"date":"2025-07-15T22:25:21","date_gmt":"2025-07-15T20:25:21","guid":{"rendered":"https:\/\/www.hetmanjewelry.com\/?post_type=product&#038;p=18070"},"modified":"2026-04-01T22:38:15","modified_gmt":"2026-04-01T20:38:15","slug":"kawa-ii-naszyjnik-srebro-pozlacane","status":"publish","type":"product","link":"https:\/\/www.hetmanjewelry.com\/pl\/produkt\/kawa-ii-naszyjnik-srebro-pozlacane\/","title":{"rendered":"Kawa II naszyjnik srebro poz\u0142acane"},"content":{"rendered":"<p><strong>Prezent?<\/strong>\u00a0Dodaj informacj\u0119 przy sk\u0142adaniu zam\u00f3wienia, a do\u0142\u0105czymy torebk\u0119 prezentow\u0105 gratis.<br \/>\n<strong>Wys\u0142a\u0107 pod wskazany adres?<\/strong>\u00a0Napisz a do\u0142\u0105czymy do prezentu Twoj\u0105 dedykacj\u0119<\/p>\n","protected":false},"excerpt":{"rendered":"<p>Z\u0142oty naszyjnik Kawa II to najbardziej realistyczne odwzorowanie kawy w naszej kolekcji. G\u0142\u0119boka faktura i detale sprawiaj\u0105, \u017ce zawieszka wygl\u0105da jak prawdziwe ziarno kawy. Dzi\u0119ki regulacji d\u0142ugo\u015bci \u0142a\u0144cuszka, ten wyrazisty dodatek \u015bwietnie komponuje si\u0119 zar\u00f3wno z prostym t-shirtem, jak i eleganck\u0105 sukienk\u0105. Podaruj sobie lub bliskiej osobie bi\u017cuteri\u0119, kt\u00f3ra celebruje polski design i pasj\u0119 do najlepszych ziaren kawy.<\/p>\n<p>Wielko\u015bci kawy 1:1 <span class=\"s1\">\u25cb<\/span> Regulowany \u0142a\u0144cuszek 40-45 cm <span class=\"s1\">\u25cb<\/span> \u00a0Srebro poz\u0142acane 24-karatowym z\u0142otem<\/p>\n","protected":false},"featured_media":18120,"template":"","meta":[],"product_brand":[],"product_cat":[102,45,137,31,65],"product_tag":[103,46,47],"class_list":{"0":"post-18070","1":"product","2":"type-product","3":"status-publish","4":"has-post-thumbnail","6":"product_cat-kawa","7":"product_cat-naszyjniki","8":"product_cat-nowosci","9":"product_cat-pozlacane","10":"product_cat-smaki-swiata","11":"product_tag-kawa","12":"product_tag-naszyjnik","13":"product_tag-zawieszka","15":"first","16":"instock","17":"taxable","18":"shipping-taxable","19":"purchasable","20":"product-type-simple"},"jetpack_sharing_enabled":true,"_links":{"self":[{"href":"https:\/\/www.hetmanjewelry.com\/pl\/wp-json\/wp\/v2\/product\/18070","targetHints":{"allow":["GET"]}}],"collection":[{"href":"https:\/\/www.hetmanjewelry.com\/pl\/wp-json\/wp\/v2\/product"}],"about":[{"href":"https:\/\/www.hetmanjewelry.com\/pl\/wp-json\/wp\/v2\/types\/product"}],"wp:featuredmedia":[{"embeddable":true,"href":"https:\/\/www.hetmanjewelry.com\/pl\/wp-json\/wp\/v2\/media\/18120"}],"wp:attachment":[{"href":"https:\/\/www.hetmanjewelry.com\/pl\/wp-json\/wp\/v2\/media?parent=18070"}],"wp:term":[{"taxonomy":"product_brand","embeddable":true,"href":"https:\/\/www.hetmanjewelry.com\/pl\/wp-json\/wp\/v2\/product_brand?post=18070"},{"taxonomy":"product_cat","embeddable":true,"href":"https:\/\/www.hetmanjewelry.com\/pl\/wp-json\/wp\/v2\/product_cat?post=18070"},{"taxonomy":"product_tag","embeddable":true,"href":"https:\/\/www.hetmanjewelry.com\/pl\/wp-json\/wp\/v2\/product_tag?post=18070"}],"curies":[{"name":"wp","href":"https:\/\/api.w.org\/{rel}","templated":true}]}}