{"id":18048,"date":"2025-07-11T17:59:23","date_gmt":"2025-07-11T15:59:23","guid":{"rendered":"https:\/\/www.hetmanjewelry.com\/?post_type=product&#038;p=18048"},"modified":"2026-03-31T19:15:55","modified_gmt":"2026-03-31T17:15:55","slug":"ciastko-z-wrozba-maly-naszyjnik-z-lancuszkiem","status":"publish","type":"product","link":"https:\/\/www.hetmanjewelry.com\/pl\/produkt\/ciastko-z-wrozba-maly-naszyjnik-z-lancuszkiem\/","title":{"rendered":"Ciastko z wr\u00f3\u017cb\u0105 ma\u0142y naszyjnik z \u0142a\u0144cuszkiem"},"content":{"rendered":"","protected":false},"excerpt":{"rendered":"<p><strong>Naszyjnik ciastko z wr\u00f3\u017cb\u0105<br \/>\n<\/strong><\/p>\n<p>Wymiary zawieszki 2,0 mm<\/p>\n<p>Z regulowanym \u0142a\u0144cuszkiem 40-45 cm<\/p>\n<p>Ciasteczka szcz\u0119\u015bcia (&#8222;Fortune Cookies&#8221;.) to ma\u0142e, kruche ciastka, wewn\u0105trz kt\u00f3rych znajduje si\u0119 bilet z wyj\u0105tkow\u0105\u00a0 wiadomo\u015bci\u0105 lub wr\u00f3\u017cb\u0105. Naszyjnik na szcz\u0119\u015bcie, pe\u0142ny pozytywnych intencji. \ud83d\ude42<\/p>\n<p><strong>Zapakowa\u0107 na prezent? Dodaj informacj\u0119 przy sk\u0142adaniu zam\u00f3wienia.<\/strong><\/p>\n<p>Je\u017celi chcesz wys\u0142a\u0107 prezent bezpo\u015brednio pod wskazany adres mo\u017cemy do\u0142\u0105czy\u0107 do prezentu Twoj\u0105 dedykacj\u0119.<\/p>\n","protected":false},"featured_media":2159,"template":"","meta":[],"product_brand":[],"product_cat":[45,31,65],"product_tag":[91,124,125,123,46,67,68,120,100,101,122,47],"class_list":{"0":"post-18048","1":"product","2":"type-product","3":"status-publish","4":"has-post-thumbnail","6":"product_cat-naszyjniki","7":"product_cat-pozlacane","8":"product_cat-smaki-swiata","9":"product_tag-bajgiel","10":"product_tag-ciasteczko-szczescia","11":"product_tag-ciastko-z-wrozba","12":"product_tag-dim-sum","13":"product_tag-naszyjnik","14":"product_tag-pierog","15":"product_tag-pierogi","16":"product_tag-precel","17":"product_tag-rogal","18":"product_tag-rogalik","19":"product_tag-sushi","20":"product_tag-zawieszka","22":"first","23":"instock","24":"featured","25":"taxable","26":"shipping-taxable","27":"purchasable","28":"product-type-variable"},"jetpack_sharing_enabled":true,"_links":{"self":[{"href":"https:\/\/www.hetmanjewelry.com\/pl\/wp-json\/wp\/v2\/product\/18048","targetHints":{"allow":["GET"]}}],"collection":[{"href":"https:\/\/www.hetmanjewelry.com\/pl\/wp-json\/wp\/v2\/product"}],"about":[{"href":"https:\/\/www.hetmanjewelry.com\/pl\/wp-json\/wp\/v2\/types\/product"}],"wp:featuredmedia":[{"embeddable":true,"href":"https:\/\/www.hetmanjewelry.com\/pl\/wp-json\/wp\/v2\/media\/2159"}],"wp:attachment":[{"href":"https:\/\/www.hetmanjewelry.com\/pl\/wp-json\/wp\/v2\/media?parent=18048"}],"wp:term":[{"taxonomy":"product_brand","embeddable":true,"href":"https:\/\/www.hetmanjewelry.com\/pl\/wp-json\/wp\/v2\/product_brand?post=18048"},{"taxonomy":"product_cat","embeddable":true,"href":"https:\/\/www.hetmanjewelry.com\/pl\/wp-json\/wp\/v2\/product_cat?post=18048"},{"taxonomy":"product_tag","embeddable":true,"href":"https:\/\/www.hetmanjewelry.com\/pl\/wp-json\/wp\/v2\/product_tag?post=18048"}],"curies":[{"name":"wp","href":"https:\/\/api.w.org\/{rel}","templated":true}]}}