{"id":1787,"date":"2024-04-14T11:05:58","date_gmt":"2024-04-14T09:05:58","guid":{"rendered":"https:\/\/www.hetmanjewelry.com\/?post_type=product&#038;p=1787"},"modified":"2026-04-13T22:48:07","modified_gmt":"2026-04-13T20:48:07","slug":"pierogi-spinki-do-mankietow","status":"publish","type":"product","link":"https:\/\/www.hetmanjewelry.com\/pl\/produkt\/pierogi-spinki-do-mankietow\/","title":{"rendered":"Pierogi <br> spinki do mankiet\u00f3w <\/br>"},"content":{"rendered":"","protected":false},"excerpt":{"rendered":"<div class=\"woocommerce-product-details__short-description\">\n<p><strong>Pierogi spinki do mankiet\u00f3w<\/strong><\/p>\n<p>W wersji srebro 925<\/p>\n<p>Wymiary pieroga 1,5 cm x 1 cm<\/p>\n<p>\u015awietny dodatek dla gastrolubnych do ka\u017cdej koszuli i na ka\u017cd\u0105 okazj\u0119.<\/p>\n<p class=\"p1\"><span class=\"s1\">Gotowane, pieczone, sma\u017cone, grillowane. O kszta\u0142tach sto\u017cka, sakiewki, tr\u00f3jk\u0105ta i p\u00f3\u0142kr\u0105\u017cka.\u00a0<\/span><span class=\"s1\">Od male\u0144kich uszek, a\u017c po olbrzymie pojedyncze. Nadziewane na s\u0142odko lub na s\u0142ono. Wyst\u0119puj\u0105ce pod r\u00f3\u017cn\u0105 postaci\u0105 o licznych odmianach regionalnych. Uznawane za tradycyjn\u0105 potraw\u0119 staropolsk\u0105. Podstawa zdania \u201eale najlepsze to robi\u2026\u201d<\/span><\/p>\n<p class=\"p1\"><span class=\"s1\">&lt;fanfary&gt;.<\/span><\/p>\n<p class=\"p1\"><span class=\"s1\">Oto one! Pierogi idealne!<\/span><\/p>\n<p class=\"p1\"><strong><span class=\"s1\">G\u0142odni dizajnu, ludzie humoru i dystansu, gotuj\u0105cy i jedz\u0105cy, cz\u0119stujcie i (ob)no\u015bcie si\u0119 tym co najlepsze!\u00a0<\/span><\/strong><\/p>\n<p><strong>Zapakowa\u0107 na prezent? Dodaj informacj\u0119 przy sk\u0142adaniu zam\u00f3wienia.<\/strong><\/p>\n<p>Je\u017celi chcesz wys\u0142a\u0107 prezent bezpo\u015brednio pod wskazany adres mo\u017cemy do\u0142\u0105czy\u0107 do prezentu Twoj\u0105 dedykacj\u0119.<\/p>\n<\/div>\n","protected":false},"featured_media":1864,"template":"","meta":[],"product_brand":[],"product_cat":[38,84,85],"product_tag":[66,67,68,69,86,87],"class_list":{"0":"post-1787","1":"product","2":"type-product","3":"status-publish","4":"has-post-thumbnail","6":"product_cat-polishfood","7":"product_cat-dla-niego","8":"product_cat-spinki-do-mankietow","9":"product_tag-kuchnia-polska","10":"product_tag-pierog","11":"product_tag-pierogi","12":"product_tag-polskie-jedzenie","13":"product_tag-spinki-do-koszuli","14":"product_tag-spinki-do-mankietow","16":"first","17":"outofstock","18":"taxable","19":"shipping-taxable","20":"purchasable","21":"product-type-simple"},"jetpack_sharing_enabled":true,"_links":{"self":[{"href":"https:\/\/www.hetmanjewelry.com\/pl\/wp-json\/wp\/v2\/product\/1787","targetHints":{"allow":["GET"]}}],"collection":[{"href":"https:\/\/www.hetmanjewelry.com\/pl\/wp-json\/wp\/v2\/product"}],"about":[{"href":"https:\/\/www.hetmanjewelry.com\/pl\/wp-json\/wp\/v2\/types\/product"}],"wp:featuredmedia":[{"embeddable":true,"href":"https:\/\/www.hetmanjewelry.com\/pl\/wp-json\/wp\/v2\/media\/1864"}],"wp:attachment":[{"href":"https:\/\/www.hetmanjewelry.com\/pl\/wp-json\/wp\/v2\/media?parent=1787"}],"wp:term":[{"taxonomy":"product_brand","embeddable":true,"href":"https:\/\/www.hetmanjewelry.com\/pl\/wp-json\/wp\/v2\/product_brand?post=1787"},{"taxonomy":"product_cat","embeddable":true,"href":"https:\/\/www.hetmanjewelry.com\/pl\/wp-json\/wp\/v2\/product_cat?post=1787"},{"taxonomy":"product_tag","embeddable":true,"href":"https:\/\/www.hetmanjewelry.com\/pl\/wp-json\/wp\/v2\/product_tag?post=1787"}],"curies":[{"name":"wp","href":"https:\/\/api.w.org\/{rel}","templated":true}]}}