{"id":1763,"date":"2024-04-14T11:05:17","date_gmt":"2024-04-14T09:05:17","guid":{"rendered":"https:\/\/www.hetmanjewelry.com\/?post_type=product&#038;p=1763"},"modified":"2025-12-27T02:25:12","modified_gmt":"2025-12-27T01:25:12","slug":"kluska-slaska-pierscionek-maly-srebro-pozlacane","status":"publish","type":"product","link":"https:\/\/www.hetmanjewelry.com\/pl\/produkt\/kluska-slaska-pierscionek-maly-srebro-pozlacane\/","title":{"rendered":"Kluska \u015bl\u0105ska pier\u015bcionek ma\u0142y srebro poz\u0142acane"},"content":{"rendered":"","protected":false},"excerpt":{"rendered":"<p>Kluska \u015al\u0105ska pier\u015bcionek ma\u0142y srebro poz\u0142acane<\/p>\n<p>Srebro poz\u0142acane 24-karatowym z\u0142otem<\/p>\n<p>W niedziel\u0119 obowi\u0105zuj\u0105 tylko te zasady: <strong>gniu\u015b, kula\u0107, warzi\u0107<\/strong> !<\/p>\n<p><strong>Kluska \u015al\u0105ska<\/strong> to ho\u0142d dla niedzielnego obiadu. Bi\u017cuteria dla tych co kochaj\u0105 gotowa\u0107 oraz dla tych co w kuchni niekoniecznie czuj\u0105 si\u0119 jak kluska w wodzie, ale na pewno <strong>kochaj\u0105 je\u015b\u0107<\/strong>! Kluska \u015al\u0105ska to zdecydowanie najsmakowitszy dodatek w ka\u017cdej stylizacji!<\/p>\n<p>Pier\u015bcionek dost\u0119pny w dw\u00f3ch rozmiarach w wersji fit i na t\u0142usto.<\/p>\n<p>R\u0119cznie kulane.<\/p>\n<p>Bezt\u0142uszczowe.<\/p>\n<p>100% wega\u0144skie.<\/p>\n<p><strong>Zapakowa\u0107 na prezent? Dodaj informacj\u0119 przy sk\u0142adaniu zam\u00f3wienia.<\/strong><\/p>\n<p>Je\u017celi chcesz wys\u0142a\u0107 prezent bezpo\u015brednio pod wskazany adres mo\u017cemy do\u0142\u0105czy\u0107 do prezentu Twoj\u0105 dedykacj\u0119.<\/p>\n<p><strong>Smacznego!<\/strong><\/p>\n<p><strong>W przypadku informacji: <\/strong><\/p>\n<p><strong>Produkt na zam\u00f3wienie \u2013 realizacja w ci\u0105gu 14 dni roboczych<\/strong><\/p>\n<p><strong>Tutaj mo\u017cesz sprawdzi\u0107 tabel\u0119 rozmiar\u00f3w pier\u015bcionk\u00f3w\u00a0<a href=\"https:\/\/www.hetmanjewelry.com\/tabela-rozmiarow\/\">TABELA ROZMIAR\u00d3W<\/a><\/strong><\/p>\n<p><strong>Zapakowa\u0107 na prezent? Dodaj informacj\u0119 przy sk\u0142adaniu zam\u00f3wienia.<\/strong><\/p>\n<p>Je\u017celi chcesz wys\u0142a\u0107 prezent bezpo\u015brednio pod wskazany adres mo\u017cemy do\u0142\u0105czy\u0107 do prezentu Twoj\u0105 dedykacj\u0119.<\/p>\n","protected":false},"featured_media":1833,"template":"","meta":[],"product_brand":[],"product_cat":[38,40,61,31,33],"product_tag":[41,42,66,67,68,62,69,35,36],"class_list":{"0":"post-1763","1":"product","2":"type-product","3":"status-publish","4":"has-post-thumbnail","6":"product_cat-polishfood","7":"product_cat-kluski-slaskie","8":"product_cat-pierscionki","9":"product_cat-pozlacane","10":"product_cat-slaskie","11":"product_tag-kluska-slaska","12":"product_tag-kluski-slaskie","13":"product_tag-kuchnia-polska","14":"product_tag-pierog","15":"product_tag-pierogi","16":"product_tag-pierscionek","17":"product_tag-polskie-jedzenie","18":"product_tag-slask","19":"product_tag-slaska","21":"first","22":"instock","23":"taxable","24":"shipping-taxable","25":"purchasable","26":"product-type-variable"},"jetpack_sharing_enabled":true,"_links":{"self":[{"href":"https:\/\/www.hetmanjewelry.com\/pl\/wp-json\/wp\/v2\/product\/1763","targetHints":{"allow":["GET"]}}],"collection":[{"href":"https:\/\/www.hetmanjewelry.com\/pl\/wp-json\/wp\/v2\/product"}],"about":[{"href":"https:\/\/www.hetmanjewelry.com\/pl\/wp-json\/wp\/v2\/types\/product"}],"wp:featuredmedia":[{"embeddable":true,"href":"https:\/\/www.hetmanjewelry.com\/pl\/wp-json\/wp\/v2\/media\/1833"}],"wp:attachment":[{"href":"https:\/\/www.hetmanjewelry.com\/pl\/wp-json\/wp\/v2\/media?parent=1763"}],"wp:term":[{"taxonomy":"product_brand","embeddable":true,"href":"https:\/\/www.hetmanjewelry.com\/pl\/wp-json\/wp\/v2\/product_brand?post=1763"},{"taxonomy":"product_cat","embeddable":true,"href":"https:\/\/www.hetmanjewelry.com\/pl\/wp-json\/wp\/v2\/product_cat?post=1763"},{"taxonomy":"product_tag","embeddable":true,"href":"https:\/\/www.hetmanjewelry.com\/pl\/wp-json\/wp\/v2\/product_tag?post=1763"}],"curies":[{"name":"wp","href":"https:\/\/api.w.org\/{rel}","templated":true}]}}