{"id":1747,"date":"2024-04-14T11:04:55","date_gmt":"2024-04-14T09:04:55","guid":{"rendered":"https:\/\/www.hetmanjewelry.com\/?post_type=product&#038;p=1747"},"modified":"2026-02-25T20:33:18","modified_gmt":"2026-02-25T19:33:18","slug":"pierscionek-z-weglem-duzy","status":"publish","type":"product","link":"https:\/\/www.hetmanjewelry.com\/pl\/produkt\/pierscionek-z-weglem-duzy\/","title":{"rendered":"Pier\u015bcionek z w\u0119glem du\u017cy"},"content":{"rendered":"","protected":false},"excerpt":{"rendered":"<p><strong>Pier\u015bcionek wykonany ze srebra pr\u00f3by 925 ze \u015bl\u0105skim w\u0119glem.<\/strong><\/p>\n<p>W szczeg\u00f3\u0142ach zam\u00f3wienia prosz\u0119 o podanie rozmiaru pier\u015bcionka.<\/p>\n<p>\u015aL\u0104SKIE to kolekcja sk\u0142adaj\u0105ca si\u0119 z symboli, kszta\u0142t\u00f3w i element\u00f3w architektury regionu wojew\u00f3dztwa \u015al\u0105skiego, kt\u00f3re s\u0105 nie tylko t\u0142em \u017cycia codziennego , ale tak\u017ce okre\u015blaj\u0105 charakter tego niezwyk\u0142ego miejsca.<\/p>\n<p><strong>Produkt na zam\u00f3wienie.<\/strong><\/p>\n<p><strong>Zapakowa\u0107 na prezent? Dodaj informacj\u0119 przy sk\u0142adaniu zam\u00f3wienia.<\/strong><\/p>\n<p>Je\u017celi chcesz wys\u0142a\u0107 prezent bezpo\u015brednio pod wskazany adres mo\u017cemy do\u0142\u0105czy\u0107 do prezentu Twoj\u0105 dedykacj\u0119.<\/p>\n","protected":false},"featured_media":1772,"template":"","meta":[],"product_brand":[],"product_cat":[19],"product_tag":[62,35,36,37],"class_list":{"0":"post-1747","1":"product","2":"type-product","3":"status-publish","4":"has-post-thumbnail","6":"product_cat-bez-kategorii","7":"product_tag-pierscionek","8":"product_tag-slask","9":"product_tag-slaska","10":"product_tag-wegiel","12":"first","13":"instock","14":"taxable","15":"shipping-taxable","16":"purchasable","17":"product-type-simple"},"jetpack_sharing_enabled":true,"_links":{"self":[{"href":"https:\/\/www.hetmanjewelry.com\/pl\/wp-json\/wp\/v2\/product\/1747","targetHints":{"allow":["GET"]}}],"collection":[{"href":"https:\/\/www.hetmanjewelry.com\/pl\/wp-json\/wp\/v2\/product"}],"about":[{"href":"https:\/\/www.hetmanjewelry.com\/pl\/wp-json\/wp\/v2\/types\/product"}],"wp:featuredmedia":[{"embeddable":true,"href":"https:\/\/www.hetmanjewelry.com\/pl\/wp-json\/wp\/v2\/media\/1772"}],"wp:attachment":[{"href":"https:\/\/www.hetmanjewelry.com\/pl\/wp-json\/wp\/v2\/media?parent=1747"}],"wp:term":[{"taxonomy":"product_brand","embeddable":true,"href":"https:\/\/www.hetmanjewelry.com\/pl\/wp-json\/wp\/v2\/product_brand?post=1747"},{"taxonomy":"product_cat","embeddable":true,"href":"https:\/\/www.hetmanjewelry.com\/pl\/wp-json\/wp\/v2\/product_cat?post=1747"},{"taxonomy":"product_tag","embeddable":true,"href":"https:\/\/www.hetmanjewelry.com\/pl\/wp-json\/wp\/v2\/product_tag?post=1747"}],"curies":[{"name":"wp","href":"https:\/\/api.w.org\/{rel}","templated":true}]}}