{"id":1735,"date":"2024-04-14T11:04:16","date_gmt":"2024-04-14T09:04:16","guid":{"rendered":"https:\/\/www.hetmanjewelry.com\/?post_type=product&#038;p=1735"},"modified":"2026-02-25T20:33:24","modified_gmt":"2026-02-25T19:33:24","slug":"pierscionek-kielich-brutalizm","status":"publish","type":"product","link":"https:\/\/www.hetmanjewelry.com\/pl\/produkt\/pierscionek-kielich-brutalizm\/","title":{"rendered":"Pier\u015bcionek kielich brutalizm"},"content":{"rendered":"","protected":false},"excerpt":{"rendered":"<p><strong style=\"font-family: -apple-system, BlinkMacSystemFont, 'Segoe UI', Roboto, Oxygen-Sans, Ubuntu, Cantarell, 'Helvetica Neue', sans-serif;\">Pier\u015bcionek kielich z w\u0119glem<\/strong><\/p>\n<p><strong>Srebro pr\u00f3by 925\u00a0<\/strong><\/p>\n<p><strong>Istnieje mo\u017cliwo\u015b\u0107 wykonania pier\u015bcionka z regulowan\u0105 szyn\u0105\u00a0<\/strong><\/p>\n<p>Pier\u015bcionek kielich inspirowany architektur\u0105 dawnego dworca PKP w Katowicach, kt\u00f3rego konstrukcja sk\u0142ada\u0142a si\u0119 z \u017celbetonowych kielich\u00f3w zwanych r\u00f3wnie\u017c kwiatami. Charakterystyczna budowla jest jednym z najbardziej rozpoznawalnych przyk\u0142ad\u00f3w architektonicznego nurtu brutalizmu w regionie.<\/p>\n<p><strong>\u015aL\u0104SKIE<\/strong> to kolekcja sk\u0142adaj\u0105ca si\u0119 z symboli, kszta\u0142t\u00f3w i element\u00f3w architektury regionu wojew\u00f3dztwa \u015al\u0105skiego, kt\u00f3re s\u0105 nie tylko t\u0142em \u017cycia codziennego , ale tak\u017ce okre\u015blaj\u0105 charakter tego niezwyk\u0142ego miejsca.<\/p>\n<p>&nbsp;<\/p>\n<p><strong>Zapakowa\u0107 na prezent? Dodaj informacj\u0119 przy sk\u0142adaniu zam\u00f3wienia.<\/strong><\/p>\n<p>Je\u017celi chcesz wys\u0142a\u0107 prezent bezpo\u015brednio pod wskazany adres mo\u017cemy do\u0142\u0105czy\u0107 do prezentu Twoj\u0105 dedykacj\u0119.<\/p>\n<p>&nbsp;<\/p>\n<p>&nbsp;<\/p>\n","protected":false},"featured_media":1770,"template":"","meta":[],"product_brand":[],"product_cat":[19],"product_tag":[62,35,36,37],"class_list":{"0":"post-1735","1":"product","2":"type-product","3":"status-publish","4":"has-post-thumbnail","6":"product_cat-bez-kategorii","7":"product_tag-pierscionek","8":"product_tag-slask","9":"product_tag-slaska","10":"product_tag-wegiel","12":"first","13":"instock","14":"taxable","15":"shipping-taxable","16":"purchasable","17":"product-type-simple"},"jetpack_sharing_enabled":true,"_links":{"self":[{"href":"https:\/\/www.hetmanjewelry.com\/pl\/wp-json\/wp\/v2\/product\/1735","targetHints":{"allow":["GET"]}}],"collection":[{"href":"https:\/\/www.hetmanjewelry.com\/pl\/wp-json\/wp\/v2\/product"}],"about":[{"href":"https:\/\/www.hetmanjewelry.com\/pl\/wp-json\/wp\/v2\/types\/product"}],"wp:featuredmedia":[{"embeddable":true,"href":"https:\/\/www.hetmanjewelry.com\/pl\/wp-json\/wp\/v2\/media\/1770"}],"wp:attachment":[{"href":"https:\/\/www.hetmanjewelry.com\/pl\/wp-json\/wp\/v2\/media?parent=1735"}],"wp:term":[{"taxonomy":"product_brand","embeddable":true,"href":"https:\/\/www.hetmanjewelry.com\/pl\/wp-json\/wp\/v2\/product_brand?post=1735"},{"taxonomy":"product_cat","embeddable":true,"href":"https:\/\/www.hetmanjewelry.com\/pl\/wp-json\/wp\/v2\/product_cat?post=1735"},{"taxonomy":"product_tag","embeddable":true,"href":"https:\/\/www.hetmanjewelry.com\/pl\/wp-json\/wp\/v2\/product_tag?post=1735"}],"curies":[{"name":"wp","href":"https:\/\/api.w.org\/{rel}","templated":true}]}}