{"id":1678,"date":"2024-04-14T11:01:26","date_gmt":"2024-04-14T09:01:26","guid":{"rendered":"https:\/\/www.hetmanjewelry.com\/?post_type=product&#038;p=1678"},"modified":"2025-11-07T22:30:16","modified_gmt":"2025-11-07T21:30:16","slug":"chorzowska-zyrafa","status":"publish","type":"product","link":"https:\/\/www.hetmanjewelry.com\/pl\/produkt\/chorzowska-zyrafa\/","title":{"rendered":"Chorzowska \u017byrafa"},"content":{"rendered":"","protected":false},"excerpt":{"rendered":"<p><strong>Naszyjnik \u017byrafa<\/strong><\/p>\n<p>Regulowany naszyjnik 40-45 cm<\/p>\n<p>Bi\u017cuteryjna interpretacja pomnika projektu Leszka Dutki i Leopolda P\u0119dzia\u0142ka \u017byrafy z Chorzowskiego Zoo. Znak dzieci\u0144stwa, kt\u00f3rego nie mog\u0142o zabrakn\u0105\u0107 z kolekcji \u015aL\u0104SKIE!<\/p>\n<p>\u015aL\u0104SKIE to kolekcja sk\u0142adaj\u0105ca si\u0119 z symboli, kszta\u0142t\u00f3w i element\u00f3w architektury regionu wojew\u00f3dztwa \u015al\u0105skiego, kt\u00f3re s\u0105 nie tylko t\u0142em \u017cycia codziennego , ale tak\u017ce okre\u015blaj\u0105 charakter tego niezwyk\u0142ego miejsca.<\/p>\n<p>&nbsp;<\/p>\n<p><strong>Zapakowa\u0107 na prezent? Dodaj informacj\u0119 przy sk\u0142adaniu zam\u00f3wienia.<\/strong><\/p>\n<p>Je\u017celi chcesz wys\u0142a\u0107 prezent bezpo\u015brednio pod wskazany adres mo\u017cemy do\u0142\u0105czy\u0107 do prezentu Twoj\u0105 dedykacj\u0119.<\/p>\n<p>&nbsp;<\/p>\n<p><strong>Produkt dost\u0119pny stacjonarnie w:<\/strong><\/p>\n<p><strong>Pan Stanis\u0142aw z Katowic &#8211; Teatr \u015al\u0105ski<\/strong><\/p>\n<p>Rynek 10 \u00a0Katowice<\/p>\n<p>Wtorek &#8211; Sobota 12:00-20:00<\/p>\n","protected":false},"featured_media":1757,"template":"","meta":[],"product_brand":[],"product_cat":[45,31,33],"product_tag":[46,35,36,37,47],"class_list":{"0":"post-1678","1":"product","2":"type-product","3":"status-publish","4":"has-post-thumbnail","6":"product_cat-naszyjniki","7":"product_cat-pozlacane","8":"product_cat-slaskie","9":"product_tag-naszyjnik","10":"product_tag-slask","11":"product_tag-slaska","12":"product_tag-wegiel","13":"product_tag-zawieszka","15":"first","16":"instock","17":"taxable","18":"shipping-taxable","19":"purchasable","20":"product-type-variable"},"jetpack_sharing_enabled":true,"_links":{"self":[{"href":"https:\/\/www.hetmanjewelry.com\/pl\/wp-json\/wp\/v2\/product\/1678","targetHints":{"allow":["GET"]}}],"collection":[{"href":"https:\/\/www.hetmanjewelry.com\/pl\/wp-json\/wp\/v2\/product"}],"about":[{"href":"https:\/\/www.hetmanjewelry.com\/pl\/wp-json\/wp\/v2\/types\/product"}],"wp:featuredmedia":[{"embeddable":true,"href":"https:\/\/www.hetmanjewelry.com\/pl\/wp-json\/wp\/v2\/media\/1757"}],"wp:attachment":[{"href":"https:\/\/www.hetmanjewelry.com\/pl\/wp-json\/wp\/v2\/media?parent=1678"}],"wp:term":[{"taxonomy":"product_brand","embeddable":true,"href":"https:\/\/www.hetmanjewelry.com\/pl\/wp-json\/wp\/v2\/product_brand?post=1678"},{"taxonomy":"product_cat","embeddable":true,"href":"https:\/\/www.hetmanjewelry.com\/pl\/wp-json\/wp\/v2\/product_cat?post=1678"},{"taxonomy":"product_tag","embeddable":true,"href":"https:\/\/www.hetmanjewelry.com\/pl\/wp-json\/wp\/v2\/product_tag?post=1678"}],"curies":[{"name":"wp","href":"https:\/\/api.w.org\/{rel}","templated":true}]}}