{"id":1664,"date":"2024-04-14T11:01:25","date_gmt":"2024-04-14T09:01:25","guid":{"rendered":"https:\/\/www.hetmanjewelry.com\/?post_type=product&#038;p=1664"},"modified":"2025-11-07T22:32:37","modified_gmt":"2025-11-07T21:32:37","slug":"minimale-long-z-weglem","status":"publish","type":"product","link":"https:\/\/www.hetmanjewelry.com\/pl\/produkt\/minimale-long-z-weglem\/","title":{"rendered":"Minimale long z w\u0119glem"},"content":{"rendered":"","protected":false},"excerpt":{"rendered":"<p><strong>Kolczyki ze srebra pr\u00f3by 925 z najprawdziwszym w\u0119glem.<\/strong><\/p>\n<p>Dla tych co lubi\u0105 bi\u017cuteri\u0119 minimalistyczn\u0105 w wersji z maxi czerni\u0105<\/p>\n<p>R\u0119cznie wykonane kolczyki ze srebra.<\/p>\n<p>Istnieje mo\u017cliwo\u015b\u0107 oksydacji ( poczernienia srebra )<\/p>\n<p>Produkt na zam\u00f3wienie. Wysy\u0142ka do 14 dni roboczych.<\/p>\n<p><strong>Zapakowa\u0107 na prezent? Dodaj informacj\u0119 przy sk\u0142adaniu zam\u00f3wienia.<\/strong><\/p>\n<p>Je\u017celi chcesz wys\u0142a\u0107 prezent bezpo\u015brednio pod wskazany adres mo\u017cemy do\u0142\u0105czy\u0107 do prezentu Twoj\u0105 dedykacj\u0119.<\/p>\n","protected":false},"featured_media":1723,"template":"","meta":[],"product_brand":[],"product_cat":[30,44,33],"product_tag":[34,35,36,37],"class_list":{"0":"post-1664","1":"product","2":"type-product","3":"status-publish","4":"has-post-thumbnail","6":"product_cat-kolczyki","7":"product_cat-minimale","8":"product_cat-slaskie","9":"product_tag-kolczyki","10":"product_tag-slask","11":"product_tag-slaska","12":"product_tag-wegiel","14":"first","15":"outofstock","16":"taxable","17":"shipping-taxable","18":"purchasable","19":"product-type-simple"},"jetpack_sharing_enabled":true,"_links":{"self":[{"href":"https:\/\/www.hetmanjewelry.com\/pl\/wp-json\/wp\/v2\/product\/1664","targetHints":{"allow":["GET"]}}],"collection":[{"href":"https:\/\/www.hetmanjewelry.com\/pl\/wp-json\/wp\/v2\/product"}],"about":[{"href":"https:\/\/www.hetmanjewelry.com\/pl\/wp-json\/wp\/v2\/types\/product"}],"wp:featuredmedia":[{"embeddable":true,"href":"https:\/\/www.hetmanjewelry.com\/pl\/wp-json\/wp\/v2\/media\/1723"}],"wp:attachment":[{"href":"https:\/\/www.hetmanjewelry.com\/pl\/wp-json\/wp\/v2\/media?parent=1664"}],"wp:term":[{"taxonomy":"product_brand","embeddable":true,"href":"https:\/\/www.hetmanjewelry.com\/pl\/wp-json\/wp\/v2\/product_brand?post=1664"},{"taxonomy":"product_cat","embeddable":true,"href":"https:\/\/www.hetmanjewelry.com\/pl\/wp-json\/wp\/v2\/product_cat?post=1664"},{"taxonomy":"product_tag","embeddable":true,"href":"https:\/\/www.hetmanjewelry.com\/pl\/wp-json\/wp\/v2\/product_tag?post=1664"}],"curies":[{"name":"wp","href":"https:\/\/api.w.org\/{rel}","templated":true}]}}