{"id":1657,"date":"2024-04-14T11:01:25","date_gmt":"2024-04-14T09:01:25","guid":{"rendered":"https:\/\/www.hetmanjewelry.com\/?post_type=product&#038;p=1657"},"modified":"2026-04-01T20:06:48","modified_gmt":"2026-04-01T18:06:48","slug":"kluski-slaskie-kolczyki","status":"publish","type":"product","link":"https:\/\/www.hetmanjewelry.com\/pl\/produkt\/kluski-slaskie-kolczyki\/","title":{"rendered":"Kluski \u015al\u0105skie kolczyki"},"content":{"rendered":"<p><strong>Prezent?\u00a0<\/strong>Dodaj informacj\u0119 przy sk\u0142adaniu zam\u00f3wienia, a do\u0142\u0105czymy torebk\u0119 prezentow\u0105 gratis.<br \/>\n<strong>Chcesz wys\u0142a\u0107 prezent pod wskazany adres?\u00a0<\/strong>\u00a0Napisz a do\u0142\u0105czymy do prezentu Twoj\u0105 dedykacj\u0119.<\/p>\n","protected":false},"excerpt":{"rendered":"<p><strong>Kluska \u015al\u0105ska<\/strong>\u00a0to ho\u0142d dla niedzielnego obiadu. Bi\u017cuteria dla tych co kochaj\u0105 gotowa\u0107 oraz dla tych co w kuchni niekoniecznie czuj\u0105 si\u0119 jak kluska w wodzie, ale na pewno\u00a0<strong>kochaj\u0105 je\u015b\u0107<\/strong>! Kluska \u015al\u0105ska to zdecydowanie najsmakowitszy dodatek w ka\u017cdej stylizacji!<\/p>\n<p>W niedziel\u0119 obowi\u0105zuj\u0105 tylko te zasady:\u00a0<strong>gniu\u015b, kula\u0107, warzi\u0107<\/strong>\u00a0!<\/p>\n<p><strong>Kolekcja \u015al\u0105skie<\/strong>\u00a0powsta\u0142a z inspiracji symbolami, kszta\u0142tami i elementami architektury regionu wojew\u00f3dztwa \u015al\u0105skiego, kt\u00f3re s\u0105 nie tylko t\u0142em \u017cycia codziennego, ale tak\u017ce okre\u015blaj\u0105 charakter tego niezwyk\u0142ego miejsca.<\/p>\n<p>\u015arednica 10 mm \u25cb Srebro 925 \u25cb Srebro poz\u0142acane<\/p>\n","protected":false},"featured_media":1702,"template":"","meta":[],"product_brand":[],"product_cat":[38,40,30,31,33],"product_tag":[41,42,34,35,36],"class_list":{"0":"post-1657","1":"product","2":"type-product","3":"status-publish","4":"has-post-thumbnail","6":"product_cat-polishfood","7":"product_cat-kluski-slaskie","8":"product_cat-kolczyki","9":"product_cat-pozlacane","10":"product_cat-slaskie","11":"product_tag-kluska-slaska","12":"product_tag-kluski-slaskie","13":"product_tag-kolczyki","14":"product_tag-slask","15":"product_tag-slaska","17":"first","18":"instock","19":"taxable","20":"shipping-taxable","21":"purchasable","22":"product-type-variable"},"jetpack_sharing_enabled":true,"_links":{"self":[{"href":"https:\/\/www.hetmanjewelry.com\/pl\/wp-json\/wp\/v2\/product\/1657","targetHints":{"allow":["GET"]}}],"collection":[{"href":"https:\/\/www.hetmanjewelry.com\/pl\/wp-json\/wp\/v2\/product"}],"about":[{"href":"https:\/\/www.hetmanjewelry.com\/pl\/wp-json\/wp\/v2\/types\/product"}],"wp:featuredmedia":[{"embeddable":true,"href":"https:\/\/www.hetmanjewelry.com\/pl\/wp-json\/wp\/v2\/media\/1702"}],"wp:attachment":[{"href":"https:\/\/www.hetmanjewelry.com\/pl\/wp-json\/wp\/v2\/media?parent=1657"}],"wp:term":[{"taxonomy":"product_brand","embeddable":true,"href":"https:\/\/www.hetmanjewelry.com\/pl\/wp-json\/wp\/v2\/product_brand?post=1657"},{"taxonomy":"product_cat","embeddable":true,"href":"https:\/\/www.hetmanjewelry.com\/pl\/wp-json\/wp\/v2\/product_cat?post=1657"},{"taxonomy":"product_tag","embeddable":true,"href":"https:\/\/www.hetmanjewelry.com\/pl\/wp-json\/wp\/v2\/product_tag?post=1657"}],"curies":[{"name":"wp","href":"https:\/\/api.w.org\/{rel}","templated":true}]}}