{"id":5852,"date":"2024-06-06T00:17:02","date_gmt":"2024-06-05T22:17:02","guid":{"rendered":"https:\/\/www.hetmanjewelry.com\/?page_id=5852"},"modified":"2025-08-20T16:02:26","modified_gmt":"2025-08-20T14:02:26","slug":"wysylka","status":"publish","type":"page","link":"https:\/\/www.hetmanjewelry.com\/pl\/wysylka\/","title":{"rendered":"Wysy\u0142ka"},"content":{"rendered":"\n\t\t<div id=\"fws_69e346d5aac06\"  data-column-margin=\"default\" data-midnight=\"dark\"  class=\"wpb_row vc_row-fluid vc_row\"  style=\"padding-top: 0px; padding-bottom: 0px; \"><div class=\"row-bg-wrap\" data-bg-animation=\"none\" data-bg-animation-delay=\"\" data-bg-overlay=\"false\"><div class=\"inner-wrap row-bg-layer\" ><div class=\"row-bg viewport-desktop\"  style=\"\"><\/div><\/div><\/div><div class=\"row_col_wrap_12 col span_12 dark left\">\n\t<div  class=\"vc_col-sm-12 wpb_column column_container vc_column_container col no-extra-padding inherit_tablet inherit_phone \"  data-padding-pos=\"all\" data-has-bg-color=\"false\" data-bg-color=\"\" data-bg-opacity=\"1\" data-animation=\"\" data-delay=\"0\" >\n\t\t<div class=\"vc_column-inner\" >\n\t\t\t<div class=\"wpb_wrapper\">\n\t\t\t\t\n<div class=\"wpb_text_column wpb_content_element \" >\n\t<div class=\"wpb_wrapper\">\n\t\t<p class=\"p1\"><b>Wysy\u0142ka<\/b><\/p>\n<p class=\"p2\">Po z\u0142o\u017ceniu zam\u00f3wienia, zostanie do Ciebie nadana wiadomo\u015b\u0107 o obecnym zam\u00f3wieniu oraz maile o\u00a0 kolejnych etapach realizacji. Je\u017celi, nie otrzyma\u0142e\u015b \u017cadnej wiadomo\u015bci, sprawd\u017a prosz\u0119 folder spam a nast\u0119pnie skontaktuj si\u0119 z nami.<br \/>\nWysy\u0142ki paczek w\u00a0<b>ci\u0105gu dw\u00f3ch dni roboczych.*<br \/>\n<\/b>*W przypadku du\u017cej ilo\u015bci zam\u00f3wie\u0144 oraz w kresach \u015bwi\u0105tecznych czas realizacji mo\u017ce si\u0119 wyd\u0142u\u017cy\u0107.<\/p>\n<p class=\"p2\">Produkty wykonywane na zam\u00f3wienie wykonywane s\u0105 do <b>14 dni roboczych.<\/b><\/p>\n<p class=\"p2\">Niezale\u017cnie czy robisz prezent sobie czy innej osobie, bi\u017cuteria jest zawsze zapakowana w pude\u0142ko\u00a0bi\u017cuteryjne. Je\u017celi chcesz wys\u0142a\u0107 prezent bezpo\u015brednio pod wskazany adres mo\u017cemy do\u0142\u0105czy\u0107 do prezentu Twoj\u0105 dedykacj\u0119 oraz torebk\u0119 prezentow\u0105.<\/p>\n<p class=\"p2\"><span class=\"s1\"><b>Paczkomat InPost<\/b><\/span><b><\/b><\/p>\n<p>W przypadku wyboru opcji paczkomatu wyb\u00f3r punktu jest dokonywany przeze zamawiaj\u0105cego na podstawie podanego adresu wysy\u0142ki, je\u017celi posiadasz numer wybranego paczkomatu mo\u017cesz go poda\u0107 w szczeg\u00f3\u0142ach zam\u00f3wienia. Pami\u0119taj, aby poda\u0107 <b>poprawny<\/b> numer telefonu oraz e-mail, aby otrzyma\u0107 wiadomo\u015b\u0107 o dostarczeniu przesy\u0142ki do wskazanego punktu. Wysy\u0142a za po\u015brednictwem InPost to 1-2 dni robocze.<\/p>\n<p class=\"p2\"><span class=\"s1\"><b>Wysy\u0142ka zagraniczna<\/b><\/span><b><\/b><\/p>\n<p>Mo\u017cliwa jest wysy\u0142ka paczki jako\u00a0list piorytetowy polecony &#8211; standard\u00a0\u2013 mo\u017cliwo\u015b\u0107 \u015bledzenia paczki tylko do granicy z Polsk\u0105 oraz\u00a0<b>Global Express<\/b>\u00a0\u2013 przesy\u0142ka na ca\u0142y \u015bwiat z mo\u017cliwo\u015bci\u0105 \u015bledzenia paczki, a\u017c do momentu dostarczenia do odbiorcy. W przypadku niekt\u00f3rych kraj\u00f3w przesy\u0142ka Global Express mo\u017ce by\u0107 niemo\u017cliwa.<\/p>\n<p class=\"p3\"><b>Odbi\u00f3r osobisty<\/b><\/p>\n<p class=\"p2\">Obecnie istnieje mo\u017cliwo\u015b\u0107 odbioru osobistego w ci\u0105gu dnia oraz po godzinie 17:00, prosz\u0119 jednak o <b>wcze\u015bniejszy kontakt<\/b>, aby ustali\u0107 czy dany produkt jest dost\u0119pny oraz w jakim dniu i godzinie mia\u0142by by\u0107 odbi\u00f3r zam\u00f3wienia. <b>Pracownia nie posiada sta\u0142ych godzin otwarcia<\/b>.<\/p>\n<p class=\"p2\">W razie jakichkolwiek pyta\u0144 zapraszam do kontaktu<span class=\"s2\">.<\/span><\/p>\n<p class=\"p5\"><b>\u00a0<\/b><\/p>\n\t<\/div>\n<\/div>\n\n\n\n\n\t\t\t<\/div> \n\t\t<\/div>\n\t<\/div> \n<\/div><\/div>\n\t\t<div id=\"fws_69e346d5ab4a7\"  data-column-margin=\"default\" data-midnight=\"dark\"  class=\"wpb_row vc_row-fluid vc_row\"  style=\"padding-top: 0px; padding-bottom: 0px; \"><div class=\"row-bg-wrap\" data-bg-animation=\"none\" data-bg-animation-delay=\"\" data-bg-overlay=\"false\"><div class=\"inner-wrap row-bg-layer\" ><div class=\"row-bg viewport-desktop\"  style=\"\"><\/div><\/div><\/div><div class=\"row_col_wrap_12 col span_12 dark left\">\n\t<div  class=\"vc_col-sm-12 wpb_column column_container vc_column_container col no-extra-padding inherit_tablet inherit_phone \"  data-padding-pos=\"all\" data-has-bg-color=\"false\" data-bg-color=\"\" data-bg-opacity=\"1\" data-animation=\"\" data-delay=\"0\" >\n\t\t<div class=\"vc_column-inner\" >\n\t\t\t<div class=\"wpb_wrapper\">\n\t\t\t\t\n<div class=\"nectar_food_menu_item \" data-style=\"default\">\n  <div class=\"inner\">\n    <div class=\"item_name\"><h3><\/h3><\/div><div class=\"line_spacer\"><\/div>\n    <div class=\"item_price\"><h3><\/h3><\/div>\n  <\/div>\n  <div class=\"item_description\"><\/div>\n<\/div>\n\n\t\t\t<\/div> \n\t\t<\/div>\n\t<\/div> \n<\/div><\/div>\n","protected":false},"excerpt":{"rendered":"Wysy\u0142ka Po z\u0142o\u017ceniu zam\u00f3wienia, zostanie do Ciebie nadana wiadomo\u015b\u0107 o obecnym zam\u00f3wieniu oraz maile o\u00a0 kolejnych etapach realizacji. Je\u017celi, nie otrzyma\u0142e\u015b \u017cadnej wiadomo\u015bci, sprawd\u017a prosz\u0119...","protected":false},"author":39,"featured_media":0,"parent":0,"menu_order":0,"comment_status":"closed","ping_status":"closed","template":"","meta":{"footnotes":""},"class_list":["post-5852","page","type-page","status-publish"],"jetpack_sharing_enabled":true,"_links":{"self":[{"href":"https:\/\/www.hetmanjewelry.com\/pl\/wp-json\/wp\/v2\/pages\/5852","targetHints":{"allow":["GET"]}}],"collection":[{"href":"https:\/\/www.hetmanjewelry.com\/pl\/wp-json\/wp\/v2\/pages"}],"about":[{"href":"https:\/\/www.hetmanjewelry.com\/pl\/wp-json\/wp\/v2\/types\/page"}],"author":[{"embeddable":true,"href":"https:\/\/www.hetmanjewelry.com\/pl\/wp-json\/wp\/v2\/users\/39"}],"replies":[{"embeddable":true,"href":"https:\/\/www.hetmanjewelry.com\/pl\/wp-json\/wp\/v2\/comments?post=5852"}],"version-history":[{"count":12,"href":"https:\/\/www.hetmanjewelry.com\/pl\/wp-json\/wp\/v2\/pages\/5852\/revisions"}],"predecessor-version":[{"id":18239,"href":"https:\/\/www.hetmanjewelry.com\/pl\/wp-json\/wp\/v2\/pages\/5852\/revisions\/18239"}],"wp:attachment":[{"href":"https:\/\/www.hetmanjewelry.com\/pl\/wp-json\/wp\/v2\/media?parent=5852"}],"curies":[{"name":"wp","href":"https:\/\/api.w.org\/{rel}","templated":true}]}}