{"id":6134,"date":"2024-11-09T13:46:40","date_gmt":"2024-11-09T12:46:40","guid":{"rendered":"https:\/\/www.hetmanjewelry.com\/?post_type=product&#038;p=6134"},"modified":"2026-02-25T20:24:07","modified_gmt":"2026-02-25T19:24:07","slug":"banany-kolczyki-srebro","status":"publish","type":"product","link":"https:\/\/www.hetmanjewelry.com\/en\/product\/banany-kolczyki-srebro\/","title":{"rendered":"Banana earrings silver"},"content":{"rendered":"","protected":false},"excerpt":{"rendered":"<p><strong>Kolczyki Banany<\/strong><\/p>\n<p>\u015arednica 15 mm<\/p>\n<p>Banany to idealny prezent z humorem, w ko\u0144cu to najbardziej u\u015bmiechni\u0119ty owoc \u015bwiata. ; )<\/p>\n<p>&nbsp;<\/p>\n<p>Ten tropikalny dla nas owoc to w rzeczywisto\u015bci jagoda. Banan zwyczajny jest prawdopodobnie hybryd\u0105 dw\u00f3ch gatunk\u00f3w dzikich: <i>Musa acuminata<\/i> i <i>Musa balbisiana. <\/i>Jest jedn\u0105 z najwa\u017cniejszych ro\u015blin uprawianych w krajach tropikalnych w strefie mi\u0119dzyzwrotnikowej w Afryce, Ameryce Po\u0142udniowej i P\u00f3\u0142nocnej, Azji oraz krajach Pacyfiku.<\/p>\n<p>&nbsp;<\/p>\n<p>&nbsp;<\/p>\n<div class=\"woocommerce-product-details__short-description\">\n<p><strong>Gift wrap? Add information when ordering.<\/strong><\/p>\n<p>If you want to send a gift directly to a specified address, we can include your dedication with the gift.<\/p>\n<\/div>","protected":false},"featured_media":2228,"template":"","meta":[],"product_brand":[],"product_cat":[30,31,65],"product_tag":[34],"class_list":{"0":"post-6134","1":"product","2":"type-product","3":"status-publish","4":"has-post-thumbnail","6":"product_cat-kolczyki","7":"product_cat-pozlacane","8":"product_cat-smaki-swiata","9":"product_tag-kolczyki","11":"first","12":"instock","13":"taxable","14":"shipping-taxable","15":"purchasable","16":"product-type-simple"},"jetpack_sharing_enabled":true,"_links":{"self":[{"href":"https:\/\/www.hetmanjewelry.com\/en\/wp-json\/wp\/v2\/product\/6134","targetHints":{"allow":["GET"]}}],"collection":[{"href":"https:\/\/www.hetmanjewelry.com\/en\/wp-json\/wp\/v2\/product"}],"about":[{"href":"https:\/\/www.hetmanjewelry.com\/en\/wp-json\/wp\/v2\/types\/product"}],"wp:featuredmedia":[{"embeddable":true,"href":"https:\/\/www.hetmanjewelry.com\/en\/wp-json\/wp\/v2\/media\/2228"}],"wp:attachment":[{"href":"https:\/\/www.hetmanjewelry.com\/en\/wp-json\/wp\/v2\/media?parent=6134"}],"wp:term":[{"taxonomy":"product_brand","embeddable":true,"href":"https:\/\/www.hetmanjewelry.com\/en\/wp-json\/wp\/v2\/product_brand?post=6134"},{"taxonomy":"product_cat","embeddable":true,"href":"https:\/\/www.hetmanjewelry.com\/en\/wp-json\/wp\/v2\/product_cat?post=6134"},{"taxonomy":"product_tag","embeddable":true,"href":"https:\/\/www.hetmanjewelry.com\/en\/wp-json\/wp\/v2\/product_tag?post=6134"}],"curies":[{"name":"wp","href":"https:\/\/api.w.org\/{rel}","templated":true}]}}