{"id":2529,"date":"2025-10-14T12:12:20","date_gmt":"2025-10-14T10:12:20","guid":{"rendered":"https:\/\/www.hetmanjewelry.com\/?post_type=product&#038;p=2529"},"modified":"2026-04-01T02:55:29","modified_gmt":"2026-04-01T00:55:29","slug":"pierog-naszyjnik-z-lancuszkiem-maly-srebro-pozlacane","status":"publish","type":"product","link":"https:\/\/www.hetmanjewelry.com\/en\/product\/pierog-naszyjnik-z-lancuszkiem-maly-srebro-pozlacane\/","title":{"rendered":"Pier\u00f3g naszyjnik z \u0142a\u0144cuszkiem ma\u0142y srebro poz\u0142acane"},"content":{"rendered":"","protected":false},"excerpt":{"rendered":"<p>&nbsp;<br \/>\nWymiary zawieszki 1 cm<br \/>\n\u0141a\u0144cuszek regulowany 40-45 cm<br \/>\nSrebro poz\u0142acane 24-karatowym z\u0142otem<\/p>\n<p>Subtelna wersja naszego bestsellera \u2013 ma\u0142y naszyjnik pier\u00f3g wykonany ze srebra poz\u0142acanego 24-karatowym z\u0142otem. Minimalistyczny design sprawia, \u017ce ten \u201esmaczny\u201d dodatek pasuje do ka\u017cdej stylizacji, od codziennego t-shirtu po wieczorowe wyj\u015bcia. Idealny dla kolekcjoner\u00f3w unikalnej bi\u017cuterii handmade, kt\u00f3rzy ceni\u0105 polskie rzemios\u0142o.<\/p>\n<p><strong>Prezent?\u00a0<\/strong>Dodaj informacj\u0119 przy sk\u0142adaniu zam\u00f3wienia, a do\u0142\u0105czymy torebk\u0119 prezentow\u0105 gratis.<br \/>\n<strong>Chcesz wys\u0142a\u0107 prezent pod wskazany adres?\u00a0<\/strong>\u00a0Napisz a do\u0142\u0105czymy do prezentu Twoj\u0105 dedykacj\u0119.<\/p>","protected":false},"featured_media":2338,"template":"","meta":[],"product_brand":[],"product_cat":[38,45,83,31],"product_tag":[66,46,92,69,47],"class_list":{"0":"post-2529","1":"product","2":"type-product","3":"status-publish","4":"has-post-thumbnail","6":"product_cat-polishfood","7":"product_cat-naszyjniki","8":"product_cat-pierogi","9":"product_cat-pozlacane","10":"product_tag-kuchnia-polska","11":"product_tag-naszyjnik","12":"product_tag-obwarzanek","13":"product_tag-polskie-jedzenie","14":"product_tag-zawieszka","16":"first","17":"instock","18":"taxable","19":"shipping-taxable","20":"purchasable","21":"product-type-variable"},"jetpack_sharing_enabled":true,"_links":{"self":[{"href":"https:\/\/www.hetmanjewelry.com\/en\/wp-json\/wp\/v2\/product\/2529","targetHints":{"allow":["GET"]}}],"collection":[{"href":"https:\/\/www.hetmanjewelry.com\/en\/wp-json\/wp\/v2\/product"}],"about":[{"href":"https:\/\/www.hetmanjewelry.com\/en\/wp-json\/wp\/v2\/types\/product"}],"wp:featuredmedia":[{"embeddable":true,"href":"https:\/\/www.hetmanjewelry.com\/en\/wp-json\/wp\/v2\/media\/2338"}],"wp:attachment":[{"href":"https:\/\/www.hetmanjewelry.com\/en\/wp-json\/wp\/v2\/media?parent=2529"}],"wp:term":[{"taxonomy":"product_brand","embeddable":true,"href":"https:\/\/www.hetmanjewelry.com\/en\/wp-json\/wp\/v2\/product_brand?post=2529"},{"taxonomy":"product_cat","embeddable":true,"href":"https:\/\/www.hetmanjewelry.com\/en\/wp-json\/wp\/v2\/product_cat?post=2529"},{"taxonomy":"product_tag","embeddable":true,"href":"https:\/\/www.hetmanjewelry.com\/en\/wp-json\/wp\/v2\/product_tag?post=2529"}],"curies":[{"name":"wp","href":"https:\/\/api.w.org\/{rel}","templated":true}]}}