{"id":2524,"date":"2025-07-14T12:11:50","date_gmt":"2025-07-14T10:11:50","guid":{"rendered":"https:\/\/www.hetmanjewelry.com\/?post_type=product&#038;p=2524"},"modified":"2026-04-01T02:47:31","modified_gmt":"2026-04-01T00:47:31","slug":"pierog-naszyjnik-z-lancuszkiem-mosiadz-pozlacany","status":"publish","type":"product","link":"https:\/\/www.hetmanjewelry.com\/en\/product\/pierog-naszyjnik-z-lancuszkiem-mosiadz-pozlacany\/","title":{"rendered":"Pier\u00f3g naszyjnik z \u0142a\u0144cuszkiem du\u017cy mosi\u0105dz poz\u0142acany"},"content":{"rendered":"","protected":false},"excerpt":{"rendered":"<p>Srebro poz\u0142acane 24-karatowym z\u0142otem<br \/>\nWymiary zawieszki 1,5 cm x 1 cm<br \/>\n\u0141a\u0144cuszek regulowany 40-45 cm<\/p>\n<p>Odkryj wyj\u0105tkowy naszyjnik z motywem pieroga \u2013 ikon\u0119 polskiej kuchni zamkni\u0119t\u0105 w formie eleganckiej bi\u017cuterii. Wykonany z poz\u0142acane 24-karatowym z\u0142otem mosi\u0105dzu z regulowanym \u0142a\u0144cuszkiem ze srebra poz\u0142acanego (40-45 cm) zapewnia komfort noszenia i wyb\u00f3r odpowiedniej d\u0142ugo\u015bci. Idealny prezent dla mi\u0142o\u015bnik\u00f3w polskiego jedzenia, os\u00f3b z dystansem do mody i poczuciem humoru oraz doskona\u0142a pami\u0105tka z polski.<\/p>\n<p><strong>Prezent?<\/strong> Dodaj informacj\u0119 przy sk\u0142adaniu zam\u00f3wienia, a do\u0142\u0105czymy torebk\u0119 prezentow\u0105 gratis.<br \/>\n<strong>Wys\u0142a\u0107 pod wskazany adres?<\/strong> Napisz a do\u0142\u0105czymy do prezentu Twoj\u0105 dedykacj\u0119<\/p>","protected":false},"featured_media":2553,"template":"","meta":[],"product_brand":[],"product_cat":[38,45,83,31],"product_tag":[66,46,67,68,69,47],"class_list":{"0":"post-2524","1":"product","2":"type-product","3":"status-publish","4":"has-post-thumbnail","6":"product_cat-polishfood","7":"product_cat-naszyjniki","8":"product_cat-pierogi","9":"product_cat-pozlacane","10":"product_tag-kuchnia-polska","11":"product_tag-naszyjnik","12":"product_tag-pierog","13":"product_tag-pierogi","14":"product_tag-polskie-jedzenie","15":"product_tag-zawieszka","17":"first","18":"instock","19":"featured","20":"taxable","21":"shipping-taxable","22":"purchasable","23":"product-type-variable"},"jetpack_sharing_enabled":true,"_links":{"self":[{"href":"https:\/\/www.hetmanjewelry.com\/en\/wp-json\/wp\/v2\/product\/2524","targetHints":{"allow":["GET"]}}],"collection":[{"href":"https:\/\/www.hetmanjewelry.com\/en\/wp-json\/wp\/v2\/product"}],"about":[{"href":"https:\/\/www.hetmanjewelry.com\/en\/wp-json\/wp\/v2\/types\/product"}],"wp:featuredmedia":[{"embeddable":true,"href":"https:\/\/www.hetmanjewelry.com\/en\/wp-json\/wp\/v2\/media\/2553"}],"wp:attachment":[{"href":"https:\/\/www.hetmanjewelry.com\/en\/wp-json\/wp\/v2\/media?parent=2524"}],"wp:term":[{"taxonomy":"product_brand","embeddable":true,"href":"https:\/\/www.hetmanjewelry.com\/en\/wp-json\/wp\/v2\/product_brand?post=2524"},{"taxonomy":"product_cat","embeddable":true,"href":"https:\/\/www.hetmanjewelry.com\/en\/wp-json\/wp\/v2\/product_cat?post=2524"},{"taxonomy":"product_tag","embeddable":true,"href":"https:\/\/www.hetmanjewelry.com\/en\/wp-json\/wp\/v2\/product_tag?post=2524"}],"curies":[{"name":"wp","href":"https:\/\/api.w.org\/{rel}","templated":true}]}}