{"id":2516,"date":"2024-04-14T12:11:29","date_gmt":"2024-04-14T10:11:29","guid":{"rendered":"https:\/\/www.hetmanjewelry.com\/?post_type=product&#038;p=2516"},"modified":"2025-11-07T22:35:20","modified_gmt":"2025-11-07T21:35:20","slug":"oscypki-spinki-do-mankietow-3","status":"publish","type":"product","link":"https:\/\/www.hetmanjewelry.com\/en\/product\/oscypki-spinki-do-mankietow-3\/","title":{"rendered":"Oscypek cheese <br> cufflinks <\/br>"},"content":{"rendered":"","protected":false},"excerpt":{"rendered":"<div class=\"woocommerce-product-details__short-description\">\n<p><strong>Oscypki spinki do mankiet\u00f3w<\/strong><\/p>\n<p>W wersji srebro 925<\/p>\n<p>\u015awietny dodatek dla\u00a0 wszystkich gastrolubnych do ka\u017cdej koszuli i na ka\u017cd\u0105 okazj\u0119.<\/p>\n<\/div>\n<p>&nbsp;<\/p>\n<p>Love, love in Zakopane with cranberries and champagne ; ) An essential element of mountain trips. A pleasure both cold and hot. Polish regional product.<\/p>\n<div class=\"woocommerce-product-details__short-description\">\n<p><strong><span class=\"s1\">Hungry for design, people of humor and distance, cooking and eating, help yourself and (show off) the best!<\/span><\/strong><\/p>\n<p><strong>Gift wrap? Add information when ordering.<\/strong><\/p>\n<p>If you want to send a gift directly to a specified address, we can include your dedication with the gift.<\/p>\n<\/div>","protected":false},"featured_media":2544,"template":"","meta":[],"product_brand":[],"product_cat":[38,84,85],"product_tag":[66,89,69,86,87],"class_list":{"0":"post-2516","1":"product","2":"type-product","3":"status-publish","4":"has-post-thumbnail","6":"product_cat-polishfood","7":"product_cat-dla-niego","8":"product_cat-spinki-do-mankietow","9":"product_tag-kuchnia-polska","10":"product_tag-oscypek","11":"product_tag-polskie-jedzenie","12":"product_tag-spinki-do-koszuli","13":"product_tag-spinki-do-mankietow","15":"first","16":"instock","17":"taxable","18":"shipping-taxable","19":"purchasable","20":"product-type-simple"},"jetpack_sharing_enabled":true,"_links":{"self":[{"href":"https:\/\/www.hetmanjewelry.com\/en\/wp-json\/wp\/v2\/product\/2516","targetHints":{"allow":["GET"]}}],"collection":[{"href":"https:\/\/www.hetmanjewelry.com\/en\/wp-json\/wp\/v2\/product"}],"about":[{"href":"https:\/\/www.hetmanjewelry.com\/en\/wp-json\/wp\/v2\/types\/product"}],"wp:featuredmedia":[{"embeddable":true,"href":"https:\/\/www.hetmanjewelry.com\/en\/wp-json\/wp\/v2\/media\/2544"}],"wp:attachment":[{"href":"https:\/\/www.hetmanjewelry.com\/en\/wp-json\/wp\/v2\/media?parent=2516"}],"wp:term":[{"taxonomy":"product_brand","embeddable":true,"href":"https:\/\/www.hetmanjewelry.com\/en\/wp-json\/wp\/v2\/product_brand?post=2516"},{"taxonomy":"product_cat","embeddable":true,"href":"https:\/\/www.hetmanjewelry.com\/en\/wp-json\/wp\/v2\/product_cat?post=2516"},{"taxonomy":"product_tag","embeddable":true,"href":"https:\/\/www.hetmanjewelry.com\/en\/wp-json\/wp\/v2\/product_tag?post=2516"}],"curies":[{"name":"wp","href":"https:\/\/api.w.org\/{rel}","templated":true}]}}