{"id":2515,"date":"2024-04-14T12:11:29","date_gmt":"2024-04-14T10:11:29","guid":{"rendered":"https:\/\/www.hetmanjewelry.com\/?post_type=product&#038;p=2515"},"modified":"2025-12-16T21:26:12","modified_gmt":"2025-12-16T20:26:12","slug":"rogaliki-male-kolczyki-srebro-pozlacane","status":"publish","type":"product","link":"https:\/\/www.hetmanjewelry.com\/en\/product\/rogaliki-male-kolczyki-srebro-pozlacane\/","title":{"rendered":"Rogaliki ma\u0142e kolczyki srebro poz\u0142acane"},"content":{"rendered":"","protected":false},"excerpt":{"rendered":"<p><strong>Rogaliki Ma\u0142e Kolczyki<\/strong><\/p>\n<p><strong>PREORDER &#8211; WYSY\u0141KA 20.12 !<\/strong><\/p>\n<p>Srebro 925 srebro poz\u0142acane 24-karatowym z\u0142otem<\/p>\n<p>Wymiary kolczyk\u00f3w 1 cm<\/p>\n<p>&nbsp;<\/p>\n<p>Czy mo\u017cna wyrazi\u0107 lepiej mi\u0142o\u015b\u0107 ni\u017c pierogowym sercem? Nie s\u0105dz\u0119! Mi\u0142o\u015b\u0107 do drugiej osoby oraz mi\u0142o\u015b\u0107 do glutenu wyra\u017cona w jednej formie.<\/p>\n<p><strong>Gift wrap? Add information when ordering.<\/strong><\/p>\n<p>If you want to send a gift directly to a specified address, we can include your dedication with the gift.<\/p>","protected":false},"featured_media":2543,"template":"","meta":[],"product_brand":[],"product_cat":[38,30,31,99],"product_tag":[66,46,67,68,69,47],"class_list":{"0":"post-2515","1":"product","2":"type-product","3":"status-publish","4":"has-post-thumbnail","6":"product_cat-polishfood","7":"product_cat-kolczyki","8":"product_cat-pozlacane","9":"product_cat-rogaliki","10":"product_tag-kuchnia-polska","11":"product_tag-naszyjnik","12":"product_tag-pierog","13":"product_tag-pierogi","14":"product_tag-polskie-jedzenie","15":"product_tag-zawieszka","17":"first","18":"outofstock","19":"featured","20":"taxable","21":"shipping-taxable","22":"purchasable","23":"product-type-simple"},"jetpack_sharing_enabled":true,"_links":{"self":[{"href":"https:\/\/www.hetmanjewelry.com\/en\/wp-json\/wp\/v2\/product\/2515","targetHints":{"allow":["GET"]}}],"collection":[{"href":"https:\/\/www.hetmanjewelry.com\/en\/wp-json\/wp\/v2\/product"}],"about":[{"href":"https:\/\/www.hetmanjewelry.com\/en\/wp-json\/wp\/v2\/types\/product"}],"wp:featuredmedia":[{"embeddable":true,"href":"https:\/\/www.hetmanjewelry.com\/en\/wp-json\/wp\/v2\/media\/2543"}],"wp:attachment":[{"href":"https:\/\/www.hetmanjewelry.com\/en\/wp-json\/wp\/v2\/media?parent=2515"}],"wp:term":[{"taxonomy":"product_brand","embeddable":true,"href":"https:\/\/www.hetmanjewelry.com\/en\/wp-json\/wp\/v2\/product_brand?post=2515"},{"taxonomy":"product_cat","embeddable":true,"href":"https:\/\/www.hetmanjewelry.com\/en\/wp-json\/wp\/v2\/product_cat?post=2515"},{"taxonomy":"product_tag","embeddable":true,"href":"https:\/\/www.hetmanjewelry.com\/en\/wp-json\/wp\/v2\/product_tag?post=2515"}],"curies":[{"name":"wp","href":"https:\/\/api.w.org\/{rel}","templated":true}]}}