{"id":2440,"date":"2024-04-14T12:00:16","date_gmt":"2024-04-14T10:00:16","guid":{"rendered":"https:\/\/www.hetmanjewelry.com\/?post_type=product&#038;p=2440"},"modified":"2026-01-29T17:25:57","modified_gmt":"2026-01-29T16:25:57","slug":"pierog-serce-naszyjnik-z-lancuszkiem-srebro-pozlacane","status":"publish","type":"product","link":"https:\/\/www.hetmanjewelry.com\/en\/product\/pierog-serce-naszyjnik-z-lancuszkiem-srebro-pozlacane\/","title":{"rendered":"Pier\u00f3g serce naszyjnik z \u0142a\u0144cuszkiem"},"content":{"rendered":"","protected":false},"excerpt":{"rendered":"<p><strong>Pier\u00f3g Serce Naszyjnik<\/strong><\/p>\n<p>Srebro 925 poz\u0142acane 24-karatowym z\u0142otem<\/p>\n<p>Wymiary zawieszki 1,2 cm x 1 cm<\/p>\n<p>\u0141a\u0144cuszek regulowany 40-45 cm<\/p>\n<p>Czy mo\u017cna wyrazi\u0107 lepiej mi\u0142o\u015b\u0107 ni\u017c pierogowym sercem? Nie s\u0105dz\u0119! Mi\u0142o\u015b\u0107 do drugiej osoby oraz mi\u0142o\u015b\u0107 do glutenu wyra\u017cona w jednej formie.<\/p>\n<p><strong>Gift wrap? Add information when ordering.<\/strong><\/p>\n<p>If you want to send a gift directly to a specified address, we can include your dedication with the gift.<\/p>","protected":false},"featured_media":2501,"template":"","meta":[],"product_brand":[],"product_cat":[38,45,137,83,31],"product_tag":[66,46,67,68,69,47],"class_list":{"0":"post-2440","1":"product","2":"type-product","3":"status-publish","4":"has-post-thumbnail","6":"product_cat-polishfood","7":"product_cat-naszyjniki","8":"product_cat-nowosci","9":"product_cat-pierogi","10":"product_cat-pozlacane","11":"product_tag-kuchnia-polska","12":"product_tag-naszyjnik","13":"product_tag-pierog","14":"product_tag-pierogi","15":"product_tag-polskie-jedzenie","16":"product_tag-zawieszka","18":"first","19":"instock","20":"featured","21":"taxable","22":"shipping-taxable","23":"purchasable","24":"product-type-variable"},"jetpack_sharing_enabled":true,"_links":{"self":[{"href":"https:\/\/www.hetmanjewelry.com\/en\/wp-json\/wp\/v2\/product\/2440","targetHints":{"allow":["GET"]}}],"collection":[{"href":"https:\/\/www.hetmanjewelry.com\/en\/wp-json\/wp\/v2\/product"}],"about":[{"href":"https:\/\/www.hetmanjewelry.com\/en\/wp-json\/wp\/v2\/types\/product"}],"wp:featuredmedia":[{"embeddable":true,"href":"https:\/\/www.hetmanjewelry.com\/en\/wp-json\/wp\/v2\/media\/2501"}],"wp:attachment":[{"href":"https:\/\/www.hetmanjewelry.com\/en\/wp-json\/wp\/v2\/media?parent=2440"}],"wp:term":[{"taxonomy":"product_brand","embeddable":true,"href":"https:\/\/www.hetmanjewelry.com\/en\/wp-json\/wp\/v2\/product_brand?post=2440"},{"taxonomy":"product_cat","embeddable":true,"href":"https:\/\/www.hetmanjewelry.com\/en\/wp-json\/wp\/v2\/product_cat?post=2440"},{"taxonomy":"product_tag","embeddable":true,"href":"https:\/\/www.hetmanjewelry.com\/en\/wp-json\/wp\/v2\/product_tag?post=2440"}],"curies":[{"name":"wp","href":"https:\/\/api.w.org\/{rel}","templated":true}]}}