{"id":2425,"date":"2024-04-14T11:42:18","date_gmt":"2024-04-14T09:42:18","guid":{"rendered":"https:\/\/www.hetmanjewelry.com\/?post_type=product&#038;p=2425"},"modified":"2026-03-06T20:29:59","modified_gmt":"2026-03-06T19:29:59","slug":"oscypek-duzy-sygnet","status":"publish","type":"product","link":"https:\/\/www.hetmanjewelry.com\/en\/product\/oscypek-duzy-sygnet\/","title":{"rendered":"Oscypek large signet ring"},"content":{"rendered":"","protected":false},"excerpt":{"rendered":"<p>Silver 925<\/p>\n<p>wykonanie w ci\u0105gu 5 dni roboczych.<\/p>\n<p><strong>Rozmiar pier\u015bcionka dodaj w polu &#8222;uwagi do zam\u00f3wienia&#8221; przy sk\u0142adaniu zam\u00f3wienia.<\/strong><\/p>\n<p><strong>Tutaj mo\u017cesz sprawdzi\u0107 tabel\u0119 rozmiar\u00f3w pier\u015bcionk\u00f3w\u00a0<a href=\"https:\/\/www.hetmanjewelry.com\/tabela-rozmiarow\/\">TABELA ROZMIAR\u00d3W<\/a><\/strong><\/p>\n<p>&nbsp;<\/p>\n<p class=\"p1\"><strong><span class=\"s1\">Hungry for design, people of humor and distance, cooking and eating, help yourself and (show off) the best!\u00a0<\/span><\/strong><\/p>\n<p><strong>Gift wrap? Add information when ordering.<\/strong><\/p>\n<p>If you want to send a gift directly to a specified address, we can include your dedication with the gift.<\/p>\n<p class=\"p1\"><strong><span class=\"s1\">Smacznego!<\/span><\/strong><\/p>","protected":false},"featured_media":2486,"template":"","meta":[],"product_brand":[],"product_cat":[38,84,61],"product_tag":[66,46,67,68,69,47],"class_list":{"0":"post-2425","1":"product","2":"type-product","3":"status-publish","4":"has-post-thumbnail","6":"product_cat-polishfood","7":"product_cat-dla-niego","8":"product_cat-pierscionki","9":"product_tag-kuchnia-polska","10":"product_tag-naszyjnik","11":"product_tag-pierog","12":"product_tag-pierogi","13":"product_tag-polskie-jedzenie","14":"product_tag-zawieszka","16":"first","17":"outofstock","18":"featured","19":"taxable","20":"shipping-taxable","21":"purchasable","22":"product-type-simple"},"jetpack_sharing_enabled":true,"_links":{"self":[{"href":"https:\/\/www.hetmanjewelry.com\/en\/wp-json\/wp\/v2\/product\/2425","targetHints":{"allow":["GET"]}}],"collection":[{"href":"https:\/\/www.hetmanjewelry.com\/en\/wp-json\/wp\/v2\/product"}],"about":[{"href":"https:\/\/www.hetmanjewelry.com\/en\/wp-json\/wp\/v2\/types\/product"}],"wp:featuredmedia":[{"embeddable":true,"href":"https:\/\/www.hetmanjewelry.com\/en\/wp-json\/wp\/v2\/media\/2486"}],"wp:attachment":[{"href":"https:\/\/www.hetmanjewelry.com\/en\/wp-json\/wp\/v2\/media?parent=2425"}],"wp:term":[{"taxonomy":"product_brand","embeddable":true,"href":"https:\/\/www.hetmanjewelry.com\/en\/wp-json\/wp\/v2\/product_brand?post=2425"},{"taxonomy":"product_cat","embeddable":true,"href":"https:\/\/www.hetmanjewelry.com\/en\/wp-json\/wp\/v2\/product_cat?post=2425"},{"taxonomy":"product_tag","embeddable":true,"href":"https:\/\/www.hetmanjewelry.com\/en\/wp-json\/wp\/v2\/product_tag?post=2425"}],"curies":[{"name":"wp","href":"https:\/\/api.w.org\/{rel}","templated":true}]}}