{"id":2413,"date":"2024-04-14T11:40:29","date_gmt":"2024-04-14T09:40:29","guid":{"rendered":"https:\/\/www.hetmanjewelry.com\/?post_type=product&#038;p=2413"},"modified":"2025-12-16T21:25:55","modified_gmt":"2025-12-16T20:25:55","slug":"oscypek-ii-naszyjnik-na-rzemieniu","status":"publish","type":"product","link":"https:\/\/www.hetmanjewelry.com\/en\/product\/oscypek-ii-naszyjnik-na-rzemieniu\/","title":{"rendered":"Oscypek II necklace on a strap"},"content":{"rendered":"","protected":false},"excerpt":{"rendered":"<p>Wymiary zawieszki 1,5 cm<\/p>\n<p>Rzemie\u0144 z zapi\u0119ciem ze srebra.<\/p>\n<p>D\u0142ugo\u015b\u0107 do wyboru: 50 cm, 55 cm, 60 cm lub inna.<\/p>\n<p>Najcz\u0119\u015bciej wybierany rozmiar to 55 cm i 60 cm.<\/p>\n<p>Prosimy o wpisanie wybranego rozmiaru w szczeg\u00f3\u0142ach zam\u00f3wienia w koszyku.<\/p>\n<p class=\"p1\"><strong><span class=\"s1\">Hungry for design, people of humor and distance, cooking and eating, help yourself and (show off) the best!\u00a0<\/span><\/strong><\/p>\n<p><strong>Gift wrap? Add information when ordering.<\/strong><\/p>\n<p>If you want to send a gift directly to a specified address, we can include your dedication with the gift.<\/p>","protected":false},"featured_media":2469,"template":"","meta":[],"product_brand":[],"product_cat":[38,84],"product_tag":[66,46,67,68,69,47],"class_list":{"0":"post-2413","1":"product","2":"type-product","3":"status-publish","4":"has-post-thumbnail","6":"product_cat-polishfood","7":"product_cat-dla-niego","8":"product_tag-kuchnia-polska","9":"product_tag-naszyjnik","10":"product_tag-pierog","11":"product_tag-pierogi","12":"product_tag-polskie-jedzenie","13":"product_tag-zawieszka","15":"first","16":"outofstock","17":"featured","18":"taxable","19":"shipping-taxable","20":"purchasable","21":"product-type-simple"},"jetpack_sharing_enabled":true,"_links":{"self":[{"href":"https:\/\/www.hetmanjewelry.com\/en\/wp-json\/wp\/v2\/product\/2413","targetHints":{"allow":["GET"]}}],"collection":[{"href":"https:\/\/www.hetmanjewelry.com\/en\/wp-json\/wp\/v2\/product"}],"about":[{"href":"https:\/\/www.hetmanjewelry.com\/en\/wp-json\/wp\/v2\/types\/product"}],"wp:featuredmedia":[{"embeddable":true,"href":"https:\/\/www.hetmanjewelry.com\/en\/wp-json\/wp\/v2\/media\/2469"}],"wp:attachment":[{"href":"https:\/\/www.hetmanjewelry.com\/en\/wp-json\/wp\/v2\/media?parent=2413"}],"wp:term":[{"taxonomy":"product_brand","embeddable":true,"href":"https:\/\/www.hetmanjewelry.com\/en\/wp-json\/wp\/v2\/product_brand?post=2413"},{"taxonomy":"product_cat","embeddable":true,"href":"https:\/\/www.hetmanjewelry.com\/en\/wp-json\/wp\/v2\/product_cat?post=2413"},{"taxonomy":"product_tag","embeddable":true,"href":"https:\/\/www.hetmanjewelry.com\/en\/wp-json\/wp\/v2\/product_tag?post=2413"}],"curies":[{"name":"wp","href":"https:\/\/api.w.org\/{rel}","templated":true}]}}