{"id":2409,"date":"2024-04-14T11:40:29","date_gmt":"2024-04-14T09:40:29","guid":{"rendered":"https:\/\/www.hetmanjewelry.com\/?post_type=product&#038;p=2409"},"modified":"2025-12-21T19:25:31","modified_gmt":"2025-12-21T18:25:31","slug":"kluski-slaskie-spinki-do-mankietow-2","status":"publish","type":"product","link":"https:\/\/www.hetmanjewelry.com\/en\/product\/kluski-slaskie-spinki-do-mankietow-2\/","title":{"rendered":"Kluski \u015al\u0105skie <br> cufflinks <\/br>"},"content":{"rendered":"","protected":false},"excerpt":{"rendered":"<div class=\"woocommerce-product-details__short-description\">\n<p><strong>Kluski \u015al\u0105skie spinki do mankiet\u00f3w<\/strong><\/p>\n<p>W wersji srebro poz\u0142acane 24-karatowym z\u0142otem.<\/p>\n<p>\u015awietny dodatek dla\u00a0 wszystkich gastrolubnych do ka\u017cdej koszuli i na ka\u017cd\u0105 okazj\u0119.<\/p>\n<p>W niedziel\u0119 obowi\u0105zuj\u0105 tylko te zasady: <strong>gniu\u015b, kula\u0107, warzi\u0107<\/strong> !<\/p>\n<p><strong>Kluska \u015al\u0105ska<\/strong> to ho\u0142d dla niedzielnego obiadu. Bi\u017cuteria dla tych co kochaj\u0105 gotowa\u0107 oraz dla tych co w kuchni niekoniecznie czuj\u0105 si\u0119 jak kluska w wodzie, ale na pewno <strong>kochaj\u0105 je\u015b\u0107<\/strong>! Kluska \u015al\u0105ska to zdecydowanie najsmakowitszy dodatek w ka\u017cdej stylizacji!<\/p>\n<p>R\u0119cznie kulane.<\/p>\n<p>Bezt\u0142uszczowe.<\/p>\n<p>100% wega\u0144skie.<\/p>\n<p><strong>Gift wrap? Add information when ordering.<\/strong><\/p>\n<p>If you want to send a gift directly to a specified address, we can include your dedication with the gift.<\/p>\n<p><strong>Smacznego!<\/strong><\/p>\n<\/div>","protected":false},"featured_media":2463,"template":"","meta":[],"product_brand":[],"product_cat":[84,85],"product_tag":[41,42,66,67,68,69,35,36,86,87],"class_list":{"0":"post-2409","1":"product","2":"type-product","3":"status-publish","4":"has-post-thumbnail","6":"product_cat-dla-niego","7":"product_cat-spinki-do-mankietow","8":"product_tag-kluska-slaska","9":"product_tag-kluski-slaskie","10":"product_tag-kuchnia-polska","11":"product_tag-pierog","12":"product_tag-pierogi","13":"product_tag-polskie-jedzenie","14":"product_tag-slask","15":"product_tag-slaska","16":"product_tag-spinki-do-koszuli","17":"product_tag-spinki-do-mankietow","19":"first","20":"instock","21":"taxable","22":"shipping-taxable","23":"purchasable","24":"product-type-simple"},"jetpack_sharing_enabled":true,"_links":{"self":[{"href":"https:\/\/www.hetmanjewelry.com\/en\/wp-json\/wp\/v2\/product\/2409","targetHints":{"allow":["GET"]}}],"collection":[{"href":"https:\/\/www.hetmanjewelry.com\/en\/wp-json\/wp\/v2\/product"}],"about":[{"href":"https:\/\/www.hetmanjewelry.com\/en\/wp-json\/wp\/v2\/types\/product"}],"wp:featuredmedia":[{"embeddable":true,"href":"https:\/\/www.hetmanjewelry.com\/en\/wp-json\/wp\/v2\/media\/2463"}],"wp:attachment":[{"href":"https:\/\/www.hetmanjewelry.com\/en\/wp-json\/wp\/v2\/media?parent=2409"}],"wp:term":[{"taxonomy":"product_brand","embeddable":true,"href":"https:\/\/www.hetmanjewelry.com\/en\/wp-json\/wp\/v2\/product_brand?post=2409"},{"taxonomy":"product_cat","embeddable":true,"href":"https:\/\/www.hetmanjewelry.com\/en\/wp-json\/wp\/v2\/product_cat?post=2409"},{"taxonomy":"product_tag","embeddable":true,"href":"https:\/\/www.hetmanjewelry.com\/en\/wp-json\/wp\/v2\/product_tag?post=2409"}],"curies":[{"name":"wp","href":"https:\/\/api.w.org\/{rel}","templated":true}]}}