{"id":2407,"date":"2024-04-14T11:40:29","date_gmt":"2024-04-14T09:40:29","guid":{"rendered":"https:\/\/www.hetmanjewelry.com\/?post_type=product&#038;p=2407"},"modified":"2025-12-16T21:25:51","modified_gmt":"2025-12-16T20:25:51","slug":"obwarzanek-spinki-do-mankietow-2","status":"publish","type":"product","link":"https:\/\/www.hetmanjewelry.com\/en\/product\/obwarzanek-spinki-do-mankietow-2\/","title":{"rendered":"Bagel <br> cufflinks <\/br>"},"content":{"rendered":"","protected":false},"excerpt":{"rendered":"<div class=\"woocommerce-product-details__short-description\">\n<p><strong>Obwarzanki spinki do mankiet\u00f3w<\/strong><\/p>\n<p>W wersji srebro poz\u0142acane 24-karatowym z\u0142otem.<\/p>\n<p>\u015awietny dodatek dla\u00a0 wszystkich gastrolubnych do ka\u017cdej koszuli i na ka\u017cd\u0105 okazj\u0119.<\/p>\n<p>&nbsp;<\/p>\n<\/div>\n<p>Obwarzanek to jedzeniowy symbol Krakowa. Jest wytrawnym pieczywem posypanym makiem, sezamem lub sol\u0105. Kszta\u0142tem przypomina pier\u015bcie\u0144 o splocie przypominaj\u0105cym zawini\u0119ty warkocz. Pierwsze historyczne wzmianki pochodz\u0105 z XIV w.\u00a0 <span class=\"s1\">Z\u0142oty wieniec rozkoszy podniebienia. <\/span><span class=\"s1\">Warkocz Anielski. <\/span><span class=\"s1\">Kszta\u0142t przyjemno\u015bci.<\/span> Czy wiesz, \u017ce \u015brednia dzienna produkcja obwarzank\u00f3w sprzedawanych na rynku krakowskim w dni powszednie wynosi niemal 150 tysi\u0119cy sztuk?!<\/p>\n<p>&nbsp;<\/p>\n<p><strong>Gift wrap? Add information when ordering.<\/strong><\/p>\n<p>If you want to send a gift directly to a specified address, we can include your dedication with the gift.<\/p>","protected":false},"featured_media":2457,"template":"","meta":[],"product_brand":[],"product_cat":[84,85],"product_tag":[91,66,92,69,86,87],"class_list":{"0":"post-2407","1":"product","2":"type-product","3":"status-publish","4":"has-post-thumbnail","6":"product_cat-dla-niego","7":"product_cat-spinki-do-mankietow","8":"product_tag-bajgiel","9":"product_tag-kuchnia-polska","10":"product_tag-obwarzanek","11":"product_tag-polskie-jedzenie","12":"product_tag-spinki-do-koszuli","13":"product_tag-spinki-do-mankietow","15":"first","16":"instock","17":"taxable","18":"shipping-taxable","19":"purchasable","20":"product-type-simple"},"jetpack_sharing_enabled":true,"_links":{"self":[{"href":"https:\/\/www.hetmanjewelry.com\/en\/wp-json\/wp\/v2\/product\/2407","targetHints":{"allow":["GET"]}}],"collection":[{"href":"https:\/\/www.hetmanjewelry.com\/en\/wp-json\/wp\/v2\/product"}],"about":[{"href":"https:\/\/www.hetmanjewelry.com\/en\/wp-json\/wp\/v2\/types\/product"}],"wp:featuredmedia":[{"embeddable":true,"href":"https:\/\/www.hetmanjewelry.com\/en\/wp-json\/wp\/v2\/media\/2457"}],"wp:attachment":[{"href":"https:\/\/www.hetmanjewelry.com\/en\/wp-json\/wp\/v2\/media?parent=2407"}],"wp:term":[{"taxonomy":"product_brand","embeddable":true,"href":"https:\/\/www.hetmanjewelry.com\/en\/wp-json\/wp\/v2\/product_brand?post=2407"},{"taxonomy":"product_cat","embeddable":true,"href":"https:\/\/www.hetmanjewelry.com\/en\/wp-json\/wp\/v2\/product_cat?post=2407"},{"taxonomy":"product_tag","embeddable":true,"href":"https:\/\/www.hetmanjewelry.com\/en\/wp-json\/wp\/v2\/product_tag?post=2407"}],"curies":[{"name":"wp","href":"https:\/\/api.w.org\/{rel}","templated":true}]}}