{"id":2403,"date":"2024-04-14T11:40:28","date_gmt":"2024-04-14T09:40:28","guid":{"rendered":"https:\/\/www.hetmanjewelry.com\/?post_type=product&#038;p=2403"},"modified":"2025-12-16T02:26:01","modified_gmt":"2025-12-16T01:26:01","slug":"pierscionek-obwarzanek-duzy-srebro","status":"publish","type":"product","link":"https:\/\/www.hetmanjewelry.com\/en\/product\/pierscionek-obwarzanek-duzy-srebro\/","title":{"rendered":"Large silver donut ring"},"content":{"rendered":"","protected":false},"excerpt":{"rendered":"<p><strong>Pier\u015bcionek Obwarzanek<\/strong><\/p>\n<p>Silver 925<\/p>\n<p><strong>Gift wrap? Add information when ordering.<\/strong><\/p>\n<p>If you want to send a gift directly to a specified address, we can include your dedication with the gift.<\/p>\n<p><strong>W przypadku informacji: Produkt na zam\u00f3wienie &#8211; realizacja w ci\u0105gu 14 dni roboczych<\/strong><\/p>\n<p><strong>Tutaj mo\u017cesz sprawdzi\u0107 tabel\u0119 rozmiar\u00f3w pier\u015bcionk\u00f3w\u00a0<a href=\"https:\/\/www.hetmanjewelry.com\/tabela-rozmiarow\/\">TABELA ROZMIAR\u00d3W<\/a><\/strong><\/p>\n<p class=\"p1\"><strong><span class=\"s1\">Smacznego! <\/span><\/strong><\/p>","protected":false},"featured_media":2101,"template":"","meta":[],"product_brand":[],"product_cat":[38,90,61],"product_tag":[66,89,62,69],"class_list":{"0":"post-2403","1":"product","2":"type-product","3":"status-publish","4":"has-post-thumbnail","6":"product_cat-polishfood","7":"product_cat-obwarzanki","8":"product_cat-pierscionki","9":"product_tag-kuchnia-polska","10":"product_tag-oscypek","11":"product_tag-pierscionek","12":"product_tag-polskie-jedzenie","14":"first","15":"outofstock","16":"featured","17":"taxable","18":"shipping-taxable","19":"purchasable","20":"product-type-variable"},"jetpack_sharing_enabled":true,"_links":{"self":[{"href":"https:\/\/www.hetmanjewelry.com\/en\/wp-json\/wp\/v2\/product\/2403","targetHints":{"allow":["GET"]}}],"collection":[{"href":"https:\/\/www.hetmanjewelry.com\/en\/wp-json\/wp\/v2\/product"}],"about":[{"href":"https:\/\/www.hetmanjewelry.com\/en\/wp-json\/wp\/v2\/types\/product"}],"wp:featuredmedia":[{"embeddable":true,"href":"https:\/\/www.hetmanjewelry.com\/en\/wp-json\/wp\/v2\/media\/2101"}],"wp:attachment":[{"href":"https:\/\/www.hetmanjewelry.com\/en\/wp-json\/wp\/v2\/media?parent=2403"}],"wp:term":[{"taxonomy":"product_brand","embeddable":true,"href":"https:\/\/www.hetmanjewelry.com\/en\/wp-json\/wp\/v2\/product_brand?post=2403"},{"taxonomy":"product_cat","embeddable":true,"href":"https:\/\/www.hetmanjewelry.com\/en\/wp-json\/wp\/v2\/product_cat?post=2403"},{"taxonomy":"product_tag","embeddable":true,"href":"https:\/\/www.hetmanjewelry.com\/en\/wp-json\/wp\/v2\/product_tag?post=2403"}],"curies":[{"name":"wp","href":"https:\/\/api.w.org\/{rel}","templated":true}]}}