{"id":2380,"date":"2024-04-14T11:40:19","date_gmt":"2024-04-14T09:40:19","guid":{"rendered":"https:\/\/www.hetmanjewelry.com\/?post_type=product&#038;p=2380"},"modified":"2026-04-02T00:54:06","modified_gmt":"2026-04-01T22:54:06","slug":"kluska-slaska-pierscionek-maly-srebro","status":"publish","type":"product","link":"https:\/\/www.hetmanjewelry.com\/en\/product\/kluska-slaska-pierscionek-maly-srebro\/","title":{"rendered":"Kluska \u015al\u0105ska small silver ring"},"content":{"rendered":"","protected":false},"excerpt":{"rendered":"<p><strong>Kluska \u015al\u0105ska pier\u015bcionek ma\u0142y<\/strong><\/p>\n<p>Silver 925<\/p>\n<p>W niedziel\u0119 obowi\u0105zuj\u0105 tylko te zasady: <strong>gniu\u015b, kula\u0107, warzi\u0107<\/strong> !<\/p>\n<p><strong>Kluska \u015al\u0105ska<\/strong> to ho\u0142d dla niedzielnego obiadu. Bi\u017cuteria dla tych co kochaj\u0105 gotowa\u0107 oraz dla tych co w kuchni niekoniecznie czuj\u0105 si\u0119 jak kluska w wodzie, ale na pewno <strong>kochaj\u0105 je\u015b\u0107<\/strong>! Kluska \u015al\u0105ska to zdecydowanie najsmakowitszy dodatek w ka\u017cdej stylizacji!<\/p>\n<p>Pier\u015bcionek dost\u0119pny w dw\u00f3ch rozmiarach w wersji fit i na t\u0142usto.<\/p>\n<p>R\u0119cznie kulane.<\/p>\n<p>Bezt\u0142uszczowe.<\/p>\n<p>100% wega\u0144skie.<\/p>\n<p><strong>Gift wrap? Add information when ordering.<\/strong><\/p>\n<p>If you want to send a gift directly to a specified address, we can include your dedication with the gift.<\/p>\n<p>&nbsp;<\/p>\n<p><strong>W przypadku informacji: <\/strong><\/p>\n<p><strong>Produkt na zam\u00f3wienie \u2013 realizacja w ci\u0105gu 14 dni roboczych<\/strong><\/p>\n<p><strong>Tutaj mo\u017cesz sprawdzi\u0107 tabel\u0119 rozmiar\u00f3w pier\u015bcionk\u00f3w\u00a0<a href=\"https:\/\/www.hetmanjewelry.com\/tabela-rozmiarow\/\">TABELA ROZMIAR\u00d3W<\/a><\/strong><\/p>","protected":false},"featured_media":1834,"template":"","meta":[],"product_brand":[],"product_cat":[38,40,61],"product_tag":[66,89,62,69],"class_list":{"0":"post-2380","1":"product","2":"type-product","3":"status-publish","4":"has-post-thumbnail","6":"product_cat-polishfood","7":"product_cat-kluski-slaskie","8":"product_cat-pierscionki","9":"product_tag-kuchnia-polska","10":"product_tag-oscypek","11":"product_tag-pierscionek","12":"product_tag-polskie-jedzenie","14":"first","15":"outofstock","16":"taxable","17":"shipping-taxable","18":"purchasable","19":"product-type-variable"},"jetpack_sharing_enabled":true,"_links":{"self":[{"href":"https:\/\/www.hetmanjewelry.com\/en\/wp-json\/wp\/v2\/product\/2380","targetHints":{"allow":["GET"]}}],"collection":[{"href":"https:\/\/www.hetmanjewelry.com\/en\/wp-json\/wp\/v2\/product"}],"about":[{"href":"https:\/\/www.hetmanjewelry.com\/en\/wp-json\/wp\/v2\/types\/product"}],"wp:featuredmedia":[{"embeddable":true,"href":"https:\/\/www.hetmanjewelry.com\/en\/wp-json\/wp\/v2\/media\/1834"}],"wp:attachment":[{"href":"https:\/\/www.hetmanjewelry.com\/en\/wp-json\/wp\/v2\/media?parent=2380"}],"wp:term":[{"taxonomy":"product_brand","embeddable":true,"href":"https:\/\/www.hetmanjewelry.com\/en\/wp-json\/wp\/v2\/product_brand?post=2380"},{"taxonomy":"product_cat","embeddable":true,"href":"https:\/\/www.hetmanjewelry.com\/en\/wp-json\/wp\/v2\/product_cat?post=2380"},{"taxonomy":"product_tag","embeddable":true,"href":"https:\/\/www.hetmanjewelry.com\/en\/wp-json\/wp\/v2\/product_tag?post=2380"}],"curies":[{"name":"wp","href":"https:\/\/api.w.org\/{rel}","templated":true}]}}